{"id":731,"date":"2015-12-23T06:05:32","date_gmt":"2015-12-23T06:05:32","guid":{"rendered":"http:\/\/hdgpublicadjusters.com\/tipos-de-reclamaciones\/tornado\/"},"modified":"2019-07-18T19:39:18","modified_gmt":"2019-07-18T19:39:18","slug":"tornado","status":"publish","type":"page","link":"https:\/\/hdgpublicadjusters.com\/es\/tipos-de-reclamos\/tornado\/","title":{"rendered":"DA\u00d1OS POR TORNADOS"},"content":{"rendered":"[vc_row][vc_column][vc_empty_space][vc_column_text]\n<h1><strong>DA\u00d1OS POR TORNADOS<\/strong><\/h1>\n[\/vc_column_text][\/vc_column][\/vc_row][vc_row][vc_column width=\u00bb2\/3&#8243;][vc_column_text]<a href=\"http:\/\/hdgpublicadjusters.com\/wp-content\/uploads\/2015\/12\/tornado.jpg\"><img loading=\"lazy\" decoding=\"async\" class=\"wp-image-358 size-full alignleft\" src=\"http:\/\/hdgpublicadjusters.com\/wp-content\/uploads\/2015\/12\/tornado.jpg\" alt=\"\" width=\"470\" height=\"390\" \/><\/a><\/p>\n<p><span style=\"font-weight: 400;\">Comenzar con un proceso de reclamaci\u00f3n de tornado puede ser una tarea dif\u00edcil. Usted est\u00e1 lidiando con una posible p\u00e9rdida catastr\u00f3fica de la cual es dif\u00edcil recuperarse. Aseg\u00farese de tener a su lado un buen ajustador p\u00fablico para ayudarlo en el proceso y obtener lo que necesita para una recuperaci\u00f3n completa.<\/span><\/p>\n<p><span style=\"font-weight: 400;\">Sea consciente de obtener un pago de la compa\u00f1\u00eda de seguros directamente y no firme su pago a un contratista externo. Tambi\u00e9n puede solicitar un pago por adelantado para ayudar a iniciar el proceso antes.<\/span><\/p>\n<p><span style=\"font-weight: 400;\">Est\u00e9 atento al \u00abinforme de reparaci\u00f3n de da\u00f1os\u00bb de la compa\u00f1\u00eda de seguros y solicite uno de inmediato si no le ha proporcionado uno de manera oportuna.<\/span><\/p>\n<p><span style=\"font-weight: 400;\">No se confunda con la terminolog\u00eda de \u00ab10 por 10\u00bb que se refiere al est\u00e1ndar del 10% extra para gastos generales y otro 10% adicional para la ganancia del contratista que puede incluirse en la p\u00f3liza y que a veces se paga como parte de la reclamaci\u00f3n. Esto puede ser un \u00e1rea dif\u00edcil del proceso de reclamaciones y es mejor obtener una opini\u00f3n profesional sobre c\u00f3mo manejarlo.<\/span>[\/vc_column_text][vc_empty_space][vc_empty_space][vc_empty_space][vc_cta h2=\u00bb\u00bb style=\u00bb3d\u00bb color=\u00bbturquoise\u00bb add_button=\u00bbright\u00bb btn_title=\u00bbREVISI\u00d3N DE RECLAMO GRATIS\u00bb btn_style=\u00bb3d\u00bb btn_color=\u00bbblack\u00bb btn_align=\u00bbright\u00bb btn_button_block=\u00bbtrue\u00bb btn_add_icon=\u00bbtrue\u00bb btn_link=\u00bburl:http%3A%2F%2Fhdgpublicadjusters.com%2Fes%2Fcontacto%2F|||\u00bb]\n<h2>\u00a1OBTENGA UNA REVISI\u00d3N DE RECLAMACI\u00d3N GRATIS!<\/h2>\n<h3>LLAME AL 813-770-5415<\/h3>\n[\/vc_cta][vc_empty_space][\/vc_column][vc_column width=\u00bb1\/3&#8243;][vc_column_text]<strong>TIPOS DE TORNADOS<\/strong><\/p>\n<p><span style=\"font-weight: 400;\"><strong>Supercelda:<\/strong> estos tornados provienen de tormentas supercelda y son los m\u00e1s comunes y a menudo, los m\u00e1s peligrosos.<\/span><\/p>\n<p><span style=\"font-weight: 400;\"><strong>No-supercelda<\/strong>: estos tornados son circulaciones que se forman a partir de una parcela de aire que gira verticalmente que ya est\u00e1 cerca del suelo, como un Gustnado, Landspout o Waterspout.<\/span>[\/vc_column_text][\/vc_column][\/vc_row]\n","protected":false},"excerpt":{"rendered":"<p>[vc_row][vc_column][vc_empty_space][vc_column_text]<br \/>\nDA\u00d1OS POR TORNADOS<br \/>\n[\/vc_column_text][\/vc_column][\/vc_row][vc_row][vc_column width=\u00bb2\/3&#8243;][vc_column_text]<\/p>\n<p>Comenzar con un proceso de reclamaci\u00f3n de tornado puede ser una tarea dif\u00edcil. Usted est\u00e1 lidiando con una posible p\u00e9rdida catastr\u00f3fica de la cual es dif\u00edcil recuperarse. Aseg\u00farese de tener a su lado un buen ajustador p\u00fablico para ayudarlo en el proceso y obtener lo que necesita para una recuperaci\u00f3n completa.<\/p>\n<p>Sea consciente de obtener un pago de la compa\u00f1\u00eda de seguros directamente y no firme su pago a un contratista externo. Tambi\u00e9n puede solicitar un pago por adelantado para ayudar a iniciar el proceso antes.<\/p>\n<p>Est\u00e9 atento al<\/p>\n","protected":false},"author":1,"featured_media":0,"parent":578,"menu_order":0,"comment_status":"closed","ping_status":"closed","template":"page-fullwidth.php","meta":{"footnotes":""},"class_list":["post-731","page","type-page","status-publish","hentry"],"_links":{"self":[{"href":"https:\/\/hdgpublicadjusters.com\/es\/wp-json\/wp\/v2\/pages\/731","targetHints":{"allow":["GET"]}}],"collection":[{"href":"https:\/\/hdgpublicadjusters.com\/es\/wp-json\/wp\/v2\/pages"}],"about":[{"href":"https:\/\/hdgpublicadjusters.com\/es\/wp-json\/wp\/v2\/types\/page"}],"author":[{"embeddable":true,"href":"https:\/\/hdgpublicadjusters.com\/es\/wp-json\/wp\/v2\/users\/1"}],"replies":[{"embeddable":true,"href":"https:\/\/hdgpublicadjusters.com\/es\/wp-json\/wp\/v2\/comments?post=731"}],"version-history":[{"count":9,"href":"https:\/\/hdgpublicadjusters.com\/es\/wp-json\/wp\/v2\/pages\/731\/revisions"}],"predecessor-version":[{"id":978,"href":"https:\/\/hdgpublicadjusters.com\/es\/wp-json\/wp\/v2\/pages\/731\/revisions\/978"}],"up":[{"embeddable":true,"href":"https:\/\/hdgpublicadjusters.com\/es\/wp-json\/wp\/v2\/pages\/578"}],"wp:attachment":[{"href":"https:\/\/hdgpublicadjusters.com\/es\/wp-json\/wp\/v2\/media?parent=731"}],"curies":[{"name":"wp","href":"https:\/\/api.w.org\/{rel}","templated":true}]}}