{"id":726,"date":"2015-12-23T05:36:43","date_gmt":"2015-12-23T05:36:43","guid":{"rendered":"http:\/\/hdgpublicadjusters.com\/tipos-de-reclamaciones\/theft\/"},"modified":"2019-07-18T19:39:14","modified_gmt":"2019-07-18T19:39:14","slug":"robo-y-vandalismo","status":"publish","type":"page","link":"https:\/\/hdgpublicadjusters.com\/es\/tipos-de-reclamos\/robo-y-vandalismo\/","title":{"rendered":"ROBO Y VANDALISMO"},"content":{"rendered":"[vc_row][vc_column][vc_empty_space][vc_column_text]\n<h1><strong>DA\u00d1OS POR ROBO Y VANDALISMO<\/strong><\/h1>\n[\/vc_column_text][\/vc_column][\/vc_row][vc_row][vc_column width=\u00bb2\/3&#8243;][vc_column_text]<a href=\"http:\/\/hdgpublicadjusters.com\/wp-content\/uploads\/2015\/12\/theft-1.jpg\"><img loading=\"lazy\" decoding=\"async\" class=\"wp-image-354 size-full alignleft\" src=\"http:\/\/hdgpublicadjusters.com\/wp-content\/uploads\/2015\/12\/theft-1.jpg\" alt=\"\" width=\"470\" height=\"390\" \/><\/a><\/p>\n<p><span style=\"font-weight: 400;\">Aunque los reclamos de robo \/ vandalismo son muy comunes, pueden ser algunos de los asuntos m\u00e1s complicados y que requieren m\u00e1s tiempo para resolver. Lidiar con\u00a0 robo y vandalismo requiere especial atenci\u00f3n a los detalles. La agencia de seguros querr\u00e1 saber si se robaron algo y si usted puede comprobar que es suyo. Adem\u00e1s, si hubo da\u00f1os a la propiedad durante el robo o vandalismo, deber\u00e1 tenerse en cuenta.<\/span><\/p>\n<p><span style=\"font-weight: 400;\">Los informes policiales sobre el robo o vandalismo a menudo se enviar\u00e1n a la agencia de seguros. Aseg\u00farese de que el informe sea detallado con respecto a la lista de art\u00edculos robados o da\u00f1ados. Si se descubre m\u00e1s adelante que algo m\u00e1s falta , aseg\u00farese de actualizar el informe policial.<\/span><\/p>\n<p><span style=\"font-weight: 400;\">Es necesario tener en cuenta la propiedad y el valor de los art\u00edculos. Se utilizar\u00e1n los registros de\u00a0 compra u otros registros que contengan informaci\u00f3n. Video, fotos, recibos, estados de cuenta de tarjetas de cr\u00e9dito y evaluaciones ser\u00e1n \u00fatiles para comprobar propiedad y valor.<\/span><\/p>\n<p><span style=\"font-weight: 400;\">Si no se puede demostrar propiedad de lo robado, la compa\u00f1\u00eda de seguros puede solicitar una EUO u obtener una declaraci\u00f3n del asegurado bajo juramento. Esto seguido de una solicitud de declaraciones de impuestos y declaraciones de ingresos\u00a0<\/span>[\/vc_column_text][vc_empty_space][vc_empty_space][vc_cta h2=\u00bb\u00bb style=\u00bb3d\u00bb color=\u00bbturquoise\u00bb add_button=\u00bbright\u00bb btn_title=\u00bbREVISI\u00d3N DE RECLAMACI\u00d3N GRATIS\u00bb btn_style=\u00bb3d\u00bb btn_color=\u00bbblack\u00bb btn_align=\u00bbright\u00bb btn_button_block=\u00bbtrue\u00bb btn_add_icon=\u00bbtrue\u00bb btn_link=\u00bburl:http%3A%2F%2Fhdgpublicadjusters.com%2Fes%2Fcontacto%2F|||\u00bb]<strong>\u00a1OBTENGA UNA REVISI\u00d3N DE RECLAMACIONES GRATIS!<\/strong><\/p>\n<p><strong>LLAME AL 813-770-5415\u00a0<\/strong>[\/vc_cta][vc_empty_space][\/vc_column][vc_column width=\u00bb1\/3&#8243;][vc_column_text]<strong>ART\u00cdCULOS PROGRAMADOS<\/strong><\/p>\n<p><span style=\"font-weight: 400;\">Es posible que algunos elementos deban programarse de manera agregada a la cobertura habitual provista por la p\u00f3liza. Las evaluaciones proporcionar\u00e1n el valor sugerido y la p\u00f3liza incluir\u00e1 l\u00edmites y una cantidad m\u00e1xima para ciertos art\u00edculos programados en caso de un robo. Tenga en cuenta que las evaluaciones var\u00edan seg\u00fan el tasador y es posible que desee solicitar el nombre del tasador que utiliza la compa\u00f1\u00eda de seguros para minimizar la posibilidad de que la compa\u00f1\u00eda de seguros le otorgue un acuerdo diferente en funci\u00f3n de lo que ellos consideran que se valoran los art\u00edculos.<\/span>[\/vc_column_text][\/vc_column][\/vc_row]\n","protected":false},"excerpt":{"rendered":"<p>[vc_row][vc_column][vc_empty_space][vc_column_text]<br \/>\nDA\u00d1OS POR ROBO Y VANDALISMO<br \/>\n[\/vc_column_text][\/vc_column][\/vc_row][vc_row][vc_column width=\u00bb2\/3&#8243;][vc_column_text]<\/p>\n<p>Aunque los reclamos de robo \/ vandalismo son muy comunes, pueden ser algunos de los asuntos m\u00e1s complicados y que requieren m\u00e1s tiempo para resolver. Lidiar con\u00a0 robo y vandalismo requiere especial atenci\u00f3n a los detalles. La agencia de seguros querr\u00e1 saber si se robaron algo y si usted puede comprobar que es suyo. Adem\u00e1s, si hubo da\u00f1os a la propiedad durante el robo o vandalismo, deber\u00e1 tenerse en cuenta.<\/p>\n<p>Los informes policiales sobre el robo o vandalismo a menudo se enviar\u00e1n a la agencia de<\/p>\n","protected":false},"author":1,"featured_media":0,"parent":578,"menu_order":0,"comment_status":"closed","ping_status":"closed","template":"page-fullwidth.php","meta":{"footnotes":""},"class_list":["post-726","page","type-page","status-publish","hentry"],"_links":{"self":[{"href":"https:\/\/hdgpublicadjusters.com\/es\/wp-json\/wp\/v2\/pages\/726","targetHints":{"allow":["GET"]}}],"collection":[{"href":"https:\/\/hdgpublicadjusters.com\/es\/wp-json\/wp\/v2\/pages"}],"about":[{"href":"https:\/\/hdgpublicadjusters.com\/es\/wp-json\/wp\/v2\/types\/page"}],"author":[{"embeddable":true,"href":"https:\/\/hdgpublicadjusters.com\/es\/wp-json\/wp\/v2\/users\/1"}],"replies":[{"embeddable":true,"href":"https:\/\/hdgpublicadjusters.com\/es\/wp-json\/wp\/v2\/comments?post=726"}],"version-history":[{"count":9,"href":"https:\/\/hdgpublicadjusters.com\/es\/wp-json\/wp\/v2\/pages\/726\/revisions"}],"predecessor-version":[{"id":979,"href":"https:\/\/hdgpublicadjusters.com\/es\/wp-json\/wp\/v2\/pages\/726\/revisions\/979"}],"up":[{"embeddable":true,"href":"https:\/\/hdgpublicadjusters.com\/es\/wp-json\/wp\/v2\/pages\/578"}],"wp:attachment":[{"href":"https:\/\/hdgpublicadjusters.com\/es\/wp-json\/wp\/v2\/media?parent=726"}],"curies":[{"name":"wp","href":"https:\/\/api.w.org\/{rel}","templated":true}]}}