{"id":721,"date":"2015-12-07T19:51:29","date_gmt":"2015-12-07T19:51:29","guid":{"rendered":"http:\/\/hdgpublicadjusters.com\/tipos-de-reclamaciones\/hail\/"},"modified":"2019-07-18T19:39:04","modified_gmt":"2019-07-18T19:39:04","slug":"danos-por-granizo","status":"publish","type":"page","link":"https:\/\/hdgpublicadjusters.com\/es\/tipos-de-reclamos\/danos-por-granizo\/","title":{"rendered":"DA\u00d1OS POR GRANIZO"},"content":{"rendered":"[vc_row][vc_column][vc_empty_space][vc_column_text]\n<h1>DA\u00d1OS POR GRANIZO<\/h1>\n<p><span style=\"font-weight: 400;\">El da\u00f1o en el techo puede ocurrir de maneras diferentes: por tormentas severas, vientos, granizo, hundimientos, entre otras causas. El techo de su vivienda es muy importante y si se rompe puede resultar en una falla catastr\u00f3fica. Investigaciones han demostrado que la extracci\u00f3n del panel del techo puede resultar en un aumento de las p\u00e9rdidas totales de alrededor del 80%. El mantenimiento y el cuidado del techo deben tomarse en serio, ya que esta es una parte vital de su vivienda y cuando se rompe puede ser muy perjudicial.<\/span>[\/vc_column_text][vc_empty_space][\/vc_column][\/vc_row][vc_row][vc_column width=\u00bb2\/3&#8243;][vc_column_text]\n<h2><strong><span style=\"font-weight: 400;\">RECLAMO POR DA\u00d1OS POR GRANIZO<\/span><\/strong><\/h2>\n[\/vc_column_text][vc_column_text css=\u00bb.vc_custom_1563476729640{padding-left: 5px !important;}\u00bb]<a href=\"http:\/\/hdgpublicadjusters.com\/wp-content\/uploads\/2015\/12\/hail.jpg\" rel=\"attachment wp-att-305\"><img loading=\"lazy\" decoding=\"async\" class=\"size-full wp-image-305 alignleft\" src=\"http:\/\/hdgpublicadjusters.com\/wp-content\/uploads\/2015\/12\/hail.jpg\" alt=\"hail\" width=\"470\" height=\"390\" \/><\/a><\/p>\n<p><span style=\"font-weight: 400;\">Los fuertes vientos pueden causar estragos en un techo. La presi\u00f3n del viento puede torcer la estructura en techos planos y hacer que techo y clavos se separen y provoquen voladuras. Este puede ser un tipo de reclamo dif\u00edcil de manejar ya que puede no haber acuerdo en cuanto a la causa de los da\u00f1os. Aseg\u00farese de tener a un Ajustador P\u00fablico de HDG a su lado para ayudarle con su reclamo.<\/span><\/p>\n<p><span style=\"font-weight: 400;\">Las tormentas severas en Florida pueden provocar da\u00f1os por granizo en su propiedad o negocio. Cuando el da\u00f1o es lo suficientemente grave, las reclamaciones son f\u00e1ciles de probar. Sin embargo, si el ajustador de seguros que se env\u00eda no tiene suficiente experiencia en la determinaci\u00f3n de da\u00f1os por granizo, puede o no estar de acuerdo con su evaluaci\u00f3n.<\/span><\/p>\n<p><span style=\"font-weight: 400;\">Incluso si tiene un proceso de reclamaciones exitoso, esto no significa que obtendr\u00e1 los fondos necesarios. Aseg\u00farese de tener a su lado un ajustador p\u00fablico experimentado para poder obtener el valor correcto por los da\u00f1os en el techo.<\/span>[\/vc_column_text][vc_empty_space][vc_cta h2=\u00bb\u00bb style=\u00bb3d\u00bb color=\u00bbturquoise\u00bb add_button=\u00bbright\u00bb btn_title=\u00bbREVISI\u00d3N DE RECLAMO GRATIS\u00bb btn_style=\u00bb3d\u00bb btn_color=\u00bbblack\u00bb btn_align=\u00bbright\u00bb btn_button_block=\u00bbtrue\u00bb btn_add_icon=\u00bbtrue\u00bb btn_link=\u00bburl:http%3A%2F%2Fhdgpublicadjusters.com%2Fes%2Fcontacto%2F|||\u00bb]\n<h3><span style=\"font-weight: 400;\">\u00a1OBTENGA UNA REVISI\u00d3N DE RECLAMACIONES GRATIS!<\/span><\/h3>\n<h4><span style=\"font-weight: 400;\">LLAME AL 813-770-5415\u00a0<\/span><\/h4>\n[\/vc_cta][vc_empty_space][\/vc_column][vc_column width=\u00bb1\/3&#8243;][vc_column_text]\n<h3><strong>\u00bfC\u00f3mo es el da\u00f1o por granizo?<\/strong><\/h3>\n<p><strong>Las tejas de asfalto mostrar\u00e1n:<\/strong><\/p>\n<ul>\n<li>Aspecto brillante.<\/li>\n<li>Marcas de impacto de color negro.<\/li>\n<li>P\u00e9rdida de gr\u00e1nulos o techo expuesto.<\/li>\n<li>Puntos blandos por los impactos del granizo.<\/li>\n<li>Da\u00f1os aleatorios, sin patr\u00f3n.<\/li>\n<\/ul>\n<p><strong>Las tejas de madera mostrar\u00e1n:<\/strong><\/p>\n<ul>\n<li>Da\u00f1o aleatorio sin patr\u00f3n perceptible.<\/li>\n<li>Una divisi\u00f3n en la teja de color marr\u00f3n \/ naranja.<\/li>\n<li>Una divisi\u00f3n en la teja que tiene esquinas y bordes afilados.<\/li>\n<li>Una divisi\u00f3n en la teja que tiene poco o ning\u00fan deterioro en los bordes.<\/li>\n<li>Abolladuras y marcas de impacto.<\/li>\n<\/ul>\n[\/vc_column_text][\/vc_column][\/vc_row]\n","protected":false},"excerpt":{"rendered":"<p>[vc_row][vc_column][vc_empty_space][vc_column_text]<br \/>\nDA\u00d1OS POR GRANIZO<\/p>\n<p>El da\u00f1o en el techo puede ocurrir de maneras diferentes: por tormentas severas, vientos, granizo, hundimientos, entre otras causas. El techo de su vivienda es muy importante y si se rompe puede resultar en una falla catastr\u00f3fica. Investigaciones han demostrado que la extracci\u00f3n del panel del techo puede resultar en un aumento de las p\u00e9rdidas totales de alrededor del 80%. El mantenimiento y el cuidado del techo deben tomarse en serio, ya que esta es una parte vital de su vivienda y cuando se rompe puede ser muy<\/p>\n","protected":false},"author":1,"featured_media":0,"parent":578,"menu_order":0,"comment_status":"closed","ping_status":"closed","template":"page-fullwidth.php","meta":{"footnotes":""},"class_list":["post-721","page","type-page","status-publish","hentry"],"_links":{"self":[{"href":"https:\/\/hdgpublicadjusters.com\/es\/wp-json\/wp\/v2\/pages\/721","targetHints":{"allow":["GET"]}}],"collection":[{"href":"https:\/\/hdgpublicadjusters.com\/es\/wp-json\/wp\/v2\/pages"}],"about":[{"href":"https:\/\/hdgpublicadjusters.com\/es\/wp-json\/wp\/v2\/types\/page"}],"author":[{"embeddable":true,"href":"https:\/\/hdgpublicadjusters.com\/es\/wp-json\/wp\/v2\/users\/1"}],"replies":[{"embeddable":true,"href":"https:\/\/hdgpublicadjusters.com\/es\/wp-json\/wp\/v2\/comments?post=721"}],"version-history":[{"count":8,"href":"https:\/\/hdgpublicadjusters.com\/es\/wp-json\/wp\/v2\/pages\/721\/revisions"}],"predecessor-version":[{"id":973,"href":"https:\/\/hdgpublicadjusters.com\/es\/wp-json\/wp\/v2\/pages\/721\/revisions\/973"}],"up":[{"embeddable":true,"href":"https:\/\/hdgpublicadjusters.com\/es\/wp-json\/wp\/v2\/pages\/578"}],"wp:attachment":[{"href":"https:\/\/hdgpublicadjusters.com\/es\/wp-json\/wp\/v2\/media?parent=721"}],"curies":[{"name":"wp","href":"https:\/\/api.w.org\/{rel}","templated":true}]}}