{"id":712,"date":"2015-10-16T00:33:25","date_gmt":"2015-10-16T00:33:25","guid":{"rendered":"http:\/\/hdgpublicadjusters.com\/tipos-de-reclamaciones\/plumbing\/"},"modified":"2019-07-17T02:08:17","modified_gmt":"2019-07-17T02:08:17","slug":"danos-por-fugas","status":"publish","type":"page","link":"https:\/\/hdgpublicadjusters.com\/es\/tipos-de-reclamos\/danos-por-fugas\/","title":{"rendered":"DA\u00d1OS POR FUGAS"},"content":{"rendered":"[vc_row][vc_column][vc_empty_space][vc_column_text]\n<h1><strong>DA\u00d1OS POR FUGAS<\/strong><\/h1>\n<p><span style=\"font-weight: 400;\">Las fugas en tuber\u00edas pueden causar un da\u00f1o inmenso si no se atienden r\u00e1pidamente. Las reclamaciones de fugas de plomer\u00eda son muy comunes y se deben manejar de manera oportuna. Algunas reclamaciones pueden no ser aceptadas si se informan despu\u00e9s de que el da\u00f1o tiene 14 o m\u00e1s d\u00edas de antig\u00fcedad. Esto es muy dif\u00edcil para los propietarios de viviendas que no usan la vivienda da\u00f1ada como su residencia principal.<\/span>[\/vc_column_text][vc_empty_space][\/vc_column][\/vc_row][vc_row][vc_column width=\u00bb2\/3&#8243;][vc_column_text]\n<h2>RECLAMO DE DA\u00d1OS POR FUGAS:<\/h2>\n[\/vc_column_text][vc_column_text]<a href=\"http:\/\/hdgpublicadjusters.com\/wp-content\/uploads\/2015\/10\/plumbing.jpg\" rel=\"attachment wp-att-325\"><img loading=\"lazy\" decoding=\"async\" class=\"size-full wp-image-325 alignleft\" src=\"http:\/\/hdgpublicadjusters.com\/wp-content\/uploads\/2015\/10\/plumbing.jpg\" alt=\"plumbing\" width=\"470\" height=\"390\" \/><\/a><\/p>\n<p><span style=\"font-weight: 400;\">El agua puede da\u00f1ar muchos art\u00edculos en su hogar, como pisos, muebles, armarios empotrados, techos. Tambi\u00e9n puede, si no se trata, causar olores desagradables debido a la formaci\u00f3n de moho. Es importante revisar estos problemas y repararlos r\u00e1pidamente.<\/span><\/p>\n<p><span style=\"font-weight: 400;\">La limpieza adecuada durante y despu\u00e9s del secado es muy importante. El uso de desinfectantes ayuda a reducir la propagaci\u00f3n de enfermedades y bacterias.<\/span><\/p>\n<p><span style=\"font-weight: 400;\">Cuando se trata de da\u00f1os por agua negra o da\u00f1os causados \u200b\u200bpor aguas contaminadas de aguas residuales y otras fuentes similares, debe tener cuidado al limpiar esas \u00e1reas.<\/span><\/p>\n<p><span style=\"font-weight: 400;\">No demore en reportar su da\u00f1o, algunas p\u00f3lizas no cubrir\u00e1n su reclamo si la perdida es m\u00e1s antigua que cierto per\u00edodo de tiempo. Revise su p\u00f3liza para ver cu\u00e1nto tiempo tiene para reportar da\u00f1os.<\/span><\/p>\n<p><span style=\"font-weight: 400;\">Las fugas de plomer\u00eda incluyen:<\/span><\/p>\n<ul>\n<li><span style=\"font-weight: 400;\"> Explosiones de tuber\u00eda congelada.<\/span><\/li>\n<li><span style=\"font-weight: 400;\"> Fugas en la tuber\u00eda de drenaje<\/span><\/li>\n<li><span style=\"font-weight: 400;\"> Desbordamientos de inodoro<\/span><\/li>\n<li><span style=\"font-weight: 400;\"> Electrodom\u00e9sticos con fugas<\/span><\/li>\n<li><span style=\"font-weight: 400;\"> Desbordamiento de la ba\u00f1era<\/span><\/li>\n<li><span style=\"font-weight: 400;\">Fugas en el\u00a0 calentador de agua.<\/span><\/li>\n<li><span style=\"font-weight: 400;\"> Fugas en las tuber\u00edas de agua.<\/span><\/li>\n<\/ul>\n[\/vc_column_text][vc_empty_space][vc_cta h2=\u00bb\u00bb style=\u00bb3d\u00bb color=\u00bbturquoise\u00bb add_button=\u00bbright\u00bb btn_title=\u00bbREVISI\u00d3N DE RECLAMACI\u00d3N GRATIS\u00bb btn_style=\u00bb3d\u00bb btn_color=\u00bbblack\u00bb btn_align=\u00bbright\u00bb btn_button_block=\u00bbtrue\u00bb btn_add_icon=\u00bbtrue\u00bb btn_link=\u00bburl:http%3A%2F%2Fhdgpublicadjusters.com%2Fes%2Fcontacto%2F|||\u00bb]\n<h2>\u00a1OBTENGA UNA REVISI\u00d3N DE RECLAMACIONES GRATIS!<\/h2>\n<h3>LLAME AL 813-770-5415<\/h3>\n[\/vc_cta][vc_empty_space][\/vc_column][vc_column width=\u00bb1\/3&#8243;][vc_column_text]\n<h2><strong>TIPOS DE AGUA<\/strong><\/h2>\n<p>Hay tres tipos principales de agua de los que pueden ocurrir da\u00f1os. Agua limpia, agua gris y agua negra.<\/p>\n<p><strong>AGUA LIMPIA<\/strong><\/p>\n<p>El primer tipo se llama agua limpia y proviene directamente de una fuente como l\u00edneas de suministro, electrodom\u00e9sticos o el clima (lluvia).<\/p>\n<p><strong>AGUA GRIS<\/strong><\/p>\n<p>El segundo tipo se llama agua gris y puede ser de desbordante de plomer\u00eda, como inodoros o lavadora y lavaplatos.<\/p>\n<p><strong>AGUA NEGRA<\/strong><\/p>\n<p>El tercer tipo se llama agua negra, lo que significa que las fuentes de agua est\u00e1n contaminadas porque ha estado lejos de su fuente original durante demasiado tiempo.[\/vc_column_text][\/vc_column][\/vc_row]\n","protected":false},"excerpt":{"rendered":"<p>[vc_row][vc_column][vc_empty_space][vc_column_text]<br \/>\nDA\u00d1OS POR FUGAS<\/p>\n<p>Las fugas en tuber\u00edas pueden causar un da\u00f1o inmenso si no se atienden r\u00e1pidamente. Las reclamaciones de fugas de plomer\u00eda son muy comunes y se deben manejar de manera oportuna. Algunas reclamaciones pueden no ser aceptadas si se informan despu\u00e9s de que el da\u00f1o tiene 14 o m\u00e1s d\u00edas de antig\u00fcedad. Esto es muy dif\u00edcil para los propietarios de viviendas que no usan la vivienda da\u00f1ada como su residencia principal.[\/vc_column_text][vc_empty_space][\/vc_column][\/vc_row][vc_row][vc_column width=\u00bb2\/3&#8243;][vc_column_text]<br \/>\nRECLAMO DE DA\u00d1OS POR FUGAS:<br \/>\n[\/vc_column_text][vc_column_text]<\/p>\n<p>El agua puede da\u00f1ar muchos art\u00edculos en su hogar, como pisos, muebles, armarios empotrados,<\/p>\n","protected":false},"author":1,"featured_media":0,"parent":578,"menu_order":0,"comment_status":"closed","ping_status":"closed","template":"page-fullwidth.php","meta":{"footnotes":""},"class_list":["post-712","page","type-page","status-publish","hentry"],"_links":{"self":[{"href":"https:\/\/hdgpublicadjusters.com\/es\/wp-json\/wp\/v2\/pages\/712","targetHints":{"allow":["GET"]}}],"collection":[{"href":"https:\/\/hdgpublicadjusters.com\/es\/wp-json\/wp\/v2\/pages"}],"about":[{"href":"https:\/\/hdgpublicadjusters.com\/es\/wp-json\/wp\/v2\/types\/page"}],"author":[{"embeddable":true,"href":"https:\/\/hdgpublicadjusters.com\/es\/wp-json\/wp\/v2\/users\/1"}],"replies":[{"embeddable":true,"href":"https:\/\/hdgpublicadjusters.com\/es\/wp-json\/wp\/v2\/comments?post=712"}],"version-history":[{"count":8,"href":"https:\/\/hdgpublicadjusters.com\/es\/wp-json\/wp\/v2\/pages\/712\/revisions"}],"predecessor-version":[{"id":967,"href":"https:\/\/hdgpublicadjusters.com\/es\/wp-json\/wp\/v2\/pages\/712\/revisions\/967"}],"up":[{"embeddable":true,"href":"https:\/\/hdgpublicadjusters.com\/es\/wp-json\/wp\/v2\/pages\/578"}],"wp:attachment":[{"href":"https:\/\/hdgpublicadjusters.com\/es\/wp-json\/wp\/v2\/media?parent=712"}],"curies":[{"name":"wp","href":"https:\/\/api.w.org\/{rel}","templated":true}]}}