{"id":708,"date":"2019-07-04T22:27:10","date_gmt":"2019-07-04T22:27:10","guid":{"rendered":"http:\/\/hdgpublicadjusters.com\/?page_id=708"},"modified":"2019-07-09T03:34:25","modified_gmt":"2019-07-09T03:34:25","slug":"dano-por-sinkhole","status":"publish","type":"page","link":"https:\/\/hdgpublicadjusters.com\/es\/tipos-de-reclamos\/dano-por-sinkhole\/","title":{"rendered":"DA\u00d1O POR SUMIDERO"},"content":{"rendered":"[vc_row][vc_column][vc_empty_space][vc_column_text]\n<h1>DA\u00d1O POR SUMIDERO<\/h1>\n<p><span style=\"font-weight: 400;\">El da\u00f1o por sumidero puede ser f\u00e1cil o dif\u00edcil de detectar, lea m\u00e1s para saber c\u00f3mo puede determinar\u00a0 si su casa ha sufrido da\u00f1os por un sumidero en formaci\u00f3n en su propiedad y qu\u00e9 opciones tiene para remediar el problema.<\/span><\/p>\n<p><span style=\"font-weight: 400;\">Es importante comprender qu\u00e9 opciones tiene como titular de la p\u00f3liza para la reparaci\u00f3n de hundimiento de tierra y qui\u00e9n debe participar para solucionar el problema sin pelear con la compa\u00f1\u00eda de seguros. No manejar la reclamaci\u00f3n adecuadamente puede resultar en un problema prolongado, reparaci\u00f3n inadecuada, propiedad devaluada y tiempo perdido.<\/span>[\/vc_column_text][vc_empty_space][\/vc_column][\/vc_row][vc_row][vc_column width=\u00bb2\/3&#8243;][vc_column_text]\n<h2>PONGA SU CASA A PRUEBA. \u00bfPASAR\u00c1?<\/h2>\n<p><a href=\"http:\/\/hdgpublicadjusters.com\/wp-content\/uploads\/2015\/10\/sinkhole3.jpg\"><img loading=\"lazy\" decoding=\"async\" class=\"size-full wp-image-282 alignleft\" src=\"http:\/\/hdgpublicadjusters.com\/wp-content\/uploads\/2015\/10\/sinkhole3.jpg\" alt=\"sinkhole3\" width=\"470\" height=\"390\" \/><\/a><\/p>\n<p>\u00bfEst\u00e1 lidiando con problemas de hundimiento, mal drenaje,\u00a0 asentamiento diferencial, o\u00a0 asentamiento normal que ocurre en un edificio con el tiempo?<\/p>\n<p>Revise los problemas de construcci\u00f3n a continuaci\u00f3n y eche un vistazo a su casa para determinar qu\u00e9 puede estar sucediendo.[\/vc_column_text][vc_empty_space height=\u00bb180px\u00bb][vc_column_text]\n<h2>VERIFIQUE ALREDEDOR DE SU CASA:<\/h2>\n<p><span style=\"font-weight: 400;\">Puertas y ventanas que no se cierran o abren correctamente<\/span><\/p>\n<ul>\n<li><span style=\"font-weight: 400;\"> Pisos progresivamente inclinados.<\/span><\/li>\n<li><span style=\"font-weight: 400;\">Escombros en el agua corriente de la casa.<\/span><\/li>\n<li><span style=\"font-weight: 400;\"> Observar depresiones en su patio o cercas hundidas.<\/span><\/li>\n<li><span style=\"font-weight: 400;\"> Armarios empotrados que se han desarticulado.<\/span><\/li>\n<li><span style=\"font-weight: 400;\"> Brechas entre los gabinetes y la pared.<\/span><\/li>\n<li><span style=\"font-weight: 400;\"> Factura excesiva de servicios p\u00fablicos<\/span><\/li>\n<li><span style=\"font-weight: 400;\"> Separaci\u00f3n entre paredes y techo.<\/span><\/li>\n<li><span style=\"font-weight: 400;\"> Grietas tipo escalera en el interior o exterior de la casa.<\/span><\/li>\n<li><span style=\"font-weight: 400;\"> Zonas de vegetaci\u00f3n muertas en el patio, como redondeles de vegetaci\u00f3n seca.<\/span><\/li>\n<li><span style=\"font-weight: 400;\"> Estanque de retenci\u00f3n vecino o sistemas de drenaje.<\/span><\/li>\n<li><span style=\"font-weight: 400;\"> Grietas que no dejan de crecer.<\/span><\/li>\n<\/ul>\n<h2>\u00bfPOR QU\u00c9 ES IMPORTANTES VERIFICAR ESTO?<\/h2>\n<p><span style=\"font-weight: 400;\">Las casas se asientan con el tiempo y es importante reconocer los problemas que pueden afectar a una casa cuando puede estar ocurriendo un hundimiento.<\/span><\/p>\n<p><span style=\"font-weight: 400;\">Puertas y ventanas:<\/span><\/p>\n<p><span style=\"font-weight: 400;\">Si sus puertas o ventanas de su casa no se abren o cierran correctamente, podr\u00eda ser una se\u00f1al de que los cimientos o el marco de la casa han cambiado y no permitir\u00e1n que la puerta o la ventana funcionen correctamente.<\/span><\/p>\n<p><span style=\"font-weight: 400;\">Pisos inclinados:<\/span><\/p>\n<p><span style=\"font-weight: 400;\">Los pisos con pendiente progresiva pueden indicar que los cimientos de su casa no est\u00e1n sentados en un terreno estable.<\/span><\/p>\n<p><span style=\"font-weight: 400;\">Escombros en el agua:<\/span><\/p>\n<p><span style=\"font-weight: 400;\">Las tuber\u00edas que transportan escombros pueden haberse roto por una base m\u00f3vil<\/span><\/p>\n<p><span style=\"font-weight: 400;\">Depresiones en patio o vallas hundidas:<\/span><\/p>\n<p><span style=\"font-weight: 400;\">Si se abre una depresi\u00f3n en su jard\u00edn, la tierra del suelo puede estar cediendo, a veces es posible que vea una valla hundida porque el suelo se ha vuelto inestable.<\/span><\/p>\n<p><span style=\"font-weight: 400;\">Ebanister\u00eda:<\/span><\/p>\n<p><span style=\"font-weight: 400;\">Los armarios empotrados tambi\u00e9n pueden mostrar signos de estr\u00e9s. Si los gabinetes en su ba\u00f1o o cocina se est\u00e1n alejando de la pared o muestran grietas entre el gabinete y la pared, esto puede indicar que las paredes se han cambiado.<\/span><\/p>\n<p><span style=\"font-weight: 400;\">Factura excesiva de servicios p\u00fablicos:<\/span><\/p>\n<p><span style=\"font-weight: 400;\">Si una tuber\u00eda se ha roto o agrietado debajo de los cimientos de su casa debido al asentamiento del suelo, esto podr\u00eda resultar en facturas de servicios p\u00fablicos anormalmente altas.<\/span><\/p>\n<p><span style=\"font-weight: 400;\">Separaci\u00f3n entre paredes y techo:<\/span><\/p>\n<p><span style=\"font-weight: 400;\">Los cimientos cambiantes pueden afectar el marco de una casa y hacer que las paredes muestren signos de que tiran del techo. Esto puede dar lugar a grietas.<\/span><\/p>\n<p><span style=\"font-weight: 400;\">Grietas de escalones:<\/span><\/p>\n<p><span style=\"font-weight: 400;\">Las grietas tipo escalera son m\u00e1s comunes en la construcci\u00f3n de casas en bloques y muestran que la casa est\u00e1 experimentando tensi\u00f3n en una direcci\u00f3n u otra. Las grietas parecen escaleras que suben por la pared.<\/span><\/p>\n<p><span style=\"font-weight: 400;\">Zonas muertas en el patio:<\/span><\/p>\n<p><span style=\"font-weight: 400;\">Si el suelo ha cambiado lo suficiente como para que no quede tierra para retener el agua, las plantas y la vegetaci\u00f3n pueden comenzar a marchitarse o morir.<\/span><\/p>\n<p><span style=\"font-weight: 400;\">Estanques de retenci\u00f3n:<\/span><\/p>\n<p><span style=\"font-weight: 400;\">Es aconsejable tener en cuenta los estanques de retenci\u00f3n vecinos y c\u00f3mo drenan. Si hay un drenaje deficiente cerca de su hogar, esto podr\u00eda ocasionar problemas para la fundaci\u00f3n, aunque no necesariamente un hundimiento de suelo.<\/span><\/p>\n<p><span style=\"font-weight: 400;\">Grietas crecientes:<\/span><\/p>\n<p><span style=\"font-weight: 400;\">Vigile las grietas en las paredes de su casa, si contin\u00faan creciendo, entonces las paredes se est\u00e1n moviendo.<\/span><\/p>\n<p><span style=\"font-weight: 400;\">En general, estos problemas combinados pueden indicar un problema de hundimiento. Descansa m\u00e1s f\u00e1cil, llama a HDG para obtener una evaluaci\u00f3n al 813-770-5415.<\/span>[\/vc_column_text][vc_row_inner][vc_column_inner][vc_cta h2=\u00bb\u00bb style=\u00bb3d\u00bb color=\u00bbturquoise\u00bb add_button=\u00bbright\u00bb btn_title=\u00bbREVISI\u00d3N DE RECLAMACI\u00d3N GRATIS\u00bb btn_style=\u00bb3d\u00bb btn_color=\u00bbblack\u00bb btn_align=\u00bbright\u00bb btn_i_icon_fontawesome=\u00bbfa fa-pencil-square-o\u00bb btn_button_block=\u00bbtrue\u00bb btn_add_icon=\u00bbtrue\u00bb btn_link=\u00bburl:http%3A%2F%2Fhdgpublicadjusters.com%2Fes%2Fcontacto%2F|||\u00bb]\n<h2>\u00a1OBTENGA UNA REVISI\u00d3N DE RECLAMACIONES GRATIS!<\/h2>\n<h3>LLAME AL 813-770-5415<\/h3>\n[\/vc_cta][vc_empty_space][\/vc_column_inner][\/vc_row_inner][vc_row_inner][vc_column_inner][vc_column_text]\n<h2><strong><a href=\"http:\/\/hdgpublicadjusters.com\/wp-content\/uploads\/2015\/10\/sinkhole1.jpg\"><img loading=\"lazy\" decoding=\"async\" class=\"wp-image-283 size-full alignright\" src=\"http:\/\/hdgpublicadjusters.com\/wp-content\/uploads\/2015\/10\/sinkhole1.jpg\" alt=\"\" width=\"470\" height=\"390\" \/><\/a><\/strong><\/h2>\n<h2><strong>2011 LEGISLATURA DE LA FLORIDA<\/strong><\/h2>\n<p><span style=\"font-weight: 400;\">En 2011, se aprob\u00f3 un nuevo proyecto de ley de seguros en la Legislatura de la Florida que redefine la cobertura de seguro de sumidero. Debido a la gran cantidad de casos fraudulentos de actividad de sumideros y las dificultades para verificar los da\u00f1os relacionados con los sumideros, la legislaci\u00f3n se volvi\u00f3 a redactar en 2011.<\/span><\/p>\n<p><span style=\"font-weight: 400;\">La nueva legislaci\u00f3n ha hecho que el seguro de sumideros para propietarios de viviendas sea opcional o un anexo separado en su p\u00f3liza de seguro de hogar. Por otro lado, las compa\u00f1\u00edas de seguros no est\u00e1n obligadas a proporcionar cobertura, ya que se les permite optar por completo. Ahora cada asegurado debe determinar si la cobertura de sumidero vale la pena tenerla, ya que los nuevos requisitos de lo que constituye un sumidero son mucho m\u00e1s estrictos. Pero en un estado como Florida con sumideros es necesario tenerla o agregarla.<\/span><\/p>\n<p><span style=\"font-weight: 400;\">Consulte a continuaci\u00f3n para obtener m\u00e1s detalles sobre la Legislatura de 2011:<\/span><\/p>\n<p><span style=\"font-weight: 400;\">Seg\u00fan el cap\u00edtulo 627.706<\/span><\/p>\n<p><span style=\"font-weight: 400;\">(1) (a) Toda aseguradora autorizada para realizar transacciones de seguros de propiedad en este estado debe proporcionar cobertura para un colapso catastr\u00f3fico de la cobertura del suelo.<\/span><\/p>\n<p><span style=\"font-weight: 400;\">(a) \u201cColapso catastr\u00f3fico de la cubierta del suelo\u201d significa actividad geol\u00f3gica que resulta en todo lo siguiente:<\/span><\/p>\n<ol>\n<li><span style=\"font-weight: 400;\"> El colapso abrupto de la cubierta del suelo;<\/span><\/li>\n<li><span style=\"font-weight: 400;\"> Una depresi\u00f3n en la cubierta del suelo claramente visible a simple vista;<\/span><\/li>\n<li><span style=\"font-weight: 400;\"> Da\u00f1o estructural al edificio cubierto, incluyendo la cimentaci\u00f3n; y<\/span><\/li>\n<li><span style=\"font-weight: 400;\"> La estructura del asegurado que est\u00e1 siendo condenada y ordenada a desocuparse por la agencia gubernamental autorizada por la ley para emitir una orden de ese tipo para esa estructura.<\/span><\/li>\n<\/ol>\n<p>&nbsp;<\/p>\n<p><span style=\"font-weight: 400;\">(h) \u00abSumidero\u00bb significa una forma de terreno creada por hundimiento de suelo, sedimento o roca a medida que los estratos subyacentes son disueltos por el agua subterr\u00e1nea. Un sumidero se forma al colapsar en vac\u00edos subterr\u00e1neos creados por la disoluci\u00f3n de piedra caliza o dolostona o por hundimiento a medida que estos estratos se disuelven.<\/span><\/p>\n<p><span style=\"font-weight: 400;\">(i) \u201cActividad de sumidero\u201d significa asentamiento o debilitamiento sistem\u00e1tico de la tierra que soporta el edificio cubierto solo si el asentamiento o el debilitamiento sistem\u00e1tico resultan del movimiento contempor\u00e1neo o el arrastre de suelos, sedimentos o materiales rocosos en vac\u00edos subterr\u00e1neos creados por el efecto del agua en Una piedra caliza o formaci\u00f3n rocosa similar.<\/span><\/p>\n<p><span style=\"font-weight: 400;\">(j) \u201cP\u00e9rdida por sumidero\u201d significa da\u00f1o estructural al edificio cubierto, incluida la cimentaci\u00f3n, causado por la actividad del sumidero. La cobertura de contenido y los gastos de subsistencia adicionales se aplican solo si hay da\u00f1os estructurales en el edificio cubierto causados \u200b\u200bpor la actividad del sumidero.<\/span><\/p>\n<p><span style=\"font-weight: 400;\">(k) \u201cDa\u00f1o estructural\u201d significa que un edificio cubierto, independientemente de la fecha de construcci\u00f3n, ha experimentado lo siguiente:<\/span><\/p>\n<p><span style=\"font-weight: 400;\">1-Desplazamiento o desviaci\u00f3n del piso interior que exceda las variaciones aceptables seg\u00fan se define en ACI 117-90 o el C\u00f3digo de construcci\u00f3n de Florida, lo que ocasiona da\u00f1os al interior relacionados con el asentamiento, de modo que la estructura o los miembros del edificio interior no sean aptos para el servicio o representen una peligro de seguridad como se define en el C\u00f3digo de Construcci\u00f3n de la Florida;<\/span><\/p>\n<p><span style=\"font-weight: 400;\">Por Desplazamiento o desviaci\u00f3n de 2 cimientos en exceso de las variaciones aceptables seg\u00fan se define en ACI 318-95 o el C\u00f3digo de construcci\u00f3n de la Florida, que resulta en da\u00f1os relacionados con el asentamiento en los miembros estructurales primarios o sistemas estructurales primarios que impiden que esos miembros o sistemas soporten las cargas y las fuerzas que fueron dise\u00f1adas para soportar en la medida en que el estr\u00e9s en esos miembros estructurales primarios o sistemas estructurales primarios exceda de uno y un tercio de la resistencia nominal permitida bajo el C\u00f3digo de Construcci\u00f3n de la Florida para edificios nuevos de estructura, prop\u00f3sito o ubicaci\u00f3n similares;<\/span><\/p>\n<p><span style=\"font-weight: 400;\">3-Da\u00f1o que resulta en una lista, inclinaci\u00f3n o pandeo de los muros de carga exteriores u otros miembros estructurales primarios verticales hasta el punto de que una l\u00ednea de plomada que pasa a trav\u00e9s del centro de gravedad no caiga dentro del tercio medio de la base como se define en el C\u00f3digo de Construcci\u00f3n de la Florida;<\/span><\/p>\n<p><span style=\"font-weight: 400;\">4-El da\u00f1o que ocasiona que el edificio, o cualquier parte del edificio que contenga elementos estructurales primarios o sistemas estructurales primarios, sea significativamente probable que se colapse de manera inminente debido al movimiento o la inestabilidad del suelo dentro de la zona de influencia del suelo de apoyo dentro de la pura plano necesario con el fin de apoyar dicho edificio como se define en el C\u00f3digo de Construcci\u00f3n de Florida; o<\/span><\/p>\n<p><span style=\"font-weight: 400;\">5-Da\u00f1os ocurridos en o despu\u00e9s del 15 de octubre de 2005, que califican como \u00abda\u00f1os estructurales sustanciales\u00bb como se define en el C\u00f3digo de Construcci\u00f3n de la Florida.<\/span><\/p>\n<p><em>.<\/em>[\/vc_column_text][\/vc_column_inner][\/vc_row_inner][vc_row_inner][vc_column_inner][vc_empty_space][vc_cta h2=\u00bb\u00bb style=\u00bb3d\u00bb color=\u00bbturquoise\u00bb add_button=\u00bbright\u00bb btn_title=\u00bbREVISI\u00d3N DE RECLAMO GRATIS\u00bb btn_style=\u00bb3d\u00bb btn_color=\u00bbblack\u00bb btn_align=\u00bbright\u00bb btn_i_icon_fontawesome=\u00bbfa fa-pencil-square-o\u00bb btn_button_block=\u00bbtrue\u00bb btn_add_icon=\u00bbtrue\u00bb btn_link=\u00bburl:http%3A%2F%2Fhdgpublicadjusters.com%2Fes%2Fcontacto%2F|||\u00bb]\n<h2><strong>HABLEMOS\u2026<\/strong><\/h2>\n<h3><strong>LLAME AL 813-770-5415<\/strong><\/h3>\n[\/vc_cta][vc_empty_space][\/vc_column_inner][\/vc_row_inner][\/vc_column][vc_column width=\u00bb1\/3&#8243;][vc_column_text]<strong>LO QUE NECESITAS SABER<\/strong><\/p>\n<p>PASO 1: INSPECCI\u00d3N Y EVALUACI\u00d3N<\/p>\n<p>Inspecci\u00f3n y determinaci\u00f3n de signos y da\u00f1os en el sue\u00f1o. Debe realizar una autoevaluaci\u00f3n en busca de posibles signos de da\u00f1os relacionados con el hundimiento.<\/p>\n<p>PASO 2: PRESENTAR UN RECLAMO<\/p>\n<p>Presente una reclamaci\u00f3n, documente los da\u00f1os y determine qu\u00e9 tipo de cobertura tiene. Una llamada telef\u00f3nica a la compa\u00f1\u00eda de seguros inicia el proceso. Aseg\u00farese de escribir la mayor cantidad de informaci\u00f3n posible sobre el agente, esto le ayudar\u00e1 a identificar con qui\u00e9n habl\u00f3 en cada proceso de la reclamaci\u00f3n.<\/p>\n<p>PASO 3: AJUSTADOR<\/p>\n<p>La compa\u00f1\u00eda de seguros enviar\u00e1 un Ajustador para una inspecci\u00f3n; recolectar\u00e1n fotos, documentar\u00e1n el da\u00f1o a la propiedad, har\u00e1n preguntas y har\u00e1n una declaraci\u00f3n grabada, como un mini examen bajo juramento. Las preguntas van desde informaci\u00f3n sobre su hipoteca, datos de su casa, reclamos anteriores y m\u00e1s, lo que diga y haga durante esta declaraci\u00f3n puede perjudicar su reclamo o prolongar el proceso de reclamo.<\/p>\n<p>PASO 4: INSPECCI\u00d3N DEL SITIO<\/p>\n<p>Si califica a lo estipulado en la p\u00f3liza por estos da\u00f1os se har\u00e1n inspecciones con un ingeniero como las siguientes: la elevaci\u00f3n del piso, los taladros de la barrena manual, las pruebas de resistencia el\u00e9ctrica, el radar de penetraci\u00f3n en el suelo, etc. Esta prueba es muy \u00fatil para evaluar los da\u00f1os desde el nivel de su hogar hasta aproximadamente diez pies bajo tierra.<\/p>\n<p>PASO 5: PERFORACI\u00d3N<\/p>\n<p>Las pruebas finales consisten en perforaci\u00f3n. La prueba es realizada por la compa\u00f1\u00eda de seguros. Aseg\u00farese de documentar si perforan en los puntos correctos que usted reclam\u00f3, a veces puede realizar muchas perforaciones, pero si no se realizan correctamente o en los lugares correctos, es posible que se quede sin un caso y con el mismo problema.<\/p>\n<p>PASO 6: RESULTADOS DEL INFORME<\/p>\n<p>Informe de hundimiento: despu\u00e9s de la perforaci\u00f3n, la compa\u00f1\u00eda de seguros le emitir\u00e1 el informe de hundimiento, esto puede demorar hasta tres meses. Si existe un sumidero, la compa\u00f1\u00eda de seguros tendr\u00e1 un plan de acci\u00f3n. Si no existe da\u00f1o en el suelo, el informe proporcionar\u00e1 informaci\u00f3n sobre las arcillas de oleaje retr\u00e1ctil, el asentamiento diferencial u otros tipos de da\u00f1o. Si el hundimiento existe, tendr\u00e1 un plan para solucionarlo.<\/p>\n<p>PASO 7: CONFIRMADO O NEGADO<\/p>\n<p>Opciones para reclamaciones de sumideros denegados y confirmados<\/p>\n<p>SI ES CONFIRMADO<\/p>\n<p>Reclamo de sumidero confirmado: Sus opciones son arreglar la casa de acuerdo con las recomendaciones del seguro, luchar por otras recomendaciones como apuntalar o buscar una liquidaci\u00f3n en efectivo. Lo importante que debe saber es a qu\u00e9 tiene derecho seg\u00fan sus da\u00f1os y c\u00f3mo puede maximizar la recuperaci\u00f3n.<\/p>\n<p>Si es denegado<\/p>\n<p>Reclamo de sumidero denegado: obtenga una segunda opini\u00f3n, en la mayor\u00eda de los casos, el informe principal podr\u00eda ser incorrecto o un informe inadecuado. Si su primer reclamo es denegado: trabajemos para obtener un segundo vistazo, trabajemos para otra inspecci\u00f3n.<\/p>\n<p>TIPOS DE HUNDIMIENTO<\/p>\n<p>Hay tres tipos principales de sumideros que ocurren en la Florida. Soluci\u00f3n, colapso de la cobertura, y hundimientos del subsuelo.<\/p>\n<p>SUMIDERO DE SOLUCI\u00d3N<\/p>\n<p>El primer tipo se llama un sumidero de soluci\u00f3n y ocurre cuando la capa superficial del suelo es delgada y est\u00e1 cerca de la piedra caliza debajo. El agua correr\u00e1 hacia abajo a trav\u00e9s de los vac\u00edos en la piedra caliza y causar\u00e1 una depresi\u00f3n. Algunas veces estas depresiones ocurren durante un per\u00edodo de a\u00f1os y otras ocurren r\u00e1pidamente en cuesti\u00f3n de meses.<\/p>\n<p><strong>CUBIERTA DE COLAPSO<\/strong><\/p>\n<p>El segundo tipo se llama hundimiento de cobertura y colapso, y como su nombre lo indica es una cavidad que se abre bajo tierra y est\u00e1 cubierto por el suelo de arriba hasta el punto de colapso. El agua penetra en las cavidades subterr\u00e1neas y las llena, erosionando la estructura que com\u00fanmente es arcilla. Despu\u00e9s de que la cavidad est\u00e9 llena de agua, cualquier gota en el nivel fre\u00e1tico o el exceso de agua puede destruir la delicada estructura en su lugar y colapsar, dejando que todo lo que est\u00e1 arriba caiga en la cavidad subterr\u00e1nea que ahora est\u00e1 expuesta.<\/p>\n<p><strong>CUBIERTA DE SUBSIDENCIA<\/strong><\/p>\n<p>El tercer tipo se denomina hundimiento de cobertura de subsidencia y es similar al colapso de cobertura, pero no sucede tan r\u00e1pidamente. Es la erosi\u00f3n de los materiales que se encuentran debajo del suelo y causar\u00e1 una depresi\u00f3n gradual. La mayor\u00eda de los lagos de Florida fueron causados \u200b\u200bpor hundimientos de cobertura-subsidencia.[\/vc_column_text][\/vc_column][\/vc_row]\n","protected":false},"excerpt":{"rendered":"<p>[vc_row][vc_column][vc_empty_space][vc_column_text]<br \/>\nDA\u00d1O POR SUMIDERO<\/p>\n<p>El da\u00f1o por sumidero puede ser f\u00e1cil o dif\u00edcil de detectar, lea m\u00e1s para saber c\u00f3mo puede determinar\u00a0 si su casa ha sufrido da\u00f1os por un sumidero en formaci\u00f3n en su propiedad y qu\u00e9 opciones tiene para remediar el problema.<\/p>\n<p>Es importante comprender qu\u00e9 opciones tiene como titular de la p\u00f3liza para la reparaci\u00f3n de hundimiento de tierra y qui\u00e9n debe participar para solucionar el problema sin pelear con la compa\u00f1\u00eda de seguros. No manejar la reclamaci\u00f3n adecuadamente puede resultar en un problema prolongado, reparaci\u00f3n inadecuada, propiedad devaluada y<\/p>\n","protected":false},"author":4,"featured_media":0,"parent":578,"menu_order":0,"comment_status":"closed","ping_status":"closed","template":"page-fullwidth.php","meta":{"footnotes":""},"class_list":["post-708","page","type-page","status-publish","hentry"],"_links":{"self":[{"href":"https:\/\/hdgpublicadjusters.com\/es\/wp-json\/wp\/v2\/pages\/708","targetHints":{"allow":["GET"]}}],"collection":[{"href":"https:\/\/hdgpublicadjusters.com\/es\/wp-json\/wp\/v2\/pages"}],"about":[{"href":"https:\/\/hdgpublicadjusters.com\/es\/wp-json\/wp\/v2\/types\/page"}],"author":[{"embeddable":true,"href":"https:\/\/hdgpublicadjusters.com\/es\/wp-json\/wp\/v2\/users\/4"}],"replies":[{"embeddable":true,"href":"https:\/\/hdgpublicadjusters.com\/es\/wp-json\/wp\/v2\/comments?post=708"}],"version-history":[{"count":8,"href":"https:\/\/hdgpublicadjusters.com\/es\/wp-json\/wp\/v2\/pages\/708\/revisions"}],"predecessor-version":[{"id":925,"href":"https:\/\/hdgpublicadjusters.com\/es\/wp-json\/wp\/v2\/pages\/708\/revisions\/925"}],"up":[{"embeddable":true,"href":"https:\/\/hdgpublicadjusters.com\/es\/wp-json\/wp\/v2\/pages\/578"}],"wp:attachment":[{"href":"https:\/\/hdgpublicadjusters.com\/es\/wp-json\/wp\/v2\/media?parent=708"}],"curies":[{"name":"wp","href":"https:\/\/api.w.org\/{rel}","templated":true}]}}