{"id":700,"date":"2019-07-04T22:12:41","date_gmt":"2019-07-04T22:12:41","guid":{"rendered":"http:\/\/hdgpublicadjusters.com\/?page_id=700"},"modified":"2019-07-18T19:39:12","modified_gmt":"2019-07-18T19:39:12","slug":"dano-por-moho","status":"publish","type":"page","link":"https:\/\/hdgpublicadjusters.com\/es\/tipos-de-reclamos\/dano-por-moho\/","title":{"rendered":"DA\u00d1OS POR MOHO"},"content":{"rendered":"[vc_row][vc_column][vc_empty_space][vc_column_text]\n<h1><strong>\u00a0 DA\u00d1O POR MOHO<\/strong><\/h1>\n[\/vc_column_text][\/vc_column][\/vc_row][vc_row][vc_column width=\u00bb2\/3&#8243;][vc_column_text]<a href=\"http:\/\/hdgpublicadjusters.com\/wp-content\/uploads\/2015\/12\/mold.jpg\"><img loading=\"lazy\" decoding=\"async\" class=\"wp-image-348 size-full alignleft\" src=\"http:\/\/hdgpublicadjusters.com\/wp-content\/uploads\/2015\/12\/mold.jpg\" alt=\"\" width=\"470\" height=\"390\" \/><\/a><\/p>\n<p><span style=\"font-weight: 400;\">El da\u00f1o por moho puede resultar de fugas en las tuber\u00edas, el control de un incendio, una tormenta y otras causas cubiertas por su p\u00f3liza de seguro. Aseg\u00farese de entender exactamente lo que cubrir\u00e1 su p\u00f3liza en estos casos, ya que los da\u00f1os por moho deben limpiarse adecuadamente para prevenir enfermedades y otros problemas.<\/span><\/p>\n<p><span style=\"font-weight: 400;\">Usar cloro no es suficiente para remediar el problema. Los presupuestos para un tratamiento profesional del moho se deben tener en cuenta, ya que la reparaci\u00f3n puede ser costosa si el da\u00f1o es extenso.<\/span><\/p>\n<p><span style=\"font-weight: 400;\">Es posible que haya requisitos espec\u00edficos de limpieza enumerados en la p\u00f3liza que deben ser tenidos en cuenta por el contratista que realiza el trabajo. Deber\u00e1n realizarse pruebas despu\u00e9s de que se complete el trabajo para garantizar que la limpieza se realiz\u00f3 correctamente. La prueba de aire es fundamental para esta tarea.<\/span>[\/vc_column_text][vc_empty_space][vc_empty_space][vc_cta h2=\u00bb\u00bb style=\u00bb3d\u00bb color=\u00bbturquoise\u00bb add_button=\u00bbright\u00bb btn_title=\u00bbREVISI\u00d3N DE RECLAMACI\u00d3N GRATIS\u00bb btn_style=\u00bb3d\u00bb btn_color=\u00bbblack\u00bb btn_align=\u00bbright\u00bb btn_button_block=\u00bbtrue\u00bb btn_add_icon=\u00bbtrue\u00bb btn_link=\u00bburl:http%3A%2F%2Fhdgpublicadjusters.com%2Fes%2Fcontacto%2F|||\u00bb]\n<h2>\u00a1OBTENGA UNA REVISI\u00d3N DE RECLAMACIONES GRATIS!<\/h2>\n<h3>LLAME AL 813-770-5415<\/h3>\n[\/vc_cta][vc_empty_space][\/vc_column][vc_column width=\u00bb1\/3&#8243;][vc_column_text]<strong>TIPOS DE MOHO<\/strong><\/p>\n<p><span style=\"font-weight: 400;\">El moho Stachybotrys (moho negro) generalmente crece en materiales con alto contenido de celulosa como madera, mimbre, papel, cart\u00f3n y heno.<\/span><\/p>\n<p><span style=\"font-weight: 400;\">El moho Aspergillus es uno de los mohos m\u00e1s comunes que se encuentra en el hogar.<\/span><\/p>\n<p><span style=\"font-weight: 400;\">El moho de Cladosporium puede causar lesiones en la piel.<\/span><\/p>\n<p><span style=\"font-weight: 400;\">El moho Mucor es com\u00fan en el suelo y puede crecer en unidades de aire acondicionado.<\/span><\/p>\n<p><span style=\"font-weight: 400;\">El moho de la penicilina generalmente se encuentra en el suelo, alimentos, granos, pintura, alfombras, papel tapiz y vegetaci\u00f3n podrida. Tambi\u00e9n se utiliza para hacer ciertos alimentos como el queso azul.<\/span><\/p>\n<p><span style=\"font-weight: 400;\">El moho de Acremonium huele muy mal y puede causar problemas de salud.<\/span><\/p>\n<p><span style=\"font-weight: 400;\">El moho Fusarium es un hongo del suelo y un al\u00e9rgeno.<\/span>[\/vc_column_text][\/vc_column][\/vc_row][vc_row][vc_column][vc_column_text][\/vc_column_text][\/vc_column][\/vc_row]\n","protected":false},"excerpt":{"rendered":"<p>[vc_row][vc_column][vc_empty_space][vc_column_text]<br \/>\n\u00a0 DA\u00d1O POR MOHO<br \/>\n[\/vc_column_text][\/vc_column][\/vc_row][vc_row][vc_column width=\u00bb2\/3&#8243;][vc_column_text]<\/p>\n<p>El da\u00f1o por moho puede resultar de fugas en las tuber\u00edas, el control de un incendio, una tormenta y otras causas cubiertas por su p\u00f3liza de seguro. Aseg\u00farese de entender exactamente lo que cubrir\u00e1 su p\u00f3liza en estos casos, ya que los da\u00f1os por moho deben limpiarse adecuadamente para prevenir enfermedades y otros problemas.<\/p>\n<p>Usar cloro no es suficiente para remediar el problema. Los presupuestos para un tratamiento profesional del moho se deben tener en cuenta, ya que la reparaci\u00f3n puede ser costosa si el da\u00f1o es<\/p>\n","protected":false},"author":1,"featured_media":0,"parent":578,"menu_order":0,"comment_status":"closed","ping_status":"closed","template":"page-fullwidth.php","meta":{"footnotes":""},"class_list":["post-700","page","type-page","status-publish","hentry"],"_links":{"self":[{"href":"https:\/\/hdgpublicadjusters.com\/es\/wp-json\/wp\/v2\/pages\/700","targetHints":{"allow":["GET"]}}],"collection":[{"href":"https:\/\/hdgpublicadjusters.com\/es\/wp-json\/wp\/v2\/pages"}],"about":[{"href":"https:\/\/hdgpublicadjusters.com\/es\/wp-json\/wp\/v2\/types\/page"}],"author":[{"embeddable":true,"href":"https:\/\/hdgpublicadjusters.com\/es\/wp-json\/wp\/v2\/users\/1"}],"replies":[{"embeddable":true,"href":"https:\/\/hdgpublicadjusters.com\/es\/wp-json\/wp\/v2\/comments?post=700"}],"version-history":[{"count":9,"href":"https:\/\/hdgpublicadjusters.com\/es\/wp-json\/wp\/v2\/pages\/700\/revisions"}],"predecessor-version":[{"id":932,"href":"https:\/\/hdgpublicadjusters.com\/es\/wp-json\/wp\/v2\/pages\/700\/revisions\/932"}],"up":[{"embeddable":true,"href":"https:\/\/hdgpublicadjusters.com\/es\/wp-json\/wp\/v2\/pages\/578"}],"wp:attachment":[{"href":"https:\/\/hdgpublicadjusters.com\/es\/wp-json\/wp\/v2\/media?parent=700"}],"curies":[{"name":"wp","href":"https:\/\/api.w.org\/{rel}","templated":true}]}}