{"id":696,"date":"2019-07-04T22:05:31","date_gmt":"2019-07-04T22:05:31","guid":{"rendered":"http:\/\/hdgpublicadjusters.com\/?page_id=696"},"modified":"2019-07-17T02:22:09","modified_gmt":"2019-07-17T02:22:09","slug":"dano-por-agua-e-inundacion","status":"publish","type":"page","link":"https:\/\/hdgpublicadjusters.com\/es\/tipos-de-reclamos\/dano-por-agua-e-inundacion\/","title":{"rendered":"DA\u00d1O POR AGUA E INUNDACI\u00d3N"},"content":{"rendered":"[vc_row][vc_column][vc_empty_space][vc_column_text]\n<h1>DA\u00d1O POR INUNDACI\u00d3N<\/h1>\n<p><span style=\"font-weight: 400;\">El\u00a0 da\u00f1o por inundaci\u00f3n puede ser muy enga\u00f1oso en la forma en que causa da\u00f1o a una propiedad. Puede comenzar a partir de tuber\u00edas con goteras, techos con goteras o aguas crecientes. Si el da\u00f1o no se resuelve de manera oportuna, es posible que surjan problemas como el moho o la pudrici\u00f3n por moho. Las inundaciones son causadas por el aumento del agua fuera de lo que se considera normal y com\u00fan en los EE. UU. Los da\u00f1os por inundaciones pueden ser bastante graves y HDG est\u00e1 aqu\u00ed para ayudarlo con el proceso de reclamaciones.<\/span>[\/vc_column_text][vc_empty_space][\/vc_column][\/vc_row][vc_row][vc_column width=\u00bb2\/3&#8243;][vc_column_text]\n<h2>\u00bfQU\u00c9 DEBO HACER?<\/h2>\n[\/vc_column_text][vc_column_text]<a href=\"http:\/\/hdgpublicadjusters.com\/wp-content\/uploads\/2015\/10\/flood.jpg\" rel=\"attachment wp-att-314\"><img loading=\"lazy\" decoding=\"async\" class=\"size-full wp-image-314 alignleft\" src=\"http:\/\/hdgpublicadjusters.com\/wp-content\/uploads\/2015\/10\/flood.jpg\" alt=\"flood\" width=\"470\" height=\"390\" \/><\/a><br \/>\nEl agua puede da\u00f1ar muchos art\u00edculos en su hogar, como pisos, muebles, armarios empotrados, techos. Tambi\u00e9n puede, si no se trata, causar olores desagradables debido a la formaci\u00f3n de moho.Es importante revisar estos problemas r\u00e1pidamente y repararlos r\u00e1pidamente. Llame a HDG para obtener ayuda inmediata con su reclamo.<\/p>\n<p><span style=\"font-weight: 400;\">Las reclamaciones por inundaci\u00f3n pueden ser dif\u00edciles ya que la compa\u00f1\u00eda de seguros puede aceptar una reclamaci\u00f3n pero no pagar de manera oportuna.<\/span><\/p>\n<p><span style=\"font-weight: 400;\">Los da\u00f1os deben repararse de inmediato, ya que los da\u00f1os por agua persistentes pueden ocasionar m\u00e1s problemas en el futuro.<\/span><\/p>\n<h2>\u00bfHA DADO EL PRIMER PASO PARA ARREGLAR SU PROBLEMA?<\/h2>\n<p><span style=\"font-weight: 400;\">Puede haber formas de da\u00f1os por agua en su propiedad, como plomer\u00eda rota, una fuga o goteras en el techo, una l\u00ednea de drenaje de A \/ C bloqueada, inundaciones de alcantarillado y muchas otras.<\/span><\/p>\n<h2><strong>HAGA ALGO SI PUEDE:<\/strong><\/h2>\n<p>No deje que el da\u00f1o del agua contin\u00fae si puede detener el problema. Algunas p\u00f3lizas ver\u00e1n si usted dej\u00f3 que los da\u00f1o contin\u00faen o si tom\u00f3 cuenta de ellos para repararlos. No dude pregunt\u00e1ndose cu\u00e1les son sus derechos si experimenta da\u00f1os de agua.<br \/>\nCuando llame por su reclamo, tenga cuidado con la terminolog\u00eda que usa para describir su problema. Si tiene da\u00f1os de agua, por goteras o rotura de ca\u00f1os, no lo llame \u00abinundaci\u00f3n\u00bb y viceversa. Si necesita ayuda para diferenciar entre estos, llame a los Ajustadores P\u00fablicos de HDG.<br \/>\nEl problema deber\u00e1 ser mitigado al detener el da\u00f1o y comenzar el proceso de secado en las primeras 24 horas. Tenga cuidado al tratar con el ajustador de seguros, para que los proveedores no tomen ventaja y ahorren en gastos. Para ahorrarle dinero al transportista, es posible que no realicen el trabajo con la mejor calidad, como no quitar los z\u00f3calos ni mover los muebles para ayudar al secado de la vivienda afectada.<br \/>\nLa ubicaci\u00f3n de la extensi\u00f3n del agua en la estructura ,con detectores de humedad, higr\u00f3metros y el uso de c\u00e1maras de infrarrojos lo ayudar\u00e1n\u00a0 a determinar cu\u00e1nto da\u00f1o ha ocurrido. Si el ajustador de seguros no usa ninguno de los equipos mencionados anteriormente, es posible que tenga un problema con la reclamaci\u00f3n m\u00e1s adelante debido a la falta de datos.<br \/>\nLa limpieza adecuada durante y despu\u00e9s del secado es muy importante. El uso de desinfectantes ayuda a reducir la propagaci\u00f3n de enfermedades y bacterias. Cuando se trata de da\u00f1os por agua negra o da\u00f1os causados \u200b\u200bpor aguas contaminadas de aguas residuales y otras fuentes similares, debe tener cuidado al limpiar esas \u00e1reas.<br \/>\nNo espere a reportar su da\u00f1o, algunas p\u00f3lizas no cubrir\u00e1n su reclamo si el da\u00f1o tiene cierto per\u00edodo de tiempo. Revise su p\u00f3liza para ver cu\u00e1nto tiempo tiene para reportar da\u00f1os.<\/p>\n<h2>\u00a0\u00bfQU\u00c9 ES UNA INUNDACI\u00d3N?<\/h2>\n<p><span style=\"font-weight: 400;\">FEMA.gov define una inundaci\u00f3n como \u00abUna condici\u00f3n general y temporal de inundaci\u00f3n parcial o completa de 2 o m\u00e1s acres de \u00e1rea de tierra normalmente seca o de 2 o m\u00e1s propiedades (de las cuales, al menos 1 es propiedad del titular de la p\u00f3liza) de:<\/span><\/p>\n<p><span style=\"font-weight: 400;\">\u2013Desbordamiento de aguas interiores o de marea; o<\/span><\/p>\n<p><span style=\"font-weight: 400;\">\u2013Acumulaci\u00f3n o escurrimiento inusual y r\u00e1pido de aguas superficiales de cualquier fuente; o<\/span><\/p>\n<p><span style=\"font-weight: 400;\">\u2013<\/span><span style=\"font-weight: 400;\">\u00abColapso o hundimiento de la tierra a lo largo de la orilla de un lago o cuerpo de agua similar como resultado de la erosi\u00f3n o socavaci\u00f3n causada por olas o corrientes de agua que exceden los niveles c\u00edclicos anticipados que resultan en una inundaci\u00f3n como se define arriba\u00bb.<\/span><\/p>\n<p><span style=\"font-weight: 400;\">En t\u00e9rminos simples, eso significa que una inundaci\u00f3n es un excedente de lodo o agua que se levanta en tierra normalmente seca. Las inundaciones pueden ocurrir debido a desbordamientos de r\u00edos y v\u00edas fluviales, fuertes lluvias y tormentas de huracanes.<\/span><\/p>\n<h2>REVISE SU P\u00d3LIZA DE INUNDACI\u00d3N:<\/h2>\n<p>Cuando tiene que presentar un reclamo de inundaci\u00f3n, es beneficioso tener en cuenta los plazos para presentar el comprobante de p\u00e9rdida por inundaci\u00f3n, ya que si no se cumple el plazo, es muy probable que su reclamo no se pague. Este plazo es a veces tan corto como 60 d\u00edas. Aseg\u00farese de llamar a los Ajustadores P\u00fablicos de HDG para que lo ayuden a poner en orden todo el papeleo y archivar el reclamo de manera oportuna para evitar problemas.[\/vc_column_text][vc_empty_space][vc_cta h2=\u00bb\u00bb style=\u00bb3d\u00bb color=\u00bbturquoise\u00bb add_button=\u00bbright\u00bb btn_title=\u00bbREVISI\u00d3N DE RECLAMACI\u00d3N GRATIS\u00bb btn_style=\u00bb3d\u00bb btn_color=\u00bbblack\u00bb btn_align=\u00bbright\u00bb btn_button_block=\u00bbtrue\u00bb btn_add_icon=\u00bbtrue\u00bb btn_link=\u00bburl:http%3A%2F%2Fhdgpublicadjusters.com%2Fes%2Fcontacto%2F|||\u00bb]\n<h2>\u00a1OBTENGA UNA REVISI\u00d3N DE RECLAMACIONES GRATIS!<\/h2>\n<h3>LLAME AL 813-770-5415<\/h3>\n[\/vc_cta][vc_empty_space][\/vc_column][vc_column width=\u00bb1\/3&#8243;][vc_column_text]<span style=\"font-weight: 400;\">TIPOS DE AGUA<\/span><\/p>\n<p><span style=\"font-weight: 400;\">Hay tres tipos principales de agua a partir de los cuales se pueden producir da\u00f1os. Agua limpia, agua gris y agua negra.<\/span><\/p>\n<p>&nbsp;<\/p>\n<p><span style=\"font-weight: 400;\">AGUA LIMPIA<\/span><\/p>\n<p><span style=\"font-weight: 400;\">El primer tipo se llama Agua limpia y proviene directamente de una fuente como l\u00edneas de suministro, aparatos o el clima (lluvia).<\/span><\/p>\n<p>&nbsp;<\/p>\n<p><span style=\"font-weight: 400;\">AGUA GRIS<\/span><\/p>\n<p><span style=\"font-weight: 400;\">El segundo tipo se llama agua gris y puede provenir de tuber\u00edas desbordadas, como inodoros o lavadoras y lavavajillas.<\/span><\/p>\n<p>&nbsp;<\/p>\n<p><span style=\"font-weight: 400;\">AGUA NEGRA<\/span><\/p>\n<p><span style=\"font-weight: 400;\">El tercer tipo se llama Agua Negra, que significa que las fuentes de agua est\u00e1n contaminadas porque ha estado lejos de su fuente original durante demasiado tiempo.<\/span><\/p>\n<h2><span style=\"font-size: 16px;\">.[\/vc_column_text][\/vc_column][\/vc_row][vc_row][vc_column][vc_column_text]<\/span><\/h2>\n[\/vc_column_text][\/vc_column][\/vc_row]\n","protected":false},"excerpt":{"rendered":"<p>[vc_row][vc_column][vc_empty_space][vc_column_text]<br \/>\nDA\u00d1O POR INUNDACI\u00d3N<\/p>\n<p>El\u00a0 da\u00f1o por inundaci\u00f3n puede ser muy enga\u00f1oso en la forma en que causa da\u00f1o a una propiedad. Puede comenzar a partir de tuber\u00edas con goteras, techos con goteras o aguas crecientes. Si el da\u00f1o no se resuelve de manera oportuna, es posible que surjan problemas como el moho o la pudrici\u00f3n por moho. Las inundaciones son causadas por el aumento del agua fuera de lo que se considera normal y com\u00fan en los EE. UU. Los da\u00f1os por inundaciones pueden ser bastante graves y HDG est\u00e1 aqu\u00ed<\/p>\n","protected":false},"author":4,"featured_media":0,"parent":578,"menu_order":0,"comment_status":"closed","ping_status":"closed","template":"page-fullwidth.php","meta":{"footnotes":""},"class_list":["post-696","page","type-page","status-publish","hentry"],"_links":{"self":[{"href":"https:\/\/hdgpublicadjusters.com\/es\/wp-json\/wp\/v2\/pages\/696","targetHints":{"allow":["GET"]}}],"collection":[{"href":"https:\/\/hdgpublicadjusters.com\/es\/wp-json\/wp\/v2\/pages"}],"about":[{"href":"https:\/\/hdgpublicadjusters.com\/es\/wp-json\/wp\/v2\/types\/page"}],"author":[{"embeddable":true,"href":"https:\/\/hdgpublicadjusters.com\/es\/wp-json\/wp\/v2\/users\/4"}],"replies":[{"embeddable":true,"href":"https:\/\/hdgpublicadjusters.com\/es\/wp-json\/wp\/v2\/comments?post=696"}],"version-history":[{"count":9,"href":"https:\/\/hdgpublicadjusters.com\/es\/wp-json\/wp\/v2\/pages\/696\/revisions"}],"predecessor-version":[{"id":968,"href":"https:\/\/hdgpublicadjusters.com\/es\/wp-json\/wp\/v2\/pages\/696\/revisions\/968"}],"up":[{"embeddable":true,"href":"https:\/\/hdgpublicadjusters.com\/es\/wp-json\/wp\/v2\/pages\/578"}],"wp:attachment":[{"href":"https:\/\/hdgpublicadjusters.com\/es\/wp-json\/wp\/v2\/media?parent=696"}],"curies":[{"name":"wp","href":"https:\/\/api.w.org\/{rel}","templated":true}]}}