{"id":662,"date":"2019-07-04T21:22:41","date_gmt":"2019-07-04T21:22:41","guid":{"rendered":"http:\/\/hdgpublicadjusters.com\/?page_id=662"},"modified":"2019-07-18T19:39:00","modified_gmt":"2019-07-18T19:39:00","slug":"dano-por-tuberia-congelada","status":"publish","type":"page","link":"https:\/\/hdgpublicadjusters.com\/es\/tipos-de-reclamos\/dano-por-tuberia-congelada\/","title":{"rendered":"DA\u00d1O POR TUBER\u00cdA CONGELADA"},"content":{"rendered":"[vc_row][vc_column][vc_empty_space][vc_column_text]\n<h1><strong>DA\u00d1OS POR TUBER\u00cdA CONGELADA<\/strong><\/h1>\n<p><span style=\"font-weight: 400;\">Incluso en Florida, las tuber\u00edas pueden congelarse y explotar en su hogar o negocio. Aseg\u00farese de que la restauraci\u00f3n y el secado se realicen correctamente. El da\u00f1o de una tuber\u00eda rota debido a la congelaci\u00f3n puede ser extenso si no se detecta a tiempo.<\/span>[\/vc_column_text][vc_empty_space][\/vc_column][\/vc_row][vc_row][vc_column width=\u00bb2\/3&#8243;][vc_column_text]\n<h2><strong>\u00bfC\u00d3MO DEBO REALIZAR MI RECLAMACI\u00d3N?<\/strong><\/h2>\n[\/vc_column_text][vc_column_text css=\u00bb.vc_custom_1563476157037{padding-left: 5px !important;}\u00bb]<a href=\"http:\/\/hdgpublicadjusters.com\/wp-content\/uploads\/2015\/12\/frozen.jpg\" rel=\"attachment wp-att-297\"><img loading=\"lazy\" decoding=\"async\" class=\"size-full wp-image-297 alignleft\" src=\"http:\/\/hdgpublicadjusters.com\/wp-content\/uploads\/2015\/12\/frozen.jpg\" alt=\"frozen\" width=\"470\" height=\"390\" \/><\/a><\/p>\n<p><span style=\"font-weight: 400;\">El agua que queda en la tuber\u00eda se puede congelar por una ca\u00edda repentina de la temperatura y hacer que el agua se expanda y rompa la tuber\u00eda. Esto puede causar \u201cda\u00f1os por agua\u201d, no se puede referir a esto como una \u201cinundaci\u00f3n\u201d ya que llamar a su reclamo una \u201cinundaci\u00f3n\u201d puede causar un problema en el proceso.\u00a0 Existen p\u00f3lizas separadas para el seguro contra inundaciones. Aseg\u00farese de referirse a su problema como \u00abda\u00f1o por agua\u00bb.<\/span><\/p>\n<p><span style=\"font-weight: 400;\">Revise su p\u00f3liza para ver qu\u00e9 cubre; a veces una p\u00f3liza solo cubrir\u00e1 los da\u00f1os si la propiedad o negocio se mantiene a un cierto rango de temperatura o si tiene un sistema de seguridad instalado. Determine si la p\u00f3liza cubrir\u00e1 el costo de las tuber\u00edas da\u00f1adas o solo el da\u00f1o causado por la tuber\u00eda rota. Por lo general, es posible que el titular de la p\u00f3liza tenga que pagar para reparar las tuber\u00edas da\u00f1adas.<\/span><\/p>\n<p><span style=\"font-weight: 400;\">Algunos de los aspectos m\u00e1s complicados del proceso es obtener valoraciones de los contratistas para arreglar el trabajo sin que se modifique el precio. Es posible evadir este problema agregando una frase\u00a0 a cualquier autorizaci\u00f3n de trabajo que indique: \u00abcualquier facturaci\u00f3n est\u00e1 sujeta a un acuerdo y aprobaci\u00f3n por parte de la compa\u00f1\u00eda de seguros\u00bb. Esto tal vez no le agrade a algunos contratistas, pero lo protege a usted y a sus intereses.<\/span><\/p>\n<p><span style=\"font-weight: 400;\"><a href=\"http:\/\/hdgpublicadjusters.com\/wp-content\/uploads\/2015\/12\/frozen2.jpg\" rel=\"attachment wp-att-298\"><img loading=\"lazy\" decoding=\"async\" class=\"size-full wp-image-298 alignnone\" src=\"http:\/\/hdgpublicadjusters.com\/wp-content\/uploads\/2015\/12\/frozen2.jpg\" alt=\"frozen2\" width=\"470\" height=\"390\" \/><\/a><\/span><\/p>\n<p><span style=\"font-weight: 400;\">De esta forma se le facilitar\u00e1n las cosas cuando trate con la compa\u00f1\u00eda de seguros, ya que, las p\u00f3lizas pagar\u00e1n por el trabajo que se considere \u00abrazonable y necesario\u00bb, por lo que cualquier estimaci\u00f3n exorbitante o exageraci\u00f3n de precios ser\u00e1 analizada. Mantener registros de todo el trabajo y las reuniones que se realicen ayudar\u00e1 a su reclamo. El uso del correo electr\u00f3nico para confirmar instrucciones y compromisos con los contratistas y otros proveedores ayudar\u00e1 a aclarar cualquier pregunta posterior.<\/span><\/p>\n<p><span style=\"font-weight: 400;\">Tambi\u00e9n debe asegurarse de mantener su propiedad en buen estado con respecto a las reparaciones necesarias. Si abandona su propiedad y no toma medidas para protegerse contra las tuber\u00edas congeladas y se producen da\u00f1os, es posible que la agencia de seguros no cubra sus da\u00f1os debido a la \u00abnegligencia\u00bb, esto tambi\u00e9n incluye las tuber\u00edas viejas y corro\u00eddas. Los ajustadores p\u00fablicos de HDG pueden ayudarlo con estos aspectos dif\u00edciles de una reclamaci\u00f3n de tuber\u00eda congelada.<\/span>[\/vc_column_text][\/vc_column][vc_column width=\u00bb1\/3&#8243;][vc_column_text]\n<h3><strong>\u00bfC\u00f3mo puedo ayudar a prevenir la congelaci\u00f3n de las tuber\u00edas?<\/strong><\/h3>\n<ul>\n<li style=\"font-weight: 400;\"><span style=\"font-weight: 400;\">Aseg\u00farese de que sus canaletas est\u00e9n limpias para que las hojas\u00a0 y escombros que caen y puedan seguir su curso.<\/span><\/li>\n<li style=\"font-weight: 400;\"><span style=\"font-weight: 400;\">En casos de emergencia, puede dejar que sus grifos goteen para permitir que el agua corra, lo que ayuda a evitar la congelaci\u00f3n.<\/span><\/li>\n<li style=\"font-weight: 400;\"><span style=\"font-weight: 400;\">Aseg\u00farese de que su vivienda tenga una temperatura m\u00ednima de 65 grados Fahrenheit.<\/span><\/li>\n<li style=\"font-weight: 400;\"><span style=\"font-weight: 400;\">Mantenga las puertas de los gabinetes debajo de los lavamanos en ba\u00f1os y cocinas abiertas para ayudar a que el aire circule y mantenerlos m\u00e1s calientes.<\/span><\/li>\n<li style=\"font-weight: 400;\"><span style=\"font-weight: 400;\">Si va a estar ausente por un largo per\u00edodo de tiempo, drene su sistema de agua y desconecte su lavadora.<\/span><\/li>\n<li style=\"font-weight: 400;\"><span style=\"font-weight: 400;\">No deje las mangueras de jard\u00edn conectadas, instale cubiertas en los extremos de la manguera.<\/span><\/li>\n<li style=\"font-weight: 400;\"><span style=\"font-weight: 400;\">Cierre el suministro de agua principal de su vivienda y el calentador de agua en caso de emergencia.<\/span><\/li>\n<li style=\"font-weight: 400;\"><span style=\"font-weight: 400;\">Use aislamiento para tuber\u00edas para ayudar a prevenir la congelaci\u00f3n, envolviendo las tuber\u00edas expuestas externas y las tuber\u00edas internas cerca de las paredes..<\/span><\/li>\n<\/ul>\n<p><strong>C\u00f3mo verificar si hay incidentes en la tuber\u00eda de congelaci\u00f3n:<\/strong><\/p>\n<ul>\n<li style=\"font-weight: 400;\"><span style=\"font-weight: 400;\">Deje que un grifo tibio gotee lentamente para ayudar a minimizar los efectos de congelaci\u00f3n.<\/span><\/li>\n<li style=\"font-weight: 400;\"><span style=\"font-weight: 400;\">La reducci\u00f3n del flujo de agua puede ser un signo de congelaci\u00f3n en las tuber\u00edas.<\/span><\/li>\n<li style=\"font-weight: 400;\"><span style=\"font-weight: 400;\">Controle la presi\u00f3n en sus tuber\u00edas antes de dormir y cuando despierte.<\/span><\/li>\n<li style=\"font-weight: 400;\"><span style=\"font-weight: 400;\">Examine sus tuber\u00edas alrededor del exterior de la casa en busca de da\u00f1os.<\/span><\/li>\n<\/ul>\n<p><b>\u00bfQu\u00e9 hago si una tuber\u00eda se congela?\u00a0<\/b><\/p>\n<ul>\n<li style=\"font-weight: 400;\"><span style=\"font-weight: 400;\">Puede usar un secador de pelo en un LUGAR SEGURO (no alrededor de agua estancada) para descongelar la tuber\u00eda<\/span><\/li>\n<li style=\"font-weight: 400;\"><span style=\"font-weight: 400;\">Calentar el agua en la estufa para empapar las\u00a0 toallas y envolverlas alrededor de la tuber\u00eda, lo que ayudar\u00e1 a descongelar la tuber\u00eda m\u00e1s r\u00e1pido<\/span><\/li>\n<li style=\"font-weight: 400;\"><span style=\"font-weight: 400;\">Calentar la tuber\u00eda m\u00e1s cercana al grifo para que el agua pueda gotear cuando se derrita.<\/span><\/li>\n<\/ul>\n<p><b>\u00bfQu\u00e9 debo hacer si estalla la tuber\u00eda?<\/b><\/p>\n<ul>\n<li style=\"font-weight: 400;\"><span style=\"font-weight: 400;\">Cerrar la llave de paso de agua principal de la vivienda.<\/span><\/li>\n<li style=\"font-weight: 400;\"><span style=\"font-weight: 400;\">Si puede determinar que la tuber\u00eda de agua caliente ha estallado, aseg\u00farese de apagar su calentador de agua tambi\u00e9n.<\/span><\/li>\n<li style=\"font-weight: 400;\"><span style=\"font-weight: 400;\">Llame a un plomero y a ajustadores p\u00fablicos HDG para ayudarlo con su reclamo.<\/span><\/li>\n<\/ul>\n[\/vc_column_text][\/vc_column][\/vc_row][vc_row][vc_column][vc_empty_space height=\u00bb180px\u00bb][vc_cta h2=\u00bb\u00bb style=\u00bb3d\u00bb color=\u00bbturquoise\u00bb add_button=\u00bbright\u00bb btn_title=\u00bbREVISI\u00d3N DE RECLAMACI\u00d3N GRATIS\u00bb btn_style=\u00bb3d\u00bb btn_color=\u00bbblack\u00bb btn_align=\u00bbright\u00bb btn_button_block=\u00bbtrue\u00bb btn_add_icon=\u00bbtrue\u00bb btn_link=\u00bburl:http%3A%2F%2Fhdgpublicadjusters.com%2Fes%2Fcontacto%2F|||\u00bb]\n<h2><strong>\u00a1OBTENGA UNA REVISI\u00d3N DE RECLAMACIONES GRATIS! <\/strong><\/h2>\n<h3>LLAME AL 813-770-5415<\/h3>\n[\/vc_cta][vc_empty_space][\/vc_column][\/vc_row]\n","protected":false},"excerpt":{"rendered":"<p>[vc_row][vc_column][vc_empty_space][vc_column_text]<br \/>\nDA\u00d1OS POR TUBER\u00cdA CONGELADA<\/p>\n<p>Incluso en Florida, las tuber\u00edas pueden congelarse y explotar en su hogar o negocio. Aseg\u00farese de que la restauraci\u00f3n y el secado se realicen correctamente. El da\u00f1o de una tuber\u00eda rota debido a la congelaci\u00f3n puede ser extenso si no se detecta a tiempo.[\/vc_column_text][vc_empty_space][\/vc_column][\/vc_row][vc_row][vc_column width=\u00bb2\/3&#8243;][vc_column_text]<br \/>\n\u00bfC\u00d3MO DEBO REALIZAR MI RECLAMACI\u00d3N?<br \/>\n[\/vc_column_text][vc_column_text css=\u00bb.vc_custom_1563476157037{padding-left: 5px !important;}\u00bb]<\/p>\n<p>El agua que queda en la tuber\u00eda se puede congelar por una ca\u00edda repentina de la temperatura y hacer que el agua se expanda y rompa la tuber\u00eda. Esto puede causar \u201cda\u00f1os por agua\u201d, no se<\/p>\n","protected":false},"author":4,"featured_media":0,"parent":578,"menu_order":0,"comment_status":"closed","ping_status":"closed","template":"page-fullwidth.php","meta":{"footnotes":""},"class_list":["post-662","page","type-page","status-publish","hentry"],"_links":{"self":[{"href":"https:\/\/hdgpublicadjusters.com\/es\/wp-json\/wp\/v2\/pages\/662","targetHints":{"allow":["GET"]}}],"collection":[{"href":"https:\/\/hdgpublicadjusters.com\/es\/wp-json\/wp\/v2\/pages"}],"about":[{"href":"https:\/\/hdgpublicadjusters.com\/es\/wp-json\/wp\/v2\/types\/page"}],"author":[{"embeddable":true,"href":"https:\/\/hdgpublicadjusters.com\/es\/wp-json\/wp\/v2\/users\/4"}],"replies":[{"embeddable":true,"href":"https:\/\/hdgpublicadjusters.com\/es\/wp-json\/wp\/v2\/comments?post=662"}],"version-history":[{"count":12,"href":"https:\/\/hdgpublicadjusters.com\/es\/wp-json\/wp\/v2\/pages\/662\/revisions"}],"predecessor-version":[{"id":972,"href":"https:\/\/hdgpublicadjusters.com\/es\/wp-json\/wp\/v2\/pages\/662\/revisions\/972"}],"up":[{"embeddable":true,"href":"https:\/\/hdgpublicadjusters.com\/es\/wp-json\/wp\/v2\/pages\/578"}],"wp:attachment":[{"href":"https:\/\/hdgpublicadjusters.com\/es\/wp-json\/wp\/v2\/media?parent=662"}],"curies":[{"name":"wp","href":"https:\/\/api.w.org\/{rel}","templated":true}]}}