{"id":661,"date":"2019-07-04T21:15:58","date_gmt":"2019-07-04T21:15:58","guid":{"rendered":"http:\/\/hdgpublicadjusters.com\/?page_id=661"},"modified":"2019-07-16T18:45:16","modified_gmt":"2019-07-16T18:45:16","slug":"danos-por-huracan","status":"publish","type":"page","link":"https:\/\/hdgpublicadjusters.com\/es\/tipos-de-reclamos\/danos-por-huracan\/","title":{"rendered":"DA\u00d1OS POR HURAC\u00c1N"},"content":{"rendered":"[vc_row][vc_column][vc_empty_space][vc_column_text]\n<h1>DA\u00d1OS POR HURAC\u00c1N<\/h1>\n<p>Los da\u00f1os causados \u200b\u200bpor huracanes y vientos pueden ser extensos y costosos de reparar. La mayor\u00eda de los propietarios de viviendas y negocios en Florida son conscientes de las dificultades para asegurar la cobertura de huracanes, ya que los da\u00f1os pueden ser de gran magnitud. Las compa\u00f1\u00edas de seguros se han estado retirando del estado durante a\u00f1os en un esfuerzo por salvarse de reclamaciones resultantes de grandes tormentas.[\/vc_column_text][vc_empty_space][\/vc_column][\/vc_row][vc_row][vc_column width=\u00bb2\/3&#8243;][vc_column_text]\n<h2>ENTENDIENDO EL DA\u00d1O DE HURAC\u00c1N Y VIENTO:<\/h2>\n<p><a href=\"http:\/\/hdgpublicadjusters.com\/wp-content\/uploads\/2015\/10\/hurricane.jpg\" rel=\"attachment wp-att-308\"><img loading=\"lazy\" decoding=\"async\" class=\"size-full wp-image-308 alignleft\" src=\"http:\/\/hdgpublicadjusters.com\/wp-content\/uploads\/2015\/10\/hurricane.jpg\" alt=\"hurricane\" width=\"470\" height=\"390\" \/><\/a><\/p>\n<p>Los huracanes de inmenso tama\u00f1o y las poderosas r\u00e1fagas de viento causan da\u00f1os, as\u00ed como los torrentes de lluvia que traen consigo.<\/p>\n<p>Determinar el costo de reemplazar y reparar da\u00f1os puede ser dif\u00edcil. Los da\u00f1os pueden resultar en un tiempo de inactividad para el negocio y eso significa una p\u00e9rdida de ganancias. Llame a un ajustador p\u00fablico experimentado como HDG para que lo ayude a navegar su proceso de reclamos y obtenga los fondos que necesita para recuperarse.<\/p>\n<p>Otros tipos de da\u00f1os que pueden ocurrir con una tormenta de viento o un evento de tipo hurac\u00e1n est\u00e1n relacionados con el agua. El agua puede da\u00f1ar su vivienda o negocio a trav\u00e9s del techo o ser arrastrado por el viento. La cubierta del edificio se puede da\u00f1ar permitiendo que el agua entre y da\u00f1e el panel de yeso, haga que el tablero de part\u00edculas se expanda, corroe los cables el\u00e9ctricos y que el moho crezca.[\/vc_column_text][vc_column_text]\n<h2><strong>ENTIENDA SU P\u00d3LIZA<\/strong><\/h2>\n<p>Tenga una comprensi\u00f3n clara de su p\u00f3liza ya que la severidad de los huracanes en Florida ha hecho que las agencias de seguros sean muy estrictas en cuanto a la cobertura y las p\u00f3lizas que brindan a los propietarios de viviendas y negocios.[\/vc_column_text][vc_empty_space][vc_column_text]\n<h2><strong>Gu\u00eda de Huracanes<\/strong><\/h2>\n[\/vc_column_text][vc_cta h2=\u00bb\u00bf Est\u00e1s preparado?\u00bb h4=\u00bbGu\u00eda Oficial de la Bah\u00eda de Tampa: Planificaci\u00f3n contra desastres.\u00bb style=\u00bb3d\u00bb add_button=\u00bbright\u00bb btn_title=\u00bbDescargar gu\u00eda\u00bb btn_style=\u00bb3d\u00bb btn_color=\u00bbblack\u00bb btn_size=\u00bbsm\u00bb btn_align=\u00bbright\u00bb btn_i_icon_fontawesome=\u00bbfa fa-file-pdf-o\u00bb btn_button_block=\u00bbtrue\u00bb btn_add_icon=\u00bbtrue\u00bb btn_link=\u00bburl:http%3A%2F%2Fhdgpublicadjusters.com%2Fwp-content%2Fuploads%2F2019%2F07%2FSpanish-Common-Side-GUIA-DE-HURACANES.pdf|||\u00bb][\/vc_cta][vc_empty_space][vc_cta h2=\u00bb\u00bb style=\u00bb3d\u00bb color=\u00bbturquoise\u00bb add_button=\u00bbright\u00bb btn_title=\u00bbREVISI\u00d3N DE RECLAMACI\u00d3N GRATIS\u00bb btn_style=\u00bb3d\u00bb btn_color=\u00bbblack\u00bb btn_align=\u00bbright\u00bb btn_button_block=\u00bbtrue\u00bb btn_add_icon=\u00bbtrue\u00bb btn_link=\u00bburl:http%3A%2F%2Fhdgpublicadjusters.com%2Fes%2Fcontacto%2F|||\u00bb]\n<h2>\u00a1OBTENGA UNA REVISI\u00d3N DE RECLAMACIONES GRATIS!<\/h2>\n<h3>LLAME AL 813-770-5415<\/h3>\n[\/vc_cta][vc_empty_space][\/vc_column][vc_column width=\u00bb1\/3&#8243;][vc_column_text]\n<h2>TIPOS DE HURAC\u00c1N<\/h2>\n<p>El da\u00f1o puede variar enormemente de una severa descarga si da\u00f1a su propiedad. La presi\u00f3n del viento causada por una brecha en su hogar podr\u00eda hacer que el techo se desprenda. El aumento de agua proveniente de la marejada cicl\u00f3nica o las inundaciones en general puede causar da\u00f1os, as\u00ed como los desechos voladores que pueden romper ventanas y otras estructuras. Aseg\u00farese de conocer todos los detalles que rodean su p\u00f3liza antes de iniciar el proceso de reclamaciones al contar con los Ajustadores P\u00fablicos de HDG.<\/p>\n<p><b>CATEGOR\u00cdA 1<\/b><\/p>\n<p><span style=\"font-weight: 400;\">Vientos de 74-95 MPH<\/span><\/p>\n<p><span style=\"font-weight: 400;\">El da\u00f1o a los edificios es m\u00ednimo, sin embargo las casas m\u00f3viles sin anclaje pueden ser susceptibles de da\u00f1os, junto con se\u00f1ales de tr\u00e1fico mal aseguradas. Se pueden producir inundaciones costeras.<\/span><\/p>\n<h3><span style=\"font-size: 16px;\">\u00a0<\/span><\/h3>\n<p><b>CATEGOR\u00cdA 2<\/b><\/p>\n<p><span style=\"font-weight: 400;\">Vientos de 96-110 MPH<\/span><\/p>\n<p><span style=\"font-weight: 400;\">El da\u00f1o a los edificios es de m\u00ednimo a moderado y se enfoca en techos, ventanas y puertas. Las casas m\u00f3viles son susceptibles, as\u00ed como amarres desprotegidos. Se pueden producir inundaciones costeras. Algunos \u00e1rboles pueden derribar.<\/span><\/p>\n<p><b>CATEGOR\u00cdA 3<\/b><\/p>\n<p><span style=\"font-weight: 400;\">Vientos de 111-130 MPH<\/span><\/p>\n<p><span style=\"font-weight: 400;\">Da\u00f1os estructurales m\u00ednimos a moderados en peque\u00f1os edificios. Los \u00e1rboles m\u00e1s grandes pueden derrumbarse junto con las casas m\u00f3viles y tambi\u00e9n volarse las se\u00f1ales y carteles mal asegurados. Se producir\u00e1n inundaciones costeras y pueden ocurrir inundaciones en las ciudades por el oleaje residual que producen los vientos.<\/span><\/p>\n<p><b>CATEGOR\u00cdA 4<\/b><\/p>\n<p><span style=\"font-weight: 400;\">Vientos de 131-155 MPH<\/span><\/p>\n<p><span style=\"font-weight: 400;\">El da\u00f1o a los edificios es m\u00e1s severo con posibles voladuras de techo y paredes. Se producir\u00e1n inundaciones costeras e interiores.<\/span><\/p>\n<p><b>CATEGOR\u00cdA 5<\/b><\/p>\n<p><span style=\"font-weight: 400;\">Vientos de 135+ MPH<\/span><\/p>\n<p><span style=\"font-weight: 400;\">Los da\u00f1os en edificios son m\u00e1s severos con voladuras en techos y paredes. Las inundaciones costeras y las inundaciones interiores ocurrir\u00e1n junto con la erosi\u00f3n de las \u00e1reas de playa.<\/span>[\/vc_column_text][\/vc_column][\/vc_row][vc_row][vc_column][vc_column_text]\n[\/vc_column_text][\/vc_column][\/vc_row]\n","protected":false},"excerpt":{"rendered":"<p>[vc_row][vc_column][vc_empty_space][vc_column_text]<br \/>\nDA\u00d1OS POR HURAC\u00c1N<\/p>\n<p>Los da\u00f1os causados \u200b\u200bpor huracanes y vientos pueden ser extensos y costosos de reparar. La mayor\u00eda de los propietarios de viviendas y negocios en Florida son conscientes de las dificultades para asegurar la cobertura de huracanes, ya que los da\u00f1os pueden ser de gran magnitud. Las compa\u00f1\u00edas de seguros se han estado retirando del estado durante a\u00f1os en un esfuerzo por salvarse de reclamaciones resultantes de grandes tormentas.[\/vc_column_text][vc_empty_space][\/vc_column][\/vc_row][vc_row][vc_column width=\u00bb2\/3&#8243;][vc_column_text]<br \/>\nENTENDIENDO EL DA\u00d1O DE HURAC\u00c1N Y VIENTO:<\/p>\n<p>Los huracanes de inmenso tama\u00f1o y las poderosas r\u00e1fagas de viento causan da\u00f1os, as\u00ed<\/p>\n","protected":false},"author":4,"featured_media":0,"parent":578,"menu_order":0,"comment_status":"closed","ping_status":"closed","template":"page-fullwidth.php","meta":{"footnotes":""},"class_list":["post-661","page","type-page","status-publish","hentry"],"_links":{"self":[{"href":"https:\/\/hdgpublicadjusters.com\/es\/wp-json\/wp\/v2\/pages\/661","targetHints":{"allow":["GET"]}}],"collection":[{"href":"https:\/\/hdgpublicadjusters.com\/es\/wp-json\/wp\/v2\/pages"}],"about":[{"href":"https:\/\/hdgpublicadjusters.com\/es\/wp-json\/wp\/v2\/types\/page"}],"author":[{"embeddable":true,"href":"https:\/\/hdgpublicadjusters.com\/es\/wp-json\/wp\/v2\/users\/4"}],"replies":[{"embeddable":true,"href":"https:\/\/hdgpublicadjusters.com\/es\/wp-json\/wp\/v2\/comments?post=661"}],"version-history":[{"count":9,"href":"https:\/\/hdgpublicadjusters.com\/es\/wp-json\/wp\/v2\/pages\/661\/revisions"}],"predecessor-version":[{"id":951,"href":"https:\/\/hdgpublicadjusters.com\/es\/wp-json\/wp\/v2\/pages\/661\/revisions\/951"}],"up":[{"embeddable":true,"href":"https:\/\/hdgpublicadjusters.com\/es\/wp-json\/wp\/v2\/pages\/578"}],"wp:attachment":[{"href":"https:\/\/hdgpublicadjusters.com\/es\/wp-json\/wp\/v2\/media?parent=661"}],"curies":[{"name":"wp","href":"https:\/\/api.w.org\/{rel}","templated":true}]}}