{"id":660,"date":"2019-07-04T20:59:53","date_gmt":"2019-07-04T20:59:53","guid":{"rendered":"http:\/\/hdgpublicadjusters.com\/?page_id=660"},"modified":"2019-07-18T19:39:06","modified_gmt":"2019-07-18T19:39:06","slug":"reclamos-por-gran-perdida","status":"publish","type":"page","link":"https:\/\/hdgpublicadjusters.com\/es\/tipos-de-reclamos\/reclamos-por-gran-perdida\/","title":{"rendered":"RECLAMOS POR GRAN P\u00c9RDIDA"},"content":{"rendered":"[vc_row][vc_column][vc_empty_space][vc_column_text]\n<h1><strong>GRAN P\u00c9RDIDA<br \/>\n<\/strong><\/h1>\n<p><span style=\"font-weight: 400;\">Las reclamaciones por gran p\u00e9rdida son muy complejas, ya que cubren varios aspectos\u00a0 de la reconstrucci\u00f3n. Las residencias utilizan acabados y materiales costosos que deben tenerse en cuenta al presentar una reclamaci\u00f3n. Las empresas de seguros requerir\u00e1n una gran cantidad de documentos\u00a0 para determinar el mejor proceso. Esto puede llevar mucho tiempo, por lo que necesita un ajustador p\u00fablico experimentado a su lado.<\/span>[\/vc_column_text][vc_empty_space][\/vc_column][\/vc_row][vc_row][vc_column width=\u00bb2\/3&#8243;][vc_column_text]\n<h2>RECLAMO POR GRAN P\u00c9RDIDA:<\/h2>\n[\/vc_column_text][vc_column_text]<a href=\"http:\/\/hdgpublicadjusters.com\/wp-content\/uploads\/2015\/12\/large-2.jpg\" rel=\"attachment wp-att-335\"><img loading=\"lazy\" decoding=\"async\" class=\"size-full wp-image-335 alignleft\" src=\"http:\/\/hdgpublicadjusters.com\/wp-content\/uploads\/2015\/12\/large-2.jpg\" alt=\"large\" width=\"470\" height=\"390\" \/><\/a><\/p>\n<p><span style=\"font-weight: 400;\">Con un proceso de reclamaciones tan complejo, la compa\u00f1\u00eda de seguros puede intentar tomar el control de todo el proceso, lo que significa que no tendr\u00e1 en cuenta sus intereses de la mejor manera. Por lo que sugerimos contrate a un ajustador p\u00fablico.<\/span><\/p>\n<p><span style=\"font-weight: 400;\">Inf\u00f3rmese sobre lo que cubre su p\u00f3liza. Hay muchas opciones de cobertura disponibles, podemos ayudarle a analizar el valor real frente a los costos de reposici\u00f3n, los problemas de deducci\u00f3n, los respectivos l\u00edmites de la p\u00f3liza, los subl\u00edmites, los cronogramas de depreciaci\u00f3n y los factores obvios de cobertura y exclusi\u00f3n.<\/span>[\/vc_column_text][vc_empty_space height=\u00bb180px\u00bb][vc_cta h2=\u00bb\u00bb style=\u00bb3d\u00bb color=\u00bbturquoise\u00bb add_button=\u00bbright\u00bb btn_title=\u00bbREVISI\u00d3N DE RECLAMACI\u00d3N GRATIS\u00bb btn_style=\u00bb3d\u00bb btn_color=\u00bbblack\u00bb btn_align=\u00bbright\u00bb btn_button_block=\u00bbtrue\u00bb btn_add_icon=\u00bbtrue\u00bb btn_link=\u00bburl:http%3A%2F%2Fhdgpublicadjusters.com%2Fes%2Fcontacto%2F|||\u00bb]\n<h2>\u00a1OBTENGA UNA REVISI\u00d3N DE RECLAMACIONES GRATIS!<\/h2>\n<h3>LLAME AL 813-770-5415<\/h3>\n[\/vc_cta][vc_empty_space][\/vc_column][vc_column width=\u00bb1\/3&#8243;][vc_column_text]\n<h3><strong>Un ajustador puede ayudarle a:<br \/>\n<\/strong><\/h3>\n<ul>\n<li><span style=\"font-weight: 400;\"> Desarrollar un plan de acci\u00f3n para guiarlo con la cobertura de su p\u00f3liza y las negociaciones con los contratistas. Tenga cuidado con lo que firma, un \u00abContrato de asignaci\u00f3n de beneficios\u00bb puede significar que vea su pago.<\/span><\/li>\n<li><span style=\"font-weight: 400;\"> Asegurarse de que entiende su p\u00f3liza por completo. El valor de su propiedad, las sanciones asociadas con el acuerdo, incluso c\u00f3mo mantener su vivienda o negocio una vez que se inicie la construcci\u00f3n.<\/span><\/li>\n<li><span style=\"font-weight: 400;\"> Le sugerimos mantenga buenos registros, aseg\u00farese de fotografiar y grabar videos tanto como sea posible. Guarde cualquier comunicaci\u00f3n y haga un seguimiento de cualquier conversaci\u00f3n por correo electr\u00f3nico o por escrito. Solicite presupuestos y acuerdos por escrito.<\/span><\/li>\n<li><span style=\"font-weight: 400;\"> Proporcionarle informaci\u00f3n y recursos que de otra manera ser\u00edan dif\u00edciles de encontrar en el proceso de reclamos.<\/span><\/li>\n<\/ul>\n[\/vc_column_text][\/vc_column][\/vc_row]\n","protected":false},"excerpt":{"rendered":"<p>[vc_row][vc_column][vc_empty_space][vc_column_text]<br \/>\nGRAN P\u00c9RDIDA<\/p>\n<p>Las reclamaciones por gran p\u00e9rdida son muy complejas, ya que cubren varios aspectos\u00a0 de la reconstrucci\u00f3n. Las residencias utilizan acabados y materiales costosos que deben tenerse en cuenta al presentar una reclamaci\u00f3n. Las empresas de seguros requerir\u00e1n una gran cantidad de documentos\u00a0 para determinar el mejor proceso. Esto puede llevar mucho tiempo, por lo que necesita un ajustador p\u00fablico experimentado a su lado.[\/vc_column_text][vc_empty_space][\/vc_column][\/vc_row][vc_row][vc_column width=\u00bb2\/3&#8243;][vc_column_text]<br \/>\nRECLAMO POR GRAN P\u00c9RDIDA:<br \/>\n[\/vc_column_text][vc_column_text]<\/p>\n<p>Con un proceso de reclamaciones tan complejo, la compa\u00f1\u00eda de seguros puede intentar tomar el control de todo el proceso, lo que significa<\/p>\n","protected":false},"author":4,"featured_media":0,"parent":578,"menu_order":0,"comment_status":"closed","ping_status":"closed","template":"page-fullwidth.php","meta":{"footnotes":""},"class_list":["post-660","page","type-page","status-publish","hentry"],"_links":{"self":[{"href":"https:\/\/hdgpublicadjusters.com\/es\/wp-json\/wp\/v2\/pages\/660","targetHints":{"allow":["GET"]}}],"collection":[{"href":"https:\/\/hdgpublicadjusters.com\/es\/wp-json\/wp\/v2\/pages"}],"about":[{"href":"https:\/\/hdgpublicadjusters.com\/es\/wp-json\/wp\/v2\/types\/page"}],"author":[{"embeddable":true,"href":"https:\/\/hdgpublicadjusters.com\/es\/wp-json\/wp\/v2\/users\/4"}],"replies":[{"embeddable":true,"href":"https:\/\/hdgpublicadjusters.com\/es\/wp-json\/wp\/v2\/comments?post=660"}],"version-history":[{"count":9,"href":"https:\/\/hdgpublicadjusters.com\/es\/wp-json\/wp\/v2\/pages\/660\/revisions"}],"predecessor-version":[{"id":974,"href":"https:\/\/hdgpublicadjusters.com\/es\/wp-json\/wp\/v2\/pages\/660\/revisions\/974"}],"up":[{"embeddable":true,"href":"https:\/\/hdgpublicadjusters.com\/es\/wp-json\/wp\/v2\/pages\/578"}],"wp:attachment":[{"href":"https:\/\/hdgpublicadjusters.com\/es\/wp-json\/wp\/v2\/media?parent=660"}],"curies":[{"name":"wp","href":"https:\/\/api.w.org\/{rel}","templated":true}]}}