{"id":659,"date":"2019-07-04T21:08:26","date_gmt":"2019-07-04T21:08:26","guid":{"rendered":"http:\/\/hdgpublicadjusters.com\/?page_id=659"},"modified":"2019-07-18T19:39:09","modified_gmt":"2019-07-18T19:39:09","slug":"reclamaciones-por-danos-por-relampagos","status":"publish","type":"page","link":"https:\/\/hdgpublicadjusters.com\/es\/tipos-de-reclamos\/reclamaciones-por-danos-por-relampagos\/","title":{"rendered":"RECLAMOS DE DA\u00d1OS POR REL\u00c1MPAGOS"},"content":{"rendered":"[vc_row][vc_column][vc_empty_space][vc_column_text]\n<h1><strong>RECLAMOS DE DA\u00d1OS POR REL\u00c1MPAGOS<\/strong><\/h1>\n<p><span style=\"font-weight: 400;\">Los reclamos de da\u00f1os por rel\u00e1mpagos, agregan aspectos \u00fanicos al proceso, ya que son muy impredecibles. Algunos da\u00f1os causados \u200b\u200bpor rel\u00e1mpagos pueden ser descubiertos inmediatamente, mientras que otros da\u00f1os pueden tomar tiempo en salir a la superficie. Los rel\u00e1mpagos y las sobrecargas de energ\u00eda pueden afectar electrodom\u00e9sticos, electr\u00f3nica, sistemas telef\u00f3nicos, computadoras, accesorios el\u00e9ctricos y la infraestructura el\u00e9ctrica de su vivienda.<\/span>[\/vc_column_text][vc_empty_space][vc_empty_space][\/vc_column][\/vc_row][vc_row][vc_column width=\u00bb2\/3&#8243;][vc_column_text]\n<h2>\u00a0SOBRE LA RECLAMACI\u00d3N DE DA\u00d1OS POR REL\u00c1MPAGOS:<\/h2>\n[\/vc_column_text][vc_column_text]<a href=\"http:\/\/hdgpublicadjusters.com\/wp-content\/uploads\/2015\/12\/lightning.jpg\" rel=\"attachment wp-att-340\"><img loading=\"lazy\" decoding=\"async\" class=\"size-full wp-image-340 alignleft\" src=\"http:\/\/hdgpublicadjusters.com\/wp-content\/uploads\/2015\/12\/lightning.jpg\" alt=\"lightning\" width=\"470\" height=\"390\" \/><\/a><\/p>\n<p><span style=\"font-weight: 400;\">Si puede determinar de d\u00f3nde provino la subida de tensi\u00f3n, esto beneficiar\u00e1 su reclamaci\u00f3n, ya que algunas compa\u00f1\u00edas de seguros no pagar\u00e1n una subida fuera del sitio de descarga, por lo que la extensi\u00f3n del da\u00f1o debe tenerse en cuenta.<\/span><\/p>\n<p><span style=\"font-weight: 400;\">Cuando es dif\u00edcil determinar el da\u00f1o, se puede recurrir a expertos para evaluar mejor la situaci\u00f3n como ingenieros el\u00e9ctricos, expertos en electr\u00f3nica y expertos en electrodom\u00e9sticos. Esto le ayudar\u00e1 a determinar si los art\u00edculos da\u00f1ados son una p\u00e9rdida total o pueden repararse.<\/span><\/p>\n<p><span style=\"font-weight: 400;\">En algunos casos, un rel\u00e1mpago tambi\u00e9n puede provocar un incendio. Por lo general, esto estar\u00eda cubierto bajo una parte diferente de la p\u00f3liza por da\u00f1os de incendio.<\/span><\/p>\n<p><span style=\"font-weight: 400;\">Llame a los Ajustadores P\u00fablicos de HDG para obtener orientaci\u00f3n en el proceso de reclamaciones y asegurarse de que se tengan en cuenta sus intereses de la mejor manera.<\/span>[\/vc_column_text][vc_empty_space][vc_cta h2=\u00bb\u00bb style=\u00bb3d\u00bb color=\u00bbturquoise\u00bb add_button=\u00bbright\u00bb btn_title=\u00bbREVISI\u00d3N DE RECLAMACI\u00d3N GRATIS\u00bb btn_style=\u00bb3d\u00bb btn_color=\u00bbblack\u00bb btn_align=\u00bbright\u00bb btn_button_block=\u00bbtrue\u00bb btn_add_icon=\u00bbtrue\u00bb btn_link=\u00bburl:http%3A%2F%2Fhdgpublicadjusters.com%2Fes%2Fcontacto%2F|||\u00bb]\n<h2><strong>\u00a1OBTENGA UNA CONSULTA DE RECLAMO DE SEGURO GRATIS !<br \/>\n<\/strong><\/h2>\n<h3>LLAME AL 813-770-5415<\/h3>\n[\/vc_cta][vc_empty_space][\/vc_column][vc_column width=\u00bb1\/3&#8243;][vc_column_text]\n<h2><strong>DATOS DE REL\u00c1MPAGOS:<br \/>\n<\/strong><\/h2>\n<p>\u25cf Los rel\u00e1mpagos causan un promedio de 80 muertes y 300 lesiones cada a\u00f1o.<br \/>\n\u25cf La energ\u00eda de un rel\u00e1mpago podr\u00eda encender una bombilla de 100 vatios durante m\u00e1s de 3 meses.<br \/>\n\u25cfSolo alrededor del 10% de las personas afectadas por un rel\u00e1mpago mueren. El 90% sobrevive, pero casi el 25% de estos sobrevivientes sufren traumas psicol\u00f3gicos o fisiol\u00f3gicos de manera permanente.<\/p>\n<p>\u25cf El 92% de las lesiones y muertes por rel\u00e1mpagos se producen entre mayo y septiembre.<br \/>\n\u25cf El 45% de las muertes y el 80% de las lesiones ocurren en estos meses entre las 10 am y las 7 pm.<br \/>\n\u25cf Los zapatos con suela de goma y los neum\u00e1ticos de goma NO proporcionan protecci\u00f3n contra los rel\u00e1mpagos.<br \/>\n\u25cf Los rayos pueden impactar a m\u00e1s de 10 millas de distancia de cualquier lluvia. M\u00e1s del 50% de las muertes por rel\u00e1mpagos se producen DESPU\u00c9S de que la tormenta haya pasado.<\/p>\n<p>Obtenido de NOAA[\/vc_column_text][\/vc_column][\/vc_row]\n","protected":false},"excerpt":{"rendered":"<p>[vc_row][vc_column][vc_empty_space][vc_column_text]<br \/>\nRECLAMOS DE DA\u00d1OS POR REL\u00c1MPAGOS<\/p>\n<p>Los reclamos de da\u00f1os por rel\u00e1mpagos, agregan aspectos \u00fanicos al proceso, ya que son muy impredecibles. Algunos da\u00f1os causados \u200b\u200bpor rel\u00e1mpagos pueden ser descubiertos inmediatamente, mientras que otros da\u00f1os pueden tomar tiempo en salir a la superficie. Los rel\u00e1mpagos y las sobrecargas de energ\u00eda pueden afectar electrodom\u00e9sticos, electr\u00f3nica, sistemas telef\u00f3nicos, computadoras, accesorios el\u00e9ctricos y la infraestructura el\u00e9ctrica de su vivienda.[\/vc_column_text][vc_empty_space][vc_empty_space][\/vc_column][\/vc_row][vc_row][vc_column width=\u00bb2\/3&#8243;][vc_column_text]<br \/>\n\u00a0SOBRE LA RECLAMACI\u00d3N DE DA\u00d1OS POR REL\u00c1MPAGOS:<br \/>\n[\/vc_column_text][vc_column_text]<\/p>\n<p>Si puede determinar de d\u00f3nde provino la subida de tensi\u00f3n, esto beneficiar\u00e1 su reclamaci\u00f3n, ya que algunas compa\u00f1\u00edas de seguros<\/p>\n","protected":false},"author":4,"featured_media":0,"parent":578,"menu_order":0,"comment_status":"closed","ping_status":"closed","template":"page-fullwidth.php","meta":{"footnotes":""},"class_list":["post-659","page","type-page","status-publish","hentry"],"_links":{"self":[{"href":"https:\/\/hdgpublicadjusters.com\/es\/wp-json\/wp\/v2\/pages\/659","targetHints":{"allow":["GET"]}}],"collection":[{"href":"https:\/\/hdgpublicadjusters.com\/es\/wp-json\/wp\/v2\/pages"}],"about":[{"href":"https:\/\/hdgpublicadjusters.com\/es\/wp-json\/wp\/v2\/types\/page"}],"author":[{"embeddable":true,"href":"https:\/\/hdgpublicadjusters.com\/es\/wp-json\/wp\/v2\/users\/4"}],"replies":[{"embeddable":true,"href":"https:\/\/hdgpublicadjusters.com\/es\/wp-json\/wp\/v2\/comments?post=659"}],"version-history":[{"count":12,"href":"https:\/\/hdgpublicadjusters.com\/es\/wp-json\/wp\/v2\/pages\/659\/revisions"}],"predecessor-version":[{"id":980,"href":"https:\/\/hdgpublicadjusters.com\/es\/wp-json\/wp\/v2\/pages\/659\/revisions\/980"}],"up":[{"embeddable":true,"href":"https:\/\/hdgpublicadjusters.com\/es\/wp-json\/wp\/v2\/pages\/578"}],"wp:attachment":[{"href":"https:\/\/hdgpublicadjusters.com\/es\/wp-json\/wp\/v2\/media?parent=659"}],"curies":[{"name":"wp","href":"https:\/\/api.w.org\/{rel}","templated":true}]}}