{"id":658,"date":"2015-10-16T00:15:48","date_gmt":"2015-10-16T00:15:48","guid":{"rendered":"http:\/\/hdgpublicadjusters.com\/tipos-de-reclamaciones\/firesmoke\/"},"modified":"2019-07-18T19:39:16","modified_gmt":"2019-07-18T19:39:16","slug":"dano-por-incendio","status":"publish","type":"page","link":"https:\/\/hdgpublicadjusters.com\/es\/tipos-de-reclamos\/dano-por-incendio\/","title":{"rendered":"DA\u00d1OS POR HUMO E INCENDIO"},"content":{"rendered":"[vc_row][vc_column][vc_empty_space][vc_column_text]\n<h1>DA\u00d1OS POR HUMO E INCENDIO<\/h1>\n<p><span style=\"font-weight: 400;\">Un incendio puede ser uno de los desastres m\u00e1s devastadores que puede da\u00f1ar su hogar. Una peque\u00f1a chispa puede incendiar todo un edificio o casa y puede suceder mucho m\u00e1s r\u00e1pidamente de lo que uno podr\u00eda pensar. El da\u00f1o por incendio es devastador, ya que no solo puede tomar su hogar, sino que puede tomar todas sus pertenencias. Adem\u00e1s, si se encontraba dentro de la casa durante el incendio, el da\u00f1o del humo\u00a0 lo puede enfermar. Un ajustador de seguros de HDG puede ayudarlo con su reclamo de da\u00f1os por incendio.<\/span>[\/vc_column_text][vc_empty_space][\/vc_column][\/vc_row][vc_row][vc_column width=\u00bb2\/3&#8243;][vc_column_text]\n<h2><span style=\"font-weight: 400;\">C\u00d3MO ENTENDER SU P\u00d3LIZA DE SEGUROS<\/span><\/h2>\n<p><a href=\"http:\/\/hdgpublicadjusters.com\/wp-content\/uploads\/2015\/10\/firesmoke.jpg\"><img loading=\"lazy\" decoding=\"async\" class=\"size-full wp-image-276 alignleft\" src=\"http:\/\/hdgpublicadjusters.com\/wp-content\/uploads\/2015\/10\/firesmoke.jpg\" alt=\"firesmoke\" width=\"470\" height=\"390\" \/><\/a><\/p>\n<p><span style=\"font-weight: 400;\">Haga que HDG revise el da\u00f1o y el papeleo de su reclamo para ayudarlo a obtener lo que necesita de la compa\u00f1\u00eda de seguros. No se confunda en el proceso, estamos aqu\u00ed para ayudarlo.<\/span><\/p>\n<p><span style=\"font-weight: 400;\">Tenga cuidado de no firmar documentaci\u00f3n en blanco, ya que esto puede iniciar el proceso sin que usted se d\u00e9 cuenta. Esto puede ocasionar problemas despu\u00e9s de que se haya completado el trabajo si a\u00fan est\u00e1 trabajando con la compa\u00f1\u00eda de seguros. A veces, el contratista presentar\u00e1 un \u00abaviso al propietario\u00bb para proteger sus derechos de retenci\u00f3n.<\/span><\/p>\n<h2><span style=\"font-weight: 400;\">\u00bfERES PROPIETARIO DE NEGOCIOS?<\/span><\/h2>\n<p><span style=\"font-weight: 400;\">Los due\u00f1os de negocios tienen m\u00e1s que solamente da\u00f1os materiales por los que preocuparse, tambi\u00e9n debe velar\u00a0 por las necesidades de los empleados, clientes, socios y cualquier otra obligaci\u00f3n contractual que tenga la empresa. No deje que estos problemas lo perjudiquen, permita que HDG lo ayude.<\/span><\/p>\n<h2><span style=\"font-weight: 400;\">\u00bfERES PROPIETARIO?<\/span><\/h2>\n<p><span style=\"font-weight: 400;\">Tratar con la p\u00e9rdida de objetos personales y propiedades es bastante estresante. No permita que la compa\u00f1\u00eda de seguros lo intimide por reclamos. Aunque es posible que desee comenzar lo antes posible con el proceso de limpieza y restauraci\u00f3n, aseg\u00farese de que comprende sus derechos y responsabilidades en virtud de su p\u00f3liza de seguro. Es posible que haya m\u00e1s opciones disponibles para usted, como por ejemplo si debe declarar una p\u00e9rdida total o comenzar la restauraci\u00f3n. Esto no se determina f\u00e1cilmente sin la ayuda de un ajustador.<\/span>[\/vc_column_text][vc_row_inner][vc_column_inner][vc_column_text]\n<h2><span style=\"font-weight: 400;\">PROCESO DE EVALUACI\u00d3N<\/span><\/h2>\n<p><a href=\"http:\/\/hdgpublicadjusters.com\/wp-content\/uploads\/2015\/10\/smoke.jpg\"><img loading=\"lazy\" decoding=\"async\" class=\"size-full wp-image-275 alignright\" src=\"http:\/\/hdgpublicadjusters.com\/wp-content\/uploads\/2015\/10\/smoke.jpg\" alt=\"smoke\" width=\"470\" height=\"390\" \/><\/a><\/p>\n<p><span style=\"font-weight: 400;\">El proceso de evaluaci\u00f3n puede ser dif\u00edcil ya que el da\u00f1o por incendio generalmente se combina con el humo, el agua y el da\u00f1o del holl\u00edn, lo que hace que sea a\u00fan m\u00e1s dif\u00edcil evaluar el da\u00f1o real que se ha producido.<\/span><\/p>\n<h2><span style=\"font-weight: 400;\">RECONSTRUCCI\u00d3N Y RESTAURACI\u00d3N<\/span><\/h2>\n<p><span style=\"font-weight: 400;\">Despu\u00e9s de evaluar el da\u00f1o, el proceso puede comenzar con las reparaciones. Tenga en cuenta que la restauraci\u00f3n puede ser costosa y que necesita tener a alguien de su lado que vele por sus intereses.<\/span><\/p>\n<p><span style=\"font-weight: 400;\">Algunos da\u00f1os pueden ser dif\u00edciles de ver y debe asegurarse de haber presentado una reclamaci\u00f3n que cubra cualquier costo oculto. Se necesitan empresas especializadas para eliminar los da\u00f1os causados \u200b\u200bpor el humo, limpiar los muebles, las alfombras, las paredes de holl\u00edn, humo y eliminar el olor. Esos costos potenciales pueden sumarse si no se documentan adecuadamente en su reclamo.<\/span>[\/vc_column_text][\/vc_column_inner][\/vc_row_inner][vc_empty_space][vc_row_inner][vc_column_inner][vc_cta h2=\u00bb\u00bb style=\u00bb3d\u00bb color=\u00bbturquoise\u00bb add_button=\u00bbright\u00bb btn_title=\u00bbREVISI\u00d3N DE RECLAMOS GRATIS\u00bb btn_style=\u00bb3d\u00bb btn_color=\u00bbblack\u00bb btn_align=\u00bbright\u00bb btn_button_block=\u00bbtrue\u00bb btn_add_icon=\u00bbtrue\u00bb btn_link=\u00bburl:http%3A%2F%2Fhdgpublicadjusters.com%2Fes%2Fcontacto%2F|||\u00bb]\n<h3><span style=\"font-weight: 400;\">\u00a1OBTENGA UNA REVISI\u00d3N DE RECLAMACIONES GRATIS !<\/span><\/h3>\n<h3><span style=\"font-weight: 400;\">LLAME AL 813-770-5415<\/span><\/h3>\n[\/vc_cta][\/vc_column_inner][\/vc_row_inner][vc_empty_space][\/vc_column][vc_column width=\u00bb1\/3&#8243;][vc_column_text]\n<h3><strong>Algunas causas de da\u00f1os por incendio son:<\/strong><\/h3>\n<ul>\n<li>Incendios en la cocina<\/li>\n<li>Incendios el\u00e9ctricos<\/li>\n<li>Incendio Provocado<\/li>\n<li>Incendios en la chimenea<\/li>\n<\/ul>\n<p>Incluso si tiene una p\u00f3liza de seguro que cubre da\u00f1os por incendio, es posible que necesite ayuda para llevar el proceso de reclamo.<\/p>\n<h3>Cosas a tener en cuenta:<\/h3>\n<p>Cuando una estructura se quema puede liberar \u00e1cido hidrocl\u00f3rico que es corrosivo.<\/p>\n<p>El calor del fuego presuriza el humo y lo empujar\u00e1 a otras \u00e1reas de la estructura, lo que puede afectar a la vida \u00fatil de la electr\u00f3nica y los equipos mec\u00e1nicos, entre otras cosas.[\/vc_column_text][\/vc_column][\/vc_row]\n","protected":false},"excerpt":{"rendered":"<p>[vc_row][vc_column][vc_empty_space][vc_column_text]<br \/>\nDA\u00d1OS POR HUMO E INCENDIO<\/p>\n<p>Un incendio puede ser uno de los desastres m\u00e1s devastadores que puede da\u00f1ar su hogar. Una peque\u00f1a chispa puede incendiar todo un edificio o casa y puede suceder mucho m\u00e1s r\u00e1pidamente de lo que uno podr\u00eda pensar. El da\u00f1o por incendio es devastador, ya que no solo puede tomar su hogar, sino que puede tomar todas sus pertenencias. Adem\u00e1s, si se encontraba dentro de la casa durante el incendio, el da\u00f1o del humo\u00a0 lo puede enfermar. Un ajustador de seguros de HDG puede ayudarlo con su<\/p>\n","protected":false},"author":1,"featured_media":0,"parent":578,"menu_order":0,"comment_status":"closed","ping_status":"closed","template":"page-fullwidth.php","meta":{"footnotes":""},"class_list":["post-658","page","type-page","status-publish","hentry"],"_links":{"self":[{"href":"https:\/\/hdgpublicadjusters.com\/es\/wp-json\/wp\/v2\/pages\/658","targetHints":{"allow":["GET"]}}],"collection":[{"href":"https:\/\/hdgpublicadjusters.com\/es\/wp-json\/wp\/v2\/pages"}],"about":[{"href":"https:\/\/hdgpublicadjusters.com\/es\/wp-json\/wp\/v2\/types\/page"}],"author":[{"embeddable":true,"href":"https:\/\/hdgpublicadjusters.com\/es\/wp-json\/wp\/v2\/users\/1"}],"replies":[{"embeddable":true,"href":"https:\/\/hdgpublicadjusters.com\/es\/wp-json\/wp\/v2\/comments?post=658"}],"version-history":[{"count":10,"href":"https:\/\/hdgpublicadjusters.com\/es\/wp-json\/wp\/v2\/pages\/658\/revisions"}],"predecessor-version":[{"id":977,"href":"https:\/\/hdgpublicadjusters.com\/es\/wp-json\/wp\/v2\/pages\/658\/revisions\/977"}],"up":[{"embeddable":true,"href":"https:\/\/hdgpublicadjusters.com\/es\/wp-json\/wp\/v2\/pages\/578"}],"wp:attachment":[{"href":"https:\/\/hdgpublicadjusters.com\/es\/wp-json\/wp\/v2\/media?parent=658"}],"curies":[{"name":"wp","href":"https:\/\/api.w.org\/{rel}","templated":true}]}}