{"id":652,"date":"2019-07-04T20:46:34","date_gmt":"2019-07-04T20:46:34","guid":{"rendered":"http:\/\/hdgpublicadjusters.com\/?page_id=652"},"modified":"2019-07-07T23:21:30","modified_gmt":"2019-07-07T23:21:30","slug":"dano-de-explosion","status":"publish","type":"page","link":"https:\/\/hdgpublicadjusters.com\/es\/tipos-de-reclamos\/dano-de-explosion\/","title":{"rendered":"Da\u00f1o por Explosi\u00f3n"},"content":{"rendered":"[vc_row][vc_column][vc_empty_space][vc_column_text]\n<h1><span style=\"font-weight: 400;\">DA\u00d1O POR EXPLOSI\u00d3N<\/span><\/h1>\n[\/vc_column_text][\/vc_column][\/vc_row][vc_row][vc_column width=\u00bb2\/3&#8243;][vc_column_text]<a href=\"http:\/\/hdgpublicadjusters.com\/wp-content\/uploads\/2015\/12\/buildingcollapse1.jpg\"><img loading=\"lazy\" decoding=\"async\" class=\"size-full wp-image-249 alignleft\" src=\"http:\/\/hdgpublicadjusters.com\/wp-content\/uploads\/2015\/12\/buildingcollapse1.jpg\" alt=\"buildingcollapse\" width=\"470\" height=\"390\" \/><\/a><span style=\"font-weight: 400;\">Por lo general, las p\u00f3lizas de explosi\u00f3n son una extensi\u00f3n de una p\u00f3liza de seguro contra incendios est\u00e1ndar. Estos tipos de p\u00f3lizas pueden cubrir da\u00f1os adicionales causados \u200b\u200bpor incendios e iluminaci\u00f3n. Sin embargo, existe una cobertura adicional opcional que manejar\u00e1 lo que se considera riesgos poco probables o poco comunes. A veces, el seguro contra explosiones cubrir\u00e1 no solo las explosiones, sino tambi\u00e9n la protecci\u00f3n de da\u00f1os a la propiedad contra da\u00f1os causados \u200b\u200bpor disturbios, da\u00f1os a veh\u00edculos, accidentes de avi\u00f3n o eventos de desobediencia civil. Otros peligros que se han incluido en el pasado tambi\u00e9n incluyen da\u00f1os por fuego, humo, viento y granizo.<\/span>[\/vc_column_text][vc_empty_space][vc_empty_space][vc_cta h2=\u00bb\u00bb style=\u00bb3d\u00bb color=\u00bbturquoise\u00bb add_button=\u00bbright\u00bb btn_title=\u00bbREVISI\u00d3N DE RECLAMACI\u00d3N GRATIS\u00bb btn_style=\u00bb3d\u00bb btn_color=\u00bbblack\u00bb btn_align=\u00bbright\u00bb btn_button_block=\u00bbtrue\u00bb btn_add_icon=\u00bbtrue\u00bb btn_link=\u00bburl:http%3A%2F%2Fhdgpublicadjusters.com%2Fes%2Fcontacto%2F|||\u00bb]\n<h2>\u00a1OBTENGA UNA REVISI\u00d3N DE RECLAMACIONES GRATIS!<\/h2>\n<h3>LLAME AL 813-770-5414<\/h3>\n[\/vc_cta][vc_empty_space][\/vc_column][vc_column width=\u00bb1\/3&#8243;][vc_column_text]<span style=\"font-weight: 400;\">Debe entender completamente lo que cubre su p\u00f3liza. Algunas p\u00f3lizas no cubrir\u00e1n las explosiones de la caldera de vapor ya que es una cobertura separada, pero cubrir\u00e1n parrillas de propano, hornos de petr\u00f3leo y explosiones de latas de aerosol.<\/span><\/p>\n<p><span style=\"font-weight: 400;\">Las p\u00f3lizas de seguro contra explosiones generalmente pueden ser de uso comercial o industrial, pero hay una cobertura limitada disponible para los propietarios, a menos que se compre una cobertura adicional.<\/span>[\/vc_column_text][\/vc_column][\/vc_row]\n","protected":false},"excerpt":{"rendered":"<p>[vc_row][vc_column][vc_empty_space][vc_column_text]<br \/>\nDA\u00d1O POR EXPLOSI\u00d3N<br \/>\n[\/vc_column_text][\/vc_column][\/vc_row][vc_row][vc_column width=\u00bb2\/3&#8243;][vc_column_text]Por lo general, las p\u00f3lizas de explosi\u00f3n son una extensi\u00f3n de una p\u00f3liza de seguro contra incendios est\u00e1ndar. Estos tipos de p\u00f3lizas pueden cubrir da\u00f1os adicionales causados \u200b\u200bpor incendios e iluminaci\u00f3n. Sin embargo, existe una cobertura adicional opcional que manejar\u00e1 lo que se considera riesgos poco probables o poco comunes. A veces, el seguro contra explosiones cubrir\u00e1 no solo las explosiones, sino tambi\u00e9n la protecci\u00f3n de da\u00f1os a la propiedad contra da\u00f1os causados \u200b\u200bpor disturbios, da\u00f1os a veh\u00edculos, accidentes de avi\u00f3n o eventos de desobediencia civil. Otros<\/p>\n","protected":false},"author":4,"featured_media":0,"parent":578,"menu_order":0,"comment_status":"closed","ping_status":"closed","template":"page-fullwidth.php","meta":{"footnotes":""},"class_list":["post-652","page","type-page","status-publish","hentry"],"_links":{"self":[{"href":"https:\/\/hdgpublicadjusters.com\/es\/wp-json\/wp\/v2\/pages\/652","targetHints":{"allow":["GET"]}}],"collection":[{"href":"https:\/\/hdgpublicadjusters.com\/es\/wp-json\/wp\/v2\/pages"}],"about":[{"href":"https:\/\/hdgpublicadjusters.com\/es\/wp-json\/wp\/v2\/types\/page"}],"author":[{"embeddable":true,"href":"https:\/\/hdgpublicadjusters.com\/es\/wp-json\/wp\/v2\/users\/4"}],"replies":[{"embeddable":true,"href":"https:\/\/hdgpublicadjusters.com\/es\/wp-json\/wp\/v2\/comments?post=652"}],"version-history":[{"count":6,"href":"https:\/\/hdgpublicadjusters.com\/es\/wp-json\/wp\/v2\/pages\/652\/revisions"}],"predecessor-version":[{"id":846,"href":"https:\/\/hdgpublicadjusters.com\/es\/wp-json\/wp\/v2\/pages\/652\/revisions\/846"}],"up":[{"embeddable":true,"href":"https:\/\/hdgpublicadjusters.com\/es\/wp-json\/wp\/v2\/pages\/578"}],"wp:attachment":[{"href":"https:\/\/hdgpublicadjusters.com\/es\/wp-json\/wp\/v2\/media?parent=652"}],"curies":[{"name":"wp","href":"https:\/\/api.w.org\/{rel}","templated":true}]}}