{"id":644,"date":"2019-07-04T20:42:48","date_gmt":"2019-07-04T20:42:48","guid":{"rendered":"http:\/\/hdgpublicadjusters.com\/?page_id=644"},"modified":"2019-07-18T19:39:08","modified_gmt":"2019-07-18T19:39:08","slug":"interrupcion-de-negocio","status":"publish","type":"page","link":"https:\/\/hdgpublicadjusters.com\/es\/tipos-de-reclamos\/interrupcion-de-negocio\/","title":{"rendered":"Interrupci\u00f3n de negocio"},"content":{"rendered":"[vc_row][vc_column][vc_empty_space][vc_column_text]\n<h1><strong>INTERRUPCI\u00d3N DE NEGOCIO<br \/>\n<\/strong><\/h1>\n<p><span style=\"font-weight: 400;\">Los reclamos de interrupci\u00f3n de negocios son uno de los tipos de reclamos m\u00e1s complicados, ya que hay muchos factores que determinan lo que constituye una p\u00e9rdida o no.<\/span><\/p>\n<p><span style=\"font-weight: 400;\">El da\u00f1o f\u00edsico a un negocio puede causar una interrupci\u00f3n y puede ser cubierto por un reclamo de interrupci\u00f3n de negocio. El negocio tendr\u00eda que demostrar que durante el tiempo de la interrupci\u00f3n incurri\u00f3 en p\u00e9rdidas. Por lo general, las reclamaciones de interrupci\u00f3n de negocios b\u00e1sicas solo pagan el tiempo que lleva reparar o reemplazar lo que se ha da\u00f1ado.<\/span>[\/vc_column_text][vc_empty_space][\/vc_column][\/vc_row][vc_row][vc_column width=\u00bb2\/3&#8243;][vc_column_text]\n<h2><strong>\u00bf Qu\u00e9 necesito para probar mi p\u00e9rdida?<br \/>\n<\/strong><\/h2>\n[\/vc_column_text][vc_column_text]<a href=\"http:\/\/hdgpublicadjusters.com\/wp-content\/uploads\/2015\/12\/interruption.jpg\"><img loading=\"lazy\" decoding=\"async\" class=\"size-full wp-image-259 alignleft\" src=\"http:\/\/hdgpublicadjusters.com\/wp-content\/uploads\/2015\/12\/interruption.jpg\" alt=\"interruption\" width=\"470\" height=\"390\" \/><\/a><\/p>\n<p><span style=\"font-weight: 400;\">Es muy probable que las empresas deban proporcionar documentaci\u00f3n de respaldo, como el historial de negocios, el estado de ingresos y el estado de gastos.<\/span><\/p>\n<p><span style=\"font-weight: 400;\">La historia del negocio abarcar\u00eda lo siguiente:<\/span><\/p>\n<p><span style=\"font-weight: 400;\">C\u00f3mo afect\u00f3 el da\u00f1o f\u00edsico al t\u00e9rmino del a\u00f1o fiscal de la empresa, el da\u00f1o real a la propiedad, el inventario o los bienes que se produjeron en el sitio, los servicios prestados, cu\u00e1ntos empleados hay, si hay proveedores o clientes, y cu\u00e1les son las horas de funcionamiento del negocio.<\/span><\/p>\n<h3><strong>Los ingresos del negocio se pueden comprobar a trav\u00e9s de:<\/strong><\/h3>\n<ul>\n<li style=\"font-weight: 400;\"><span style=\"font-weight: 400;\">Declaraciones de impuestos.<\/span><\/li>\n<li style=\"font-weight: 400;\"><span style=\"font-weight: 400;\">Estados de cuenta bancarios.<\/span><\/li>\n<li style=\"font-weight: 400;\"><span style=\"font-weight: 400;\">Cuentas de ingresos mensuales.<\/span><\/li>\n<li style=\"font-weight: 400;\"><span style=\"font-weight: 400;\">Declaraciones de impuestos de ventas.<\/span><\/li>\n<li style=\"font-weight: 400;\"><span style=\"font-weight: 400;\">Software de contabilidad o libros contables.<\/span><\/li>\n<li style=\"font-weight: 400;\"><span style=\"font-weight: 400;\">Registros de ventas.<\/span><\/li>\n<li style=\"font-weight: 400;\"><span style=\"font-weight: 400;\">Recibos de venta.<\/span><\/li>\n<li style=\"font-weight: 400;\"><span style=\"font-weight: 400;\">Previsiones de ventas.<\/span><\/li>\n<li style=\"font-weight: 400;\"><span style=\"font-weight: 400;\">Planes de negocios.<\/span><\/li>\n<\/ul>\n<h3>Los gastos del negocio se pueden comprobar a trav\u00e9s de:<\/h3>\n<ul>\n<li style=\"font-weight: 400;\"><span style=\"font-weight: 400;\">Datos de producci\u00f3n antes de la p\u00e9rdida.<\/span><\/li>\n<li style=\"font-weight: 400;\"><span style=\"font-weight: 400;\">Datos de producci\u00f3n durante la p\u00e9rdida.<\/span><\/li>\n<li style=\"font-weight: 400;\"><span style=\"font-weight: 400;\">Datos de producci\u00f3n despu\u00e9s de la p\u00e9rdida.<\/span><\/li>\n<li style=\"font-weight: 400;\"><span style=\"font-weight: 400;\">Registros fiscales de n\u00f3mina y n\u00f3mina de empleados.<\/span><\/li>\n<li style=\"font-weight: 400;\"><span style=\"font-weight: 400;\">Contratos de arrendamiento.<\/span><\/li>\n<li style=\"font-weight: 400;\"><span style=\"font-weight: 400;\">Contratos de franquicia.<\/span><\/li>\n<li style=\"font-weight: 400;\"><span style=\"font-weight: 400;\">Facturas de servicios p\u00fablicos.<\/span><\/li>\n<li style=\"font-weight: 400;\"><span style=\"font-weight: 400;\">Acuerdos de pr\u00e9stamo.<\/span><\/li>\n<li style=\"font-weight: 400;\"><span style=\"font-weight: 400;\">Cotizaciones y recibos de contratistas para reparar el trabajo.<\/span><\/li>\n<\/ul>\n<p><span style=\"font-weight: 400;\">Dado que hay muchos factores que pueden afectar una reclamaci\u00f3n por interrupci\u00f3n del negocio, debe tener cuidado con lo que est\u00e1 cubriendo su p\u00f3liza. Las cosas como la p\u00e9rdida de mercado, los salarios de los empleados, la depreciaci\u00f3n y las tendencias de ventas marcan la diferencia al presentar un reclamo.<\/span>[\/vc_column_text][vc_empty_space][vc_cta h2=\u00bb\u00bb style=\u00bb3d\u00bb color=\u00bbturquoise\u00bb add_button=\u00bbright\u00bb btn_title=\u00bbREVISI\u00d3N DE RECLAMACI\u00d3N GRATIS\u00bb btn_style=\u00bb3d\u00bb btn_color=\u00bbblack\u00bb btn_align=\u00bbright\u00bb btn_button_block=\u00bbtrue\u00bb btn_add_icon=\u00bbtrue\u00bb btn_link=\u00bburl:http%3A%2F%2Fhdgpublicadjusters.com%2Fes%2Fcontacto%2F|||\u00bb]\n<h2>\u00a1OBTENGA UNA REVISI\u00d3N DE RECLAMACIONES GRATIS!<\/h2>\n<h3><strong>LLAME AL 813-770-5415<\/strong><\/h3>\n[\/vc_cta][vc_empty_space][\/vc_column][vc_column width=\u00bb1\/3&#8243;][vc_column_text]\n<h3>Aseg\u00farese de revisar en su p\u00f3liza:<\/h3>\n<ul>\n<li><span style=\"font-weight: 400;\">Tipos de eventos que cubre la propiedad.<\/span><\/li>\n<li><span style=\"font-weight: 400;\">\u00bfC\u00f3mo se define la interrupci\u00f3n de los ingresos del negocio en su p\u00f3liza?<\/span><\/li>\n<li><span style=\"font-weight: 400;\"> Lo que debe ocurrir para calificar como una reclamaci\u00f3n de interrupci\u00f3n comercial en su p\u00f3liza.<\/span><\/li>\n<li><span style=\"font-weight: 400;\"> \u00bfCu\u00e1nto tiempo debe pasar antes de que la cobertura est\u00e9 activa y por cu\u00e1nto tiempo es v\u00e1lida la cobertura?<\/span><\/li>\n<li><span style=\"font-weight: 400;\"> Aseg\u00farese de comprender los l\u00edmites del seguro con respecto al monto en d\u00f3lares, la cobertura b\u00e1sica y el tiempo en el que pagar\u00e1 su compa\u00f1\u00eda de seguros.<\/span><\/li>\n<\/ul>\n<h3>Necesita cobertura adicional a su p\u00f3liza como:<\/h3>\n<ul>\n<li><span style=\"font-weight: 400;\"> Cobertura de la autoridad civil.<\/span><\/li>\n<li><span style=\"font-weight: 400;\"> Alteraciones y nuevos edificios.<\/span><\/li>\n<li><span style=\"font-weight: 400;\"> Ingreso de negocios extendido.<\/span><\/li>\n<li><span style=\"font-weight: 400;\"> Cobertura de interrupci\u00f3n de negocio contingente.<\/span><\/li>\n<\/ul>\n[\/vc_column_text][\/vc_column][\/vc_row]\n","protected":false},"excerpt":{"rendered":"<p>[vc_row][vc_column][vc_empty_space][vc_column_text]<br \/>\nINTERRUPCI\u00d3N DE NEGOCIO<\/p>\n<p>Los reclamos de interrupci\u00f3n de negocios son uno de los tipos de reclamos m\u00e1s complicados, ya que hay muchos factores que determinan lo que constituye una p\u00e9rdida o no.<\/p>\n<p>El da\u00f1o f\u00edsico a un negocio puede causar una interrupci\u00f3n y puede ser cubierto por un reclamo de interrupci\u00f3n de negocio. El negocio tendr\u00eda que demostrar que durante el tiempo de la interrupci\u00f3n incurri\u00f3 en p\u00e9rdidas. Por lo general, las reclamaciones de interrupci\u00f3n de negocios b\u00e1sicas solo pagan el tiempo que lleva reparar o reemplazar lo que se ha da\u00f1ado.[\/vc_column_text][vc_empty_space][\/vc_column][\/vc_row][vc_row][vc_column<\/p>\n","protected":false},"author":4,"featured_media":0,"parent":578,"menu_order":0,"comment_status":"closed","ping_status":"closed","template":"page-fullwidth.php","meta":{"footnotes":""},"class_list":["post-644","page","type-page","status-publish","hentry"],"_links":{"self":[{"href":"https:\/\/hdgpublicadjusters.com\/es\/wp-json\/wp\/v2\/pages\/644","targetHints":{"allow":["GET"]}}],"collection":[{"href":"https:\/\/hdgpublicadjusters.com\/es\/wp-json\/wp\/v2\/pages"}],"about":[{"href":"https:\/\/hdgpublicadjusters.com\/es\/wp-json\/wp\/v2\/types\/page"}],"author":[{"embeddable":true,"href":"https:\/\/hdgpublicadjusters.com\/es\/wp-json\/wp\/v2\/users\/4"}],"replies":[{"embeddable":true,"href":"https:\/\/hdgpublicadjusters.com\/es\/wp-json\/wp\/v2\/comments?post=644"}],"version-history":[{"count":9,"href":"https:\/\/hdgpublicadjusters.com\/es\/wp-json\/wp\/v2\/pages\/644\/revisions"}],"predecessor-version":[{"id":975,"href":"https:\/\/hdgpublicadjusters.com\/es\/wp-json\/wp\/v2\/pages\/644\/revisions\/975"}],"up":[{"embeddable":true,"href":"https:\/\/hdgpublicadjusters.com\/es\/wp-json\/wp\/v2\/pages\/578"}],"wp:attachment":[{"href":"https:\/\/hdgpublicadjusters.com\/es\/wp-json\/wp\/v2\/media?parent=644"}],"curies":[{"name":"wp","href":"https:\/\/api.w.org\/{rel}","templated":true}]}}