{"id":621,"date":"2019-07-04T20:31:03","date_gmt":"2019-07-04T20:31:03","guid":{"rendered":"http:\/\/hdgpublicadjusters.com\/?page_id=621"},"modified":"2019-07-09T04:20:24","modified_gmt":"2019-07-09T04:20:24","slug":"danos-por-colapso-de-edificio-o-estructural","status":"publish","type":"page","link":"https:\/\/hdgpublicadjusters.com\/es\/tipos-de-reclamos\/danos-por-colapso-de-edificio-o-estructural\/","title":{"rendered":"Da\u00f1os por colapso de edificio o estructural"},"content":{"rendered":"[vc_row][vc_column][vc_empty_space][vc_column_text]\n<h1><span style=\"font-weight: 400;\">DA\u00d1OS POR COLAPSO <\/span><span style=\"font-weight: 400;\">ESTRUCTURAL<\/span><\/h1>\n<p><span style=\"font-weight: 400;\">No debe confundirse el colapso estructural con el da\u00f1o por sumidero. Puede tener problemas con nuevas construcciones cercanas o renovaciones debido a vibraciones de construcci\u00f3n o voladuras. El deterioro oculto puede causar muchos de estos problemas de colapso en edificios. Estos tipos de reclamaciones requieren un amplio conocimiento y persistencia durante el proceso ya que pueden ser dif\u00edcil de resolver.<\/span>[\/vc_column_text][vc_empty_space][\/vc_column][\/vc_row][vc_row][vc_column width=\u00bb2\/3&#8243;][vc_column_text]<span style=\"font-weight: 400;\">RECLAMO POR COLAPSO ESTRUCTURAL<\/span>[\/vc_column_text][vc_column_text css=\u00bb.vc_custom_1562604329681{padding-left: 5px !important;}\u00bb]<a href=\"http:\/\/hdgpublicadjusters.com\/wp-content\/uploads\/2015\/12\/buildingcollapse1.jpg\"><img loading=\"lazy\" decoding=\"async\" class=\"size-full wp-image-249 alignleft\" src=\"http:\/\/hdgpublicadjusters.com\/wp-content\/uploads\/2015\/12\/buildingcollapse1.jpg\" alt=\"buildingcollapse\" width=\"470\" height=\"390\" \/><\/a><\/p>\n<ul>\n<li><span style=\"font-weight: 400;\"> Aseg\u00farese de tener una copia certificada de su p\u00f3liza de seguro.<\/span><\/li>\n<li><span style=\"font-weight: 400;\"> Comprenda c\u00f3mo su p\u00f3liza define el t\u00e9rmino \u00abcolapso\u00bb.<\/span><\/li>\n<li><span style=\"font-weight: 400;\"> No comience la reconstrucci\u00f3n o demolici\u00f3n hasta que est\u00e9 seguro de su plan para un reclamo.<\/span><\/li>\n<li><span style=\"font-weight: 400;\"> Obtenga por escrito lo que la evidencia muestra para el colapso.<\/span><\/li>\n<li><span style=\"font-weight: 400;\"> Averig\u00fce si se ha producido un colapso parcial y si hay alg\u00fan da\u00f1o estructural.<\/span><\/li>\n<li><span style=\"font-weight: 400;\"> Pida a la compa\u00f1\u00eda de seguros que le proporcione la documentaci\u00f3n de la cobertura o la denegaci\u00f3n de la reclamaci\u00f3n.<\/span><\/li>\n<\/ul>\n<p><span style=\"font-weight: 400;\">\u00a1Aseg\u00farese de tener a alguien a su lado! Si su reclamaci\u00f3n se ha retrasado o rechazado o si ha recibido una solicitud de una carta de Reserva de Derechos o un formulario de Prueba de P\u00e9rdida, no dude en comunicarse con Ajustadores P\u00fablicos de HDG.<\/span>[\/vc_column_text][vc_empty_space][vc_cta h2=\u00bb\u00bb style=\u00bb3d\u00bb color=\u00bbturquoise\u00bb add_button=\u00bbright\u00bb btn_title=\u00bbREVISI\u00d3N DE RECLAMACI\u00d3N GRATIS\u00bb btn_style=\u00bb3d\u00bb btn_color=\u00bbblack\u00bb btn_align=\u00bbright\u00bb btn_button_block=\u00bbtrue\u00bb btn_add_icon=\u00bbtrue\u00bb btn_link=\u00bburl:http%3A%2F%2Fhdgpublicadjusters.com%2Fcontacto%2F%3Flang%3Des|||\u00bb]\n<h2>\u00a1OBTENGA UNA REVISI\u00d3N DE RECLAMACIONES GRATIS!<\/h2>\n<h3>LLAME AL 813-770-5415<\/h3>\n[\/vc_cta][vc_empty_space][\/vc_column][vc_column width=\u00bb1\/3&#8243;][vc_column_text]<span style=\"font-weight: 400;\">Colapso<\/span><\/p>\n<p><span style=\"font-weight: 400;\">Con respecto a esta cobertura:<\/span><\/p>\n<p><span style=\"font-weight: 400;\">(1) Colapso significa una ca\u00edda abrupta o hundimiento de un edificio o cualquier parte de un edificio con el resultado que el edificio o parte del edificio no puede ocuparse para su prop\u00f3sito actual.<\/span><\/p>\n<p><span style=\"font-weight: 400;\">(2) Un edificio o cualquier parte de un edificio que est\u00e9 en peligro de caerse o hundirse no se considera en estado de colapso.<\/span><\/p>\n<p><span style=\"font-weight: 400;\">(3) Una parte de un edificio que est\u00e1 en pie no se considera en estado de colapso, incluso si se ha separado de otra parte del edificio.<\/span><\/p>\n<p><span style=\"font-weight: 400;\">(4) Un edificio o cualquier parte de un edificio que est\u00e9 en pie no se considera que est\u00e9 en estado de colapso, incluso si muestra evidencia de grietas, abultamientos, hundimientos, inclinaciones, asentamientos, encogimiento, expansi\u00f3n o contracci\u00f3n.<\/span>[\/vc_column_text][\/vc_column][\/vc_row]\n","protected":false},"excerpt":{"rendered":"<p>[vc_row][vc_column][vc_empty_space][vc_column_text]<br \/>\nDA\u00d1OS POR COLAPSO ESTRUCTURAL<\/p>\n<p>No debe confundirse el colapso estructural con el da\u00f1o por sumidero. Puede tener problemas con nuevas construcciones cercanas o renovaciones debido a vibraciones de construcci\u00f3n o voladuras. El deterioro oculto puede causar muchos de estos problemas de colapso en edificios. Estos tipos de reclamaciones requieren un amplio conocimiento y persistencia durante el proceso ya que pueden ser dif\u00edcil de resolver.[\/vc_column_text][vc_empty_space][\/vc_column][\/vc_row][vc_row][vc_column width=\u00bb2\/3&#8243;][vc_column_text]RECLAMO POR COLAPSO ESTRUCTURAL[\/vc_column_text][vc_column_text css=\u00bb.vc_custom_1562604329681{padding-left: 5px !important;}\u00bb]<\/p>\n<p> Aseg\u00farese de tener una copia certificada de su p\u00f3liza de seguro.<br \/>\n Comprenda c\u00f3mo su p\u00f3liza define el t\u00e9rmino \u00abcolapso\u00bb.<br \/>\n No<\/p>\n","protected":false},"author":4,"featured_media":0,"parent":578,"menu_order":0,"comment_status":"closed","ping_status":"closed","template":"page-fullwidth.php","meta":{"footnotes":""},"class_list":["post-621","page","type-page","status-publish","hentry"],"_links":{"self":[{"href":"https:\/\/hdgpublicadjusters.com\/es\/wp-json\/wp\/v2\/pages\/621","targetHints":{"allow":["GET"]}}],"collection":[{"href":"https:\/\/hdgpublicadjusters.com\/es\/wp-json\/wp\/v2\/pages"}],"about":[{"href":"https:\/\/hdgpublicadjusters.com\/es\/wp-json\/wp\/v2\/types\/page"}],"author":[{"embeddable":true,"href":"https:\/\/hdgpublicadjusters.com\/es\/wp-json\/wp\/v2\/users\/4"}],"replies":[{"embeddable":true,"href":"https:\/\/hdgpublicadjusters.com\/es\/wp-json\/wp\/v2\/comments?post=621"}],"version-history":[{"count":12,"href":"https:\/\/hdgpublicadjusters.com\/es\/wp-json\/wp\/v2\/pages\/621\/revisions"}],"predecessor-version":[{"id":930,"href":"https:\/\/hdgpublicadjusters.com\/es\/wp-json\/wp\/v2\/pages\/621\/revisions\/930"}],"up":[{"embeddable":true,"href":"https:\/\/hdgpublicadjusters.com\/es\/wp-json\/wp\/v2\/pages\/578"}],"wp:attachment":[{"href":"https:\/\/hdgpublicadjusters.com\/es\/wp-json\/wp\/v2\/media?parent=621"}],"curies":[{"name":"wp","href":"https:\/\/api.w.org\/{rel}","templated":true}]}}