{"id":618,"date":"2019-07-04T19:49:49","date_gmt":"2019-07-04T19:49:49","guid":{"rendered":"http:\/\/hdgpublicadjusters.com\/?page_id=618"},"modified":"2019-07-04T19:57:40","modified_gmt":"2019-07-04T19:57:40","slug":"terminos-y-condiciones","status":"publish","type":"page","link":"https:\/\/hdgpublicadjusters.com\/es\/terminos-y-condiciones\/","title":{"rendered":"T\u00e9rminos y Condiciones"},"content":{"rendered":"[vc_row][vc_column][vc_empty_space][vc_column_text]\n<div class=\"vc_row wpb_row vc_row-fluid\">\n<div class=\"container\">\n<div class=\"wpb_column vc_column_container vc_col-sm-12\">\n<div class=\"vc_column-inner\">\n<div class=\"wpb_wrapper\">\n<div class=\"wpb_text_column wpb_content_element \">\n<div class=\"wpb_wrapper\">\n<h2>T\u00c9RMINOS Y CONDICIONES<br \/>\nIntroducci\u00f3n<\/h2>\n<p>En todo el sitio, los t\u00e9rminos \u00abHDG\u00bb, \u00abnosotros\u00bb, \u00abnos\u00bb y \u00abnuestro\u00bb se refieren a HDG Public Adjusters and Insurance Loss, LLC. Estos t\u00e9rminos y condiciones regulan el uso de este sitio web. Al utilizar este sitio web, usted acepta y acepta todos los t\u00e9rminos, condiciones y avisos aqu\u00ed contenidos, sin modificaciones.<\/p>\n<p>Contenido<\/p>\n<p>La informaci\u00f3n contenida en este sitio web se proporciona \u00fanicamente con fines informativos y no debe interpretarse como asesoramiento legal sobre ning\u00fan tema. El contenido se proporciona \u00abtal cual\u00bb sin ninguna representaci\u00f3n o garant\u00eda, expresa o impl\u00edcita.<\/p>\n<p>No debe actuar o abstenerse de actuar sobre la base de ning\u00fan contenido incluido en este sitio sin buscar asesoramiento legal u otro profesional. El contenido de este sitio solo contiene informaci\u00f3n general y es posible que no aborde su situaci\u00f3n. HDG no son abogados y no proporcionan asesoramiento legal. Renunciamos a toda responsabilidad por las acciones que realice o deje de tomar en funci\u00f3n de cualquier contenido de este sitio.<\/p>\n<p>Licencia para usar el sitio web.<\/p>\n<p>Puede ver, descargar solo con fines de almacenamiento en cach\u00e9 e imprimir p\u00e1ginas del sitio web para su uso personal, siempre que (a) no debe volver a publicar material de este sitio web (incluido<br \/>\npublicaci\u00f3n en otro sitio web), o reproducir o almacenar material de este sitio web en cualquier sistema de recuperaci\u00f3n electr\u00f3nico p\u00fablico o privado, sin nuestro consentimiento expreso por escrito; (b) no debes<br \/>\nreproducir, duplicar, copiar, vender, revender, visitar, o explotar de otra manera nuestro sitio web o material en nuestro sitio web con un prop\u00f3sito comercial, sin nuestro consentimiento expreso por escrito; (c) no debes editar o<br \/>\nDe lo contrario, modificaremos cualquier material del sitio web sin nuestro consentimiento expreso por escrito.<\/p>\n<p>Uso aceptable<\/p>\n<p>Como condici\u00f3n de su uso del sitio web, usted acepta que no usar\u00e1 este sitio web o su contenido: (a) para ning\u00fan prop\u00f3sito ilegal; (b) para solicitar a otros que realicen o participen en actos ilegales; (c) violar cualquier reglamento, norma, ley, o ordenanza local, internacional, federal, provincial o estatal; (d) infringir o violar nuestros derechos de propiedad intelectual o los derechos de propiedad intelectual de terceros; (e) hostigar, abusar, insultar, da\u00f1ar, difamar, calumniar, desacreditar, intimidar o discriminar por motivos de g\u00e9nero, orientaci\u00f3n sexual, religi\u00f3n, origen \u00e9tnico, raza, edad, origen nacional o discapacidad; (f) presentar informaci\u00f3n falsa o enga\u00f1osa; (g) cargar o transmitir software esp\u00eda, troyano, trabajo, registrador de pulsaciones de teclas, rootkit, virus o cualquier otro tipo de c\u00f3digo malicioso que se usar\u00e1 de cualquier manera que afecte la funcionalidad o el funcionamiento del sitio web; (h) para recopilar o rastrear la informaci\u00f3n personal de otros; (i) para copiar, almacenar, alojar, transmitir, enviar, usar, publicar, spam, phish, pharm, pretexto, ara\u00f1a, rastrear o raspar; (j) para cualquier prop\u00f3sito obsceno o inmoral; (k) interferir o eludir las caracter\u00edsticas de seguridad del sitio web; o (l) obtener o intentar obtener cualquier material o informaci\u00f3n a trav\u00e9s de cualquier medio que no est\u00e9 disponible o proporcionado intencionalmente por nosotros.<\/p>\n<p>Nos reservamos el derecho, a nuestro exclusivo criterio, de finalizar su uso del sitio web y cualquier servicio relacionado o cualquier parte del mismo en cualquier momento, sin previo aviso.<\/p>\n<p>Cookies<\/p>\n<p>Cuando accede a este sitio web, utilizamos \u00abcookies\u00bb que rastrean autom\u00e1ticamente cierta informaci\u00f3n sobre la actividad de los visitantes en el sitio web. Las cookies son archivos de datos que contienen informaci\u00f3n creada por un<br \/>\nservidor web que se puede almacenar en el disco duro de un usuario para usarlo durante una sesi\u00f3n en particular o para usarlo en el futuro. Utilizamos cookies para comprender el uso del sitio web, para mejorar el contenido y las ofertas,<br \/>\ny para apoyar la interacci\u00f3n del visitante. Por ejemplo, podemos usar cookies para personalizar su experiencia en nuestro sitio web. Esto puede incluir informaci\u00f3n como el navegador y el sistema operativo que se est\u00e1 utilizando, la direcci\u00f3n IP y la URL de referencia.<\/p>\n<p>Si desea controlar qu\u00e9 cookies acepta, puede configurar su navegador en consecuencia. La mayor\u00eda de los navegadores aceptan cookies autom\u00e1ticamente. Es posible que algunas partes del sitio web no funcionen correctamente si ha rechazado las cookies.<\/p>\n<p>Limitaciones de responsabilidad<\/p>\n<p>La informaci\u00f3n contenida en este sitio web puede incluir inexactitudes, errores tipogr\u00e1ficos o informaci\u00f3n incompleta. Los cambios en el sitio web se pueden hacer en cualquier momento. No se debe confiar en el sitio web para recibir asesoramiento de ning\u00fan tipo, incluido, entre otros, personal, m\u00e9dico, legal o financiero, y debe consultar a un profesional apropiado para obtener asesoramiento espec\u00edfico sobre su situaci\u00f3n individual.<\/p>\n<p>No hacemos declaraciones o garant\u00edas en relaci\u00f3n con el sitio web o la informaci\u00f3n y los materiales proporcionados en este sitio web. No hacemos representaciones sobre la fiabilidad, puntualidad,<br \/>\nintegridad, exactitud, puntualidad o disponibilidad de la informaci\u00f3n, productos y servicios contenidos en el sitio web para cualquier prop\u00f3sito. No asumimos ninguna obligaci\u00f3n de actualizar, modificar o aclarar la informaci\u00f3n en el sitio web. No se debe tomar ninguna actualizaci\u00f3n espec\u00edfica en ninguna parte del sitio web para indicar que cualquier informaci\u00f3n en el sitio web se ha modificado o actualizado. Por la presente renunciamos a todas las garant\u00edas y condiciones con respecto a la informaci\u00f3n, productos y servicios, incluidas, entre otras, todas las garant\u00edas o condiciones impl\u00edcitas de comercializaci\u00f3n y adecuaci\u00f3n para un prop\u00f3sito particular.<\/p>\n<p>En la medida m\u00e1xima permitida por la ley, en ning\u00fan caso seremos responsables por cualquier p\u00e9rdida o da\u00f1o directo, indirecto, especial, consecuente, punitivo o incidental, incluidos, entre otros, p\u00e9rdidas comerciales, p\u00e9rdidas de ingresos, ingresos, ganancias, ahorros anticipados. , p\u00e9rdida de contratos, p\u00e9rdida de relaciones comerciales, p\u00e9rdida de reputaci\u00f3n o buena voluntad, p\u00e9rdida o corrupci\u00f3n de informaci\u00f3n o datos que surjan de o est\u00e9n relacionados de alguna manera con el uso o el rendimiento del sitio web, los servicios relacionados o de otro tipo, ya sea por contrato , agravio, negligencia, responsabilidad estricta o de otro tipo, incluso si se nos ha informado de la posibilidad de p\u00e9rdida o da\u00f1o.<\/p>\n<p>Si no est\u00e1 satisfecho con alguno de los t\u00e9rminos o cualquier parte del sitio web, su \u00fanico y exclusivo remedio es interrumpir el uso del sitio web.<\/p>\n<p>Enlaces de terceros<\/p>\n<p>Este sitio web puede contener enlaces que lo dirigen a otros sitios web de terceros que no est\u00e1n afiliados a nosotros ni est\u00e1n bajo nuestro control. No nos hacemos responsables de las pr\u00e1cticas de privacidad o el contenido de<br \/>\ndichos sitios web, y no los respaldamos. No somos responsables de examinar o evaluar el contenido o la precisi\u00f3n, y no garantizamos y no seremos responsables de ning\u00fan material o sitio web de terceros, ni de ning\u00fan otro material, producto o servicio de terceros. Le proporcionamos estos enlaces \u00fanicamente para su comodidad.<\/p>\n<p>No somos responsables de ning\u00fan da\u00f1o o da\u00f1o relacionado con la compra o el uso de bienes, servicios, recursos, contenido o cualquier otra transacci\u00f3n realizada en relaci\u00f3n con sitios web de terceros. Revise detenidamente las pol\u00edticas y pr\u00e1cticas de terceros y aseg\u00farese de que las comprende antes de realizar cualquier transacci\u00f3n. Las quejas, reclamos, inquietudes o preguntas relacionadas con informaci\u00f3n, productos o servicios de terceros deben dirigirse al tercero.<\/p>\n<p>Derechos de autor<\/p>\n<p>Todos los contenidos de este sitio web tienen Copyright \u00a9 2018 HDG Public Adjusters &amp; Insurance Loss, LLC. Todos los derechos reservados.<\/p>\n<p>General<\/p>\n<p>Las leyes del estado de Florida regir\u00e1n este acuerdo y usted acepta la jurisdicci\u00f3n y el lugar exclusivo de los tribunales en el Condado de Hillsborough, Florida, para todas las disputas que surjan de o est\u00e9n relacionadas con el uso del sitio web. En caso de que sea necesario un procedimiento legal para interpretar o hacer cumplir las disposiciones de este acuerdo, entonces la parte que prevalece en dicha acci\u00f3n legal tendr\u00e1 derecho a recuperar todos los costos judiciales, honorarios y costos razonables de abogados. Este acuerdo constituye el acuerdo completo entre nosotros y el usuario, contiene todas las representaciones entre las partes con respecto a la materia objeto del presente documento y reemplaza todas las comunicaciones, representaciones y entendimientos contempor\u00e1neos anteriores, ya sean orales o escritos. Si alguna parte, cl\u00e1usula o condici\u00f3n de este acuerdo se considera parcial o totalmente inv\u00e1lida, inaplicable o inoperante por cualquier motivo, dicha disposici\u00f3n se considerar\u00e1 sustituida por una disposici\u00f3n v\u00e1lida y exigible que se ajuste m\u00e1s a la intenci\u00f3n del original. disposici\u00f3n, y tal, no afectar\u00e1 a ninguna otra disposici\u00f3n o parte de este documento, que continuar\u00e1 siendo efectiva. Una versi\u00f3n impresa o electr\u00f3nica de este acuerdo y cualquier notificaci\u00f3n ser\u00e1n admisibles en cualquier procedimiento relacionado con este acuerdo en la misma medida que otros documentos comerciales y registros mantenidos en el curso ordinario de los negocios. Usted acepta indemnizar, defender y mantener inofensivo a HDG y a nuestra matriz, subsidiarias, afiliadas, socios, funcionarios, directores, agentes, contratistas, licenciadores, abogados, proveedores de servicios, subcontratistas, proveedores, pasantes y empleados, sin perjuicio de cualquier reclamo o demanda. incluidos los honorarios razonables de abogados, realizados por cualquier tercero debido a su incumplimiento de estos t\u00e9rminos y condiciones o los documentos que incorporan por referencia, o su violaci\u00f3n de cualquier ley o los derechos de un tercero.<\/p>\n<p>Nos reservamos el derecho, a nuestra entera discreci\u00f3n, de actualizar, cambiar o reemplazar cualquier parte de estos t\u00e9rminos y condiciones. Es su responsabilidad revisar peri\u00f3dicamente el sitio web para detectar cambios. Su uso o acceso continuo al sitio web luego de la publicaci\u00f3n de cualquier cambio a estos t\u00e9rminos y condiciones constituye la aceptaci\u00f3n de dichos cambios.<\/p>\n<\/div>\n<\/div>\n<\/div>\n<\/div>\n<\/div>\n<\/div>\n<\/div>\n<div class=\"addtoany_share_save_container addtoany_content addtoany_content_bottom\">\n<div class=\"a2a_kit a2a_kit_size_32 addtoany_list\" data-a2a-url=\"http:\/\/hdgpublicadjusters.com\/?page_id=618&amp;lang=es\" data-a2a-title=\"Terms and Conditions\"><\/div>\n<\/div>\n[\/vc_column_text][\/vc_column][\/vc_row]\n","protected":false},"excerpt":{"rendered":"<p>[vc_row][vc_column][vc_empty_space][vc_column_text]<\/p>\n<p>T\u00c9RMINOS Y CONDICIONES<br \/>\nIntroducci\u00f3n<\/p>\n<p>En todo el sitio, los t\u00e9rminos \u00abHDG\u00bb, \u00abnosotros\u00bb, \u00abnos\u00bb y \u00abnuestro\u00bb se refieren a HDG Public Adjusters and Insurance Loss, LLC. Estos t\u00e9rminos y condiciones regulan el uso de este sitio web. Al utilizar este sitio web, usted acepta y acepta todos los t\u00e9rminos, condiciones y avisos aqu\u00ed contenidos, sin modificaciones.<\/p>\n<p>Contenido<\/p>\n<p>La informaci\u00f3n contenida en este sitio web se proporciona \u00fanicamente con fines informativos y no debe interpretarse como asesoramiento legal sobre ning\u00fan tema. El contenido se proporciona \u00abtal cual\u00bb sin ninguna representaci\u00f3n o garant\u00eda, expresa o impl\u00edcita.<\/p>\n<p>No debe<\/p>\n","protected":false},"author":4,"featured_media":0,"parent":0,"menu_order":0,"comment_status":"closed","ping_status":"closed","template":"page-fullwidth.php","meta":{"footnotes":""},"class_list":["post-618","page","type-page","status-publish","hentry"],"_links":{"self":[{"href":"https:\/\/hdgpublicadjusters.com\/es\/wp-json\/wp\/v2\/pages\/618","targetHints":{"allow":["GET"]}}],"collection":[{"href":"https:\/\/hdgpublicadjusters.com\/es\/wp-json\/wp\/v2\/pages"}],"about":[{"href":"https:\/\/hdgpublicadjusters.com\/es\/wp-json\/wp\/v2\/types\/page"}],"author":[{"embeddable":true,"href":"https:\/\/hdgpublicadjusters.com\/es\/wp-json\/wp\/v2\/users\/4"}],"replies":[{"embeddable":true,"href":"https:\/\/hdgpublicadjusters.com\/es\/wp-json\/wp\/v2\/comments?post=618"}],"version-history":[{"count":5,"href":"https:\/\/hdgpublicadjusters.com\/es\/wp-json\/wp\/v2\/pages\/618\/revisions"}],"predecessor-version":[{"id":637,"href":"https:\/\/hdgpublicadjusters.com\/es\/wp-json\/wp\/v2\/pages\/618\/revisions\/637"}],"wp:attachment":[{"href":"https:\/\/hdgpublicadjusters.com\/es\/wp-json\/wp\/v2\/media?parent=618"}],"curies":[{"name":"wp","href":"https:\/\/api.w.org\/{rel}","templated":true}]}}