{"id":588,"date":"2019-07-04T17:42:13","date_gmt":"2019-07-04T17:42:13","guid":{"rendered":"http:\/\/hdgpublicadjusters.com\/?page_id=588"},"modified":"2019-08-09T20:12:20","modified_gmt":"2019-08-09T20:12:20","slug":"servicios-profesionales","status":"publish","type":"page","link":"https:\/\/hdgpublicadjusters.com\/es\/nosotros\/servicios-profesionales\/","title":{"rendered":"Servicios Profesionales"},"content":{"rendered":"[vc_row][vc_column][vc_empty_space][vc_column_text]\n<h1><strong>SERVICIOS PROFESIONALES:<br \/>\n<\/strong><\/h1>\n[\/vc_column_text][vc_column_text]\n<ul>\n<li>Evaluar p\u00f3lizas de seguro existentes para determinar qu\u00e9 cobertura puede ser aplicable a un reclamo.<\/li>\n<li>Investigar, detallar y corroborar da\u00f1os a edificios y mobiliario y cualquier gasto adicional.<\/li>\n<li>Evaluar p\u00e9rdidas por interrupci\u00f3n de negocios y reclamos de gastos adicionales para negocios.<\/li>\n<li>Determinar valores para resolver da\u00f1os cubiertos.<\/li>\n<li>Preparar, documentar y respaldar el reclamo en nombre del asegurado.<\/li>\n<li>Negociar un acuerdo con la compa\u00f1\u00eda de seguros en nombre de un asegurado.<\/li>\n<li>Re abrir un reclamo y negociar m\u00e1s dinero si se encuentra una discrepancia despu\u00e9s de que se haya resuelto.<\/li>\n<\/ul>\n[\/vc_column_text][\/vc_column][\/vc_row][vc_row][vc_column][vc_column_text]\n<h1><strong>SERVICIOS PROFESIONALES ADICIONALES:<br \/>\n<\/strong><\/h1>\n[\/vc_column_text][vc_row_inner][vc_column_inner width=\u00bb1\/2&#8243;][vc_column_text]\n<h2><strong>RIESGOS\u00a0 Y RETRASOS DE LA CONSTRUCCI\u00d3N<\/strong><\/h2>\n<p><span style=\"font-weight: 400;\">El riesgo laboral de los constructores y el retraso en la construcci\u00f3n pueden afectar su proyecto de muchas maneras. La mayor\u00eda de los proyectos de construcci\u00f3n cuentan con un seguro de riesgo con una p\u00f3liza est\u00e1ndar ya que se pueden presentar muchos eventos y problemas inesperados que pueden ocurrir durante la construcci\u00f3n. Esto quiere decir que se necesita un tipo espec\u00edfico de seguro, llamado p\u00f3liza de riesgo de construcci\u00f3n o p\u00f3liza de demora de construcci\u00f3n. Esta cubre al asegurado por da\u00f1os durante la construcci\u00f3n u otros problemas imprevistos que surjan fuera del \u00e1rea de cobertura normal. La demora en la construcci\u00f3n tambi\u00e9n es un gran problema, ya que las demoras pueden resultar de da\u00f1os y otros eventos inoportunos.<\/span><\/p>\n<p><span style=\"font-weight: 400;\">Algunas exclusiones que pueden estar en una p\u00f3liza son: exclusiones de mano de obra o mano de obra defectuosa, exclusiones de dise\u00f1o, defectos latentes o exclusiones de vicios inherentes. La mayor\u00eda de las exclusiones de riesgo de los constructores son del mismo tipo que las que se encuentran en las p\u00f3lizas de construcci\u00f3n habituales. Las partes involucradas pueden agregar respaldos para cubrir problemas espec\u00edficos que puedan sentir que enfrentar\u00e1 el proyecto.<\/span><\/p>\n<p><span style=\"font-weight: 400;\">Puede ser dif\u00edcil determinar el monto del seguro que se necesita para cubrir el edificio, ya que los valores pueden cambiar durante el proceso de construcci\u00f3n. Puede encontrar variedad de formularios como::<\/span><\/p>\n<ul>\n<li style=\"font-weight: 400;\"><span style=\"font-weight: 400;\">Un Formulario de valoraci\u00f3n completo: es para el valor total del edificio, este es el l\u00edmite de la p\u00f3liza. No se necesitan otros cambios a menos que ocurra un cambio de dise\u00f1o importante.<\/span><\/li>\n<li style=\"font-weight: 400;\"><span style=\"font-weight: 400;\">Un formulario de reporte: depende del asegurado para completar las declaraciones del progreso del proyecto una vez al mes. Esto puede ser riesgoso si el asegurado se olvida de informar e incurre en una multa.<\/span><\/li>\n<li style=\"font-weight: 400;\"><span style=\"font-weight: 400;\">Un Formulario de Riesgo de los Constructores: no tiene en cuenta ning\u00fan aumento en la cantidad asegurada. Lo que significa que tiene que aumentar el monto del seguro si es necesario por endoso.<\/span><\/li>\n<\/ul>\n<p><span style=\"font-weight: 400;\">Los titulares de p\u00f3lizas deben obtener acuerdos por adelantado y por escrito luego de una p\u00e9rdida para proporcionar un registro en papel en caso de que ocurra un desacuerdo con respecto a los gastos.<\/span>[\/vc_column_text][\/vc_column_inner][vc_column_inner width=\u00bb1\/2&#8243;][vc_column_text]\n<div class=\"vc_row wpb_row vc_row-fluid\">\n<div class=\"container\">\n<div class=\"wpb_column vc_column_container vc_col-sm-12\">\n<div class=\"wpb_wrapper\">\n<div class=\"wpb_text_column wpb_content_element \">\n<div class=\"wpb_wrapper\">\n<h2><strong>EVALUACI\u00d3N Y MEDIACI\u00d3N<\/strong><\/h2>\n<p><span style=\"font-weight: 400;\">Usted, como propietario de una casa o un negocio, tiene el derecho a apelar una reclamaci\u00f3n, aunque la agencia de seguros no le notifique este poder. Cuando ocurra esta instancia, es posible que pueda invocar la cl\u00e1usula de evaluaci\u00f3n dentro de su p\u00f3liza, siempre que tenga esa cl\u00e1usula en su p\u00f3liza.<\/span><\/p>\n<p><i><span style=\"font-weight: 400;\">Algunos t\u00e9rminos que puede encontrar en su cl\u00e1usula de evaluaci\u00f3n son:<\/span><\/i><\/p>\n<p><i><span style=\"font-weight: 400;\">Si no acordamos el monto de la p\u00e9rdida, cualquiera de los dos puede exigir una evaluaci\u00f3n de la p\u00e9rdida. En este caso, cada parte elegir\u00e1 un ajustador competente dentro de los 20 d\u00edas posteriores a la recepci\u00f3n de una solicitud por escrito de la otra parte. Los ajustadores elegir\u00e1n un juez de evaluaci\u00f3n. Si no pueden ponerse de acuerdo sobre un juez de evaluaci\u00f3n en un plazo de 15 d\u00edas, usted o nosotros podemos solicitar que la elecci\u00f3n sea hecha por un juez de un tribunal de registro en el estado donde se encuentra el \u00ablocal de la residencia\u00bb. Los ajustadores fijar\u00e1n por separado la cantidad de p\u00e9rdida. Si los ajustadores nos env\u00edan un acuerdo, la cantidad acordada ser\u00e1 la cantidad de la p\u00e9rdida. Si no est\u00e1n de acuerdo, presentar\u00e1n sus diferencias al juez de evaluaci\u00f3n. Una decisi\u00f3n acordada por cualquiera de los dos establecer\u00e1 el monto de la p\u00e9rdida.<\/span><\/i><\/p>\n<p><i><span style=\"font-weight: 400;\">Cada parte deber\u00e1:<\/span><\/i><\/p>\n<p><i><span style=\"font-weight: 400;\">a. Pagar su propio ajustador.<\/span><\/i><\/p>\n<p><i><span style=\"font-weight: 400;\">b. Asumir los otros gastos de la tasaci\u00f3n y el juez por partes iguales.<\/span><\/i><\/p>\n<p><span style=\"font-weight: 400;\">Puede elegir mediar en lugar de invocar la cl\u00e1usula de evaluaci\u00f3n que es vinculante y m\u00e1s costosa. La mediaci\u00f3n puede no resolver su problema de reclamo, pero al menos sabr\u00e1 cu\u00e1l es el punto de vista de los otros lados, lo que le ayudar\u00e1 si decide proceder con una evaluaci\u00f3n.<\/span><\/p>\n<\/div>\n<\/div>\n<\/div>\n<\/div>\n<\/div>\n<\/div>\n[\/vc_column_text][\/vc_column_inner][\/vc_row_inner][\/vc_column][\/vc_row][vc_row][vc_column][vc_empty_space][vc_row_inner][vc_column_inner width=\u00bb1\/2&#8243;][vc_column_text]\n<h2><strong>PLANIFICACI\u00d3N PRE P\u00c9RDIDA<\/strong><\/h2>\n<p><span style=\"font-weight: 400;\">La planificaci\u00f3n previa a la p\u00e9rdida le ayuda a recuperarse r\u00e1pidamente de da\u00f1os o p\u00e9rdidas. Este tipo de planificaci\u00f3n puede ser muy \u00fatil en caso de que ocurra una p\u00e9rdida porque ya estar\u00e1 preparado con toda la documentaci\u00f3n correcta que la agencia de seguros necesitar\u00e1.<\/span><\/p>\n<p><span style=\"font-weight: 400;\">Esto ayuda a que su reclamo se agilice, ya que toda la documentaci\u00f3n est\u00e1 lista y usted tiene un registro de lo que ha sucedido en la propiedad asegurada hasta el momento de la p\u00e9rdida. Tenga en cuenta que durante una p\u00e9rdida, usted tendr\u00e1 muy poco tiempo y ya contar\u00e1 con toda la documentaci\u00f3n adecuada que lo ayudar\u00e1 a recuperarse de su p\u00e9rdida m\u00e1s r\u00e1pido y le generar\u00e1 menos problemas por parte de la agencia de seguros.<\/span>[\/vc_column_text][\/vc_column_inner][vc_column_inner width=\u00bb1\/2&#8243;][vc_column_text]\n<h2><strong>GESTI\u00d3N DE RIESGOS<br \/>\n<\/strong><\/h2>\n<p>Las evaluaciones de gesti\u00f3n de riesgos son \u00fatiles para comprender los riesgos y peligros que puede sufrir una propiedad u organizaci\u00f3n. Esto, a su vez, lo ayuda a decidir qu\u00e9 cobertura necesita en su p\u00f3liza. Esta es una parte importante de cualquier empresa u organizaci\u00f3n que est\u00e9 a la altura del marketing, las ventas y el desarrollo de productos.[\/vc_column_text][\/vc_column_inner][\/vc_row_inner][vc_empty_space][vc_cta h2=\u00bb\u00bb style=\u00bb3d\u00bb color=\u00bbturquoise\u00bb add_button=\u00bbright\u00bb btn_title=\u00bbREVISI\u00d3N DE RECLAMACI\u00d3N GRATIS\u00bb btn_style=\u00bb3d\u00bb btn_color=\u00bbblack\u00bb btn_align=\u00bbright\u00bb btn_button_block=\u00bbtrue\u00bb btn_add_icon=\u00bbtrue\u00bb btn_link=\u00bburl:http%3A%2F%2Fhdgpublicadjusters.com%2Fes%2Fcontacto%2F|||\u00bb]\n<h2>\u00a1OBTENGA UNA REVISI\u00d3N DE RECLAMACIONES GRATIS!<\/h2>\n<h3>LLAME AL 813-770-5415<\/h3>\n[\/vc_cta][vc_empty_space][\/vc_column][\/vc_row]\n","protected":false},"excerpt":{"rendered":"<p>[vc_row][vc_column][vc_empty_space][vc_column_text]<br \/>\nSERVICIOS PROFESIONALES:<\/p>\n<p>[\/vc_column_text][vc_column_text]<\/p>\n<p>Evaluar p\u00f3lizas de seguro existentes para determinar qu\u00e9 cobertura puede ser aplicable a un reclamo.<br \/>\nInvestigar, detallar y corroborar da\u00f1os a edificios y mobiliario y cualquier gasto adicional.<br \/>\nEvaluar p\u00e9rdidas por interrupci\u00f3n de negocios y reclamos de gastos adicionales para negocios.<br \/>\nDeterminar valores para resolver da\u00f1os cubiertos.<br \/>\nPreparar, documentar y respaldar el reclamo en nombre del asegurado.<br \/>\nNegociar un acuerdo con la compa\u00f1\u00eda de seguros en nombre de un asegurado.<br \/>\nRe abrir un reclamo y negociar m\u00e1s dinero si se encuentra una discrepancia despu\u00e9s de que se haya resuelto.<\/p>\n<p>[\/vc_column_text][\/vc_column][\/vc_row][vc_row][vc_column][vc_column_text]<br \/>\nSERVICIOS PROFESIONALES ADICIONALES:<\/p>\n<p>[\/vc_column_text][vc_row_inner][vc_column_inner width=\u00bb1\/2&#8243;][vc_column_text]<br \/>\nRIESGOS\u00a0 Y RETRASOS DE<\/p>\n","protected":false},"author":4,"featured_media":0,"parent":574,"menu_order":0,"comment_status":"closed","ping_status":"closed","template":"page-fullwidth.php","meta":{"footnotes":""},"class_list":["post-588","page","type-page","status-publish","hentry"],"_links":{"self":[{"href":"https:\/\/hdgpublicadjusters.com\/es\/wp-json\/wp\/v2\/pages\/588","targetHints":{"allow":["GET"]}}],"collection":[{"href":"https:\/\/hdgpublicadjusters.com\/es\/wp-json\/wp\/v2\/pages"}],"about":[{"href":"https:\/\/hdgpublicadjusters.com\/es\/wp-json\/wp\/v2\/types\/page"}],"author":[{"embeddable":true,"href":"https:\/\/hdgpublicadjusters.com\/es\/wp-json\/wp\/v2\/users\/4"}],"replies":[{"embeddable":true,"href":"https:\/\/hdgpublicadjusters.com\/es\/wp-json\/wp\/v2\/comments?post=588"}],"version-history":[{"count":9,"href":"https:\/\/hdgpublicadjusters.com\/es\/wp-json\/wp\/v2\/pages\/588\/revisions"}],"predecessor-version":[{"id":989,"href":"https:\/\/hdgpublicadjusters.com\/es\/wp-json\/wp\/v2\/pages\/588\/revisions\/989"}],"up":[{"embeddable":true,"href":"https:\/\/hdgpublicadjusters.com\/es\/wp-json\/wp\/v2\/pages\/574"}],"wp:attachment":[{"href":"https:\/\/hdgpublicadjusters.com\/es\/wp-json\/wp\/v2\/media?parent=588"}],"curies":[{"name":"wp","href":"https:\/\/api.w.org\/{rel}","templated":true}]}}