{"id":581,"date":"2019-07-04T17:19:24","date_gmt":"2019-07-04T17:19:24","guid":{"rendered":"http:\/\/hdgpublicadjusters.com\/?page_id=581"},"modified":"2019-07-18T19:38:58","modified_gmt":"2019-07-18T19:38:58","slug":"mercados","status":"publish","type":"page","link":"https:\/\/hdgpublicadjusters.com\/es\/nosotros\/mercados\/","title":{"rendered":"Mercados"},"content":{"rendered":"[vc_row][vc_column][vc_column_text]\n<h1><strong>MERCADOS<\/strong><\/h1>\n[\/vc_column_text][vc_row_inner][vc_column_inner width=\u00bb1\/2&#8243;][vc_column_text]\n<h2><strong>COMPLEJOS DE APARTAMENTOS<\/strong><\/h2>\n<p><span style=\"font-weight: 400;\">Obtenga asistencia con las reclamaciones de seguro de apartamento despu\u00e9s de un da\u00f1o o una p\u00e9rdida. Muchos peligros pueden afectar los apartamentos, como da\u00f1os por incendio y humo, da\u00f1os por el viento y en el techo, da\u00f1os por agua y plomer\u00eda, derrumbes y sumideros. Tener un ajustador p\u00fablico de su lado o del administrador de su edificio para ayudarlos\u00a0 a llevar el proceso de reclamaciones ser\u00e1 beneficioso para asegurarse de que todos los detalles est\u00e9n cubiertos, as\u00ed como detalles que no se incluyan, como la p\u00e9rdida de la renta y otros problemas.<\/span>[\/vc_column_text][\/vc_column_inner][vc_column_inner width=\u00bb1\/2&#8243;][vc_column_text]\n<h2><strong>RECLAMACIONES RESIDENCIALES<\/strong><\/h2>\n<p><span style=\"font-weight: 400;\">Las p\u00f3lizas de p\u00e9rdidas o da\u00f1os residenciales pueden cubrir diferentes tipos de residencias, como condominios, apartamentos, casas adosadas y casas familiares. Aseg\u00farese de estar preparado para el proceso de reclamaciones contratando a un ajustador p\u00fablico que lo ayude a comprender todos sus derechos y los detalles de su p\u00f3liza.<\/span>[\/vc_column_text][\/vc_column_inner][\/vc_row_inner][\/vc_column][\/vc_row][vc_row][vc_column][vc_empty_space][vc_row_inner][vc_column_inner width=\u00bb1\/2&#8243;][vc_column_text]\n<h2><strong>RECLAMACIONES COMERCIALES<\/strong><\/h2>\n<p><span style=\"font-weight: 400;\">Los reclamos comerciales son complicados ya que cubren diferentes detalles en la p\u00f3liza. Dado que son complejos, la agencia de seguros asignar\u00e1 a su mejor ajustador para manejar la reclamaci\u00f3n, lo que significa que es posible que deba prepararse para un proceso de reclamaciones complicado debido a todos los documentos y registros necesarios. Contrate a un ajustador p\u00fablico HDG para que proteja sus intereses.<\/span>[\/vc_column_text][\/vc_column_inner][vc_column_inner width=\u00bb1\/2&#8243;][vc_column_text]\n<h2><strong>RECLAMACIONES DE PROPIEDADES<\/strong><\/h2>\n<p><span style=\"font-weight: 400;\">Los reclamos de propietarios son muy personales, ya que es su hogar el que ha sufrido da\u00f1os o p\u00e9rdidas. Se debe tener cuidado durante este proceso de reclamo para no firmar documentos sin tener conocimiento de lo que realmente significan. La agencia de seguros cree que es su deber \u00abmitigar\u00bb su situaci\u00f3n, lo que significa que debe hacer todo lo posible para contener el da\u00f1o o prevenir un da\u00f1o mayor. Esta es una l\u00ednea muy fina y puede ser perjudicial llevarlo solo. Permita que un ajustador p\u00fablico lo ayude y comprenda mejor sus derechos y la p\u00f3liza en detalle.<\/span>[\/vc_column_text][\/vc_column_inner][\/vc_row_inner][vc_empty_space][vc_row_inner][vc_column_inner width=\u00bb1\/2&#8243;][vc_column_text]\n<h2><strong>RECLAMACIONES DE ASOCIACI\u00d3N DE CONDOMINIOS<br \/>\n<\/strong><\/h2>\n<p><span style=\"font-weight: 400;\">Los reclamos de las asociaciones de condominios son muy complicados ya que involucran a diferentes partes, como los propietarios de viviendas individuales, los miembros de la junta directiva y la asociaci\u00f3n administradora. Los estatutos de la Florida en d\u00f3nde se determina\u00a0 qui\u00e9n es responsable de realizar las reparaciones de la propiedad da\u00f1ada, han cambiado muchas veces y se requiere experiencia para comprender lo que significan. Los documentos de la asociaci\u00f3n de condominios y otros registros deber\u00e1n ser recopilados y un ajustador p\u00fablico puede ayudarlo a resolver lo que se necesita.<\/span>[\/vc_column_text][\/vc_column_inner][vc_column_inner width=\u00bb1\/2&#8243;][vc_column_text]\n<h2><strong>RECLAMACIONES DE NEGOCIOS<\/strong><\/h2>\n<p><span style=\"font-weight: 400;\">La p\u00e9rdida o da\u00f1o de la propiedad comercial es un proceso de reclamaciones complicado y requiere mucho tiempo debido a todos los elementos involucrados en la reclamaci\u00f3n: inventarios, da\u00f1os a edificios, t\u00edtulo de propiedad, libros contables, muebles, accesorios, maquinaria y otros equipos deben tenerse en cuenta al trabajar en la reclamaci\u00f3n. Comprender c\u00f3mo obtener el valor depreciado de los elementos anteriores puede ser dif\u00edcil, solicite ayuda a los Ajustadores P\u00fablicos HDG.<\/span>[\/vc_column_text][\/vc_column_inner][\/vc_row_inner][vc_empty_space][vc_row_inner][vc_column_inner width=\u00bb1\/2&#8243;][vc_column_text]\n<h2><strong>RECLAMACIONES ESTATALES Y DEL GOBIERNO LOCAL<\/strong><\/h2>\n<p>El da\u00f1o y la p\u00e9rdida del gobierno estatal y local ,es un reclamo mayor debido al tama\u00f1o de las propiedades. La mayor\u00eda de las veces, el gobierno estatal o local a cargo esperar\u00e1 hasta que se haya ofrecido un acuerdo de reclamaci\u00f3n antes de buscar la ayuda de un ajustador p\u00fablico. Tome ventaja en el proceso y llame a los Ajustadores P\u00fablicos HDG para asegurarse de que su reclamo se maneje correctamente.[\/vc_column_text][\/vc_column_inner][vc_column_inner width=\u00bb1\/2&#8243;][vc_column_text]\n<h2><strong>RECLAMACIONES DE HOTELES<\/strong><\/h2>\n<p><span style=\"font-weight: 400;\">Las reclamaciones de seguro de hotel son \u00fanicas porque cuando se produce un da\u00f1o o una p\u00e9rdida en la propiedad, es posible que no haya un da\u00f1o completo, pero a\u00fan as\u00ed se les puede solicitar que cierren todo el hotel durante las reparaciones. Adem\u00e1s, si un hotel o propiedad ha sido protegido por un c\u00f3digo, perder\u00e1n esta protecci\u00f3n y deber\u00e1n actualizarse durante las renovaciones. Estos costos inesperados pueden sumarse y deben tenerse en cuenta al trabajar con la agencia de seguros en la reclamaci\u00f3n.<\/span>[\/vc_column_text][\/vc_column_inner][\/vc_row_inner][vc_empty_space][vc_row_inner][vc_column_inner width=\u00bb1\/2&#8243;][vc_column_text]\n<h2><strong>RECLAMACIONES DE INSTALACIONES M\u00c9DICAS<br \/>\n<\/strong><\/h2>\n<p><span style=\"font-weight: 400;\">El da\u00f1o y la p\u00e9rdida de las instalaciones m\u00e9dicas pueden ser un proceso de reclamaci\u00f3n complejo y detallado que debe manejarse correctamente debido a la naturaleza del riesgo involucrado: la salud y la seguridad de los pacientes. Se necesita a alguien que entienda la necesidad de poner las cosas en marcha r\u00e1pidamente teniendo en cuenta las fechas de vencimiento de los medicamentos y el alto costo de los equipos.<\/span>[\/vc_column_text][\/vc_column_inner][vc_column_inner width=\u00bb1\/2&#8243;][vc_column_text]\n<h2><strong>ABOGADO Y ASISTENCIA CPA<\/strong><\/h2>\n<p><span style=\"font-weight: 400;\">A veces, una p\u00e9rdida o da\u00f1o puede resultar en importantes problemas legales y financieros. Los titulares de p\u00f3lizas pueden incorporar al proceso un asesor legal o financiero para ayudarlos en el proceso de toma de decisiones. Estos asesores legales o financieros tambi\u00e9n pueden beneficiarse de los consejos de un ajustador p\u00fablico para comprender mejor las \u00e1reas m\u00e1s detalladas del proceso de reclamaciones.<\/span>[\/vc_column_text][\/vc_column_inner][\/vc_row_inner][vc_empty_space][vc_cta h2=\u00bb\u00bb style=\u00bb3d\u00bb color=\u00bbturquoise\u00bb add_button=\u00bbright\u00bb btn_title=\u00bbCont\u00e1ctanos\u00bb btn_style=\u00bb3d\u00bb btn_color=\u00bbblack\u00bb btn_align=\u00bbright\u00bb btn_button_block=\u00bbtrue\u00bb btn_add_icon=\u00bbtrue\u00bb btn_link=\u00bburl:http%3A%2F%2Fhdgpublicadjusters.com%2Fcontacto%2F%3Flang%3Des|||\u00bb]\n<h2><strong>\u00a1OBTENGA UNA REVISI\u00d3N DE RECLAMACI\u00d3N GRATIS !<\/strong><\/h2>\n<h3><strong>Llama al 813-770-5415\u00a0<\/strong><\/h3>\n[\/vc_cta][vc_empty_space][\/vc_column][\/vc_row]\n","protected":false},"excerpt":{"rendered":"<p>[vc_row][vc_column][vc_column_text]<br \/>\nMERCADOS<br \/>\n[\/vc_column_text][vc_row_inner][vc_column_inner width=\u00bb1\/2&#8243;][vc_column_text]<br \/>\nCOMPLEJOS DE APARTAMENTOS<\/p>\n<p>Obtenga asistencia con las reclamaciones de seguro de apartamento despu\u00e9s de un da\u00f1o o una p\u00e9rdida. Muchos peligros pueden afectar los apartamentos, como da\u00f1os por incendio y humo, da\u00f1os por el viento y en el techo, da\u00f1os por agua y plomer\u00eda, derrumbes y sumideros. Tener un ajustador p\u00fablico de su lado o del administrador de su edificio para ayudarlos\u00a0 a llevar el proceso de reclamaciones ser\u00e1 beneficioso para asegurarse de que todos los detalles est\u00e9n cubiertos, as\u00ed como detalles que no se incluyan, como la p\u00e9rdida de<\/p>\n","protected":false},"author":4,"featured_media":0,"parent":574,"menu_order":0,"comment_status":"closed","ping_status":"closed","template":"page-fullwidth.php","meta":{"footnotes":""},"class_list":["post-581","page","type-page","status-publish","hentry"],"_links":{"self":[{"href":"https:\/\/hdgpublicadjusters.com\/es\/wp-json\/wp\/v2\/pages\/581","targetHints":{"allow":["GET"]}}],"collection":[{"href":"https:\/\/hdgpublicadjusters.com\/es\/wp-json\/wp\/v2\/pages"}],"about":[{"href":"https:\/\/hdgpublicadjusters.com\/es\/wp-json\/wp\/v2\/types\/page"}],"author":[{"embeddable":true,"href":"https:\/\/hdgpublicadjusters.com\/es\/wp-json\/wp\/v2\/users\/4"}],"replies":[{"embeddable":true,"href":"https:\/\/hdgpublicadjusters.com\/es\/wp-json\/wp\/v2\/comments?post=581"}],"version-history":[{"count":12,"href":"https:\/\/hdgpublicadjusters.com\/es\/wp-json\/wp\/v2\/pages\/581\/revisions"}],"predecessor-version":[{"id":970,"href":"https:\/\/hdgpublicadjusters.com\/es\/wp-json\/wp\/v2\/pages\/581\/revisions\/970"}],"up":[{"embeddable":true,"href":"https:\/\/hdgpublicadjusters.com\/es\/wp-json\/wp\/v2\/pages\/574"}],"wp:attachment":[{"href":"https:\/\/hdgpublicadjusters.com\/es\/wp-json\/wp\/v2\/media?parent=581"}],"curies":[{"name":"wp","href":"https:\/\/api.w.org\/{rel}","templated":true}]}}