{"id":574,"date":"2019-07-04T16:31:45","date_gmt":"2019-07-04T16:31:45","guid":{"rendered":"http:\/\/hdgpublicadjusters.com\/?page_id=574"},"modified":"2019-08-09T20:01:17","modified_gmt":"2019-08-09T20:01:17","slug":"nosotros","status":"publish","type":"page","link":"https:\/\/hdgpublicadjusters.com\/es\/nosotros\/","title":{"rendered":"Nosotros"},"content":{"rendered":"[vc_row][vc_column][vc_column_text]\n<h1>ACERCA DE HDG<\/h1>\n[\/vc_column_text][vc_column_text]\n<h2><strong>HDG, AJUSTADORES DE SEGUROS P\u00daBLICOS\u00a0<\/strong><\/h2>\n[\/vc_column_text][vc_row_inner][vc_column_inner width=\u00bb1\/3&#8243;][vc_column_text]\n<h4><strong>\u00bfQU\u00c9 ES UN AJUSTADOR P\u00daBLICO?<\/strong><\/h4>\n<p><span style=\"font-weight: 400;\">Un ajustador p\u00fablico es un ajustador de reclamos de seguros que aboga por el asegurado al evaluar y negociar un reclamo de seguro.<\/span><\/p>\n<p><span style=\"font-weight: 400;\">Aparte de los abogados y el agente de registro, los ajustadores p\u00fablicos (con licencia de los departamentos estatales de seguros ) son los \u00fanicos que puede representar legalmente los derechos de un asegurado durante un proceso de reclamo de seguro.<\/span>[\/vc_column_text][\/vc_column_inner][vc_column_inner width=\u00bb1\/3&#8243;][vc_column_text]\n<h4><strong>\u00bfCU\u00c1NDO LO NECESITO ?<\/strong><\/h4>\n<p>Un ajustador p\u00fablico ser\u00e1 m\u00e1s beneficioso cuando est\u00e9 claro que la aseguradora pagar\u00e1 la reclamaci\u00f3n y el \u00fanico problema sea la identificaci\u00f3n y valoraci\u00f3n adecuadas de la p\u00e9rdida.<\/p>\n<p>Principalmente, eval\u00faan el da\u00f1o, preparan una estimaci\u00f3n y otra documentaci\u00f3n de reclamo, leen la p\u00f3liza de seguro para determinar las coberturas y negocian con el ajustador de la compa\u00f1\u00eda de seguros.[\/vc_column_text][\/vc_column_inner][vc_column_inner width=\u00bb1\/3&#8243;][vc_column_text]\n<h4><strong>\u00bfCU\u00c1NTO COSTAR\u00c1?<\/strong><\/h4>\n<p><span style=\"font-weight: 400;\">La mayor\u00eda de los ajustadores p\u00fablicos cobran un porcentaje de la liquidaci\u00f3n, siendo el porcentaje m\u00e1s bajo para p\u00e9rdidas m\u00e1s grandes (m\u00e1s de $ 250,000 USD), con un cargo promedio de alrededor del 20%, aunque algunos estados limitan la tarifa.<\/span>[\/vc_column_text][\/vc_column_inner][\/vc_row_inner][\/vc_column][\/vc_row][vc_row][vc_column][vc_empty_space][\/vc_column][\/vc_row][vc_row][vc_column][vc_column_text]\n<h1><strong>EQUIPO HDG<\/strong><\/h1>\n<h2>LISTOS PARA AYUDAR CON SUS RECLAMO DE SEGUROS.<\/h2>\n<p>Sumidero. Hurac\u00e1n. Agua. Inundaci\u00f3n. Fuego.[\/vc_column_text][vc_row_inner][vc_column_inner width=\u00bb1\/4&#8243;][vc_single_image image=\u00bb66&#8243;][\/vc_column_inner][vc_column_inner width=\u00bb3\/4&#8243;][vc_column_text]\n<h5><strong>GABRIEL BONSERIO \u2013<\/strong><em>License W137183<\/em><\/h5>\n<h5><strong><span class=\"Apple-converted-space\">Propietario y CEO<br \/>\n<\/span><\/strong><\/h5>\n<ul>\n<li><span style=\"font-weight: 400;\">Ajustadores p\u00fablicos HDG\u00a0<\/span><\/li>\n<li><span style=\"font-weight: 400;\">C\u00e1mara de Comercio Hispana de Tampa Bay<\/span><\/li>\n<li>HDG Marketing Industries LLC<\/li>\n<\/ul>\n[\/vc_column_text][\/vc_column_inner][\/vc_row_inner][vc_empty_space][\/vc_column][\/vc_row]\n","protected":false},"excerpt":{"rendered":"<p>[vc_row][vc_column][vc_column_text]<br \/>\nACERCA DE HDG<br \/>\n[\/vc_column_text][vc_column_text]<br \/>\nHDG, AJUSTADORES DE SEGUROS P\u00daBLICOS\u00a0<br \/>\n[\/vc_column_text][vc_row_inner][vc_column_inner width=\u00bb1\/3&#8243;][vc_column_text]<br \/>\n\u00bfQU\u00c9 ES UN AJUSTADOR P\u00daBLICO?<\/p>\n<p>Un ajustador p\u00fablico es un ajustador de reclamos de seguros que aboga por el asegurado al evaluar y negociar un reclamo de seguro.<\/p>\n<p>Aparte de los abogados y el agente de registro, los ajustadores p\u00fablicos (con licencia de los departamentos estatales de seguros ) son los \u00fanicos que puede representar legalmente los derechos de un asegurado durante un proceso de reclamo de seguro.[\/vc_column_text][\/vc_column_inner][vc_column_inner width=\u00bb1\/3&#8243;][vc_column_text]<br \/>\n\u00bfCU\u00c1NDO LO NECESITO ?<\/p>\n<p>Un ajustador p\u00fablico ser\u00e1 m\u00e1s beneficioso cuando est\u00e9 claro que la aseguradora pagar\u00e1 la<\/p>\n","protected":false},"author":4,"featured_media":0,"parent":0,"menu_order":0,"comment_status":"closed","ping_status":"closed","template":"page-fullwidth.php","meta":{"footnotes":""},"class_list":["post-574","page","type-page","status-publish","hentry"],"_links":{"self":[{"href":"https:\/\/hdgpublicadjusters.com\/es\/wp-json\/wp\/v2\/pages\/574","targetHints":{"allow":["GET"]}}],"collection":[{"href":"https:\/\/hdgpublicadjusters.com\/es\/wp-json\/wp\/v2\/pages"}],"about":[{"href":"https:\/\/hdgpublicadjusters.com\/es\/wp-json\/wp\/v2\/types\/page"}],"author":[{"embeddable":true,"href":"https:\/\/hdgpublicadjusters.com\/es\/wp-json\/wp\/v2\/users\/4"}],"replies":[{"embeddable":true,"href":"https:\/\/hdgpublicadjusters.com\/es\/wp-json\/wp\/v2\/comments?post=574"}],"version-history":[{"count":7,"href":"https:\/\/hdgpublicadjusters.com\/es\/wp-json\/wp\/v2\/pages\/574\/revisions"}],"predecessor-version":[{"id":984,"href":"https:\/\/hdgpublicadjusters.com\/es\/wp-json\/wp\/v2\/pages\/574\/revisions\/984"}],"wp:attachment":[{"href":"https:\/\/hdgpublicadjusters.com\/es\/wp-json\/wp\/v2\/media?parent=574"}],"curies":[{"name":"wp","href":"https:\/\/api.w.org\/{rel}","templated":true}]}}