{"id":2166,"date":"2026-02-11T18:38:35","date_gmt":"2026-02-11T18:38:35","guid":{"rendered":"https:\/\/hdgpublicadjusters.com\/new-claim-submission-form\/"},"modified":"2026-02-12T22:17:09","modified_gmt":"2026-02-12T22:17:09","slug":"new-claim-submission-form","status":"publish","type":"page","link":"https:\/\/hdgpublicadjusters.com\/es\/new-claim-submission-form\/","title":{"rendered":"Formulario de presentaci\u00f3n de nueva reclamaci\u00f3n"},"content":{"rendered":"[vc_row][vc_column][vc_column_text]\n<h1>Formulario de presentaci\u00f3n de nueva reclamaci\u00f3n<\/h1>\n[\/vc_column_text]\n<div class=\"wpcf7 no-js\" id=\"wpcf7-f2165-o1\" lang=\"en-US\" dir=\"ltr\" data-wpcf7-id=\"2165\">\n<div class=\"screen-reader-response\"><p role=\"status\" aria-live=\"polite\" aria-atomic=\"true\"><\/p> <ul><\/ul><\/div>\n<form action=\"\/es\/wp-json\/wp\/v2\/pages\/2166#wpcf7-f2165-o1\" method=\"post\" class=\"wpcf7-form init\" aria-label=\"Contact form\" enctype=\"multipart\/form-data\" novalidate=\"novalidate\" data-status=\"init\">\n<fieldset class=\"hidden-fields-container\"><input type=\"hidden\" name=\"_wpcf7\" value=\"2165\" \/><input type=\"hidden\" name=\"_wpcf7_version\" value=\"6.1.5\" \/><input type=\"hidden\" name=\"_wpcf7_locale\" value=\"en_US\" \/><input type=\"hidden\" name=\"_wpcf7_unit_tag\" value=\"wpcf7-f2165-o1\" \/><input type=\"hidden\" name=\"_wpcf7_container_post\" value=\"0\" \/><input type=\"hidden\" name=\"_wpcf7_posted_data_hash\" value=\"\" \/><input type=\"hidden\" name=\"_wpcf7_recaptcha_response\" value=\"\" \/>\n<\/fieldset>\n<h2><b>Nombre de la persona que completa el formulario<\/b>\n<\/h2>\n<p><label> *Nombre completo <span class=\"wpcf7-form-control-wrap\" data-name=\"your-fullname\"><input size=\"40\" maxlength=\"400\" class=\"wpcf7-form-control wpcf7-text wpcf7-validates-as-required\" autocomplete=\"name\" aria-required=\"true\" aria-invalid=\"false\" value=\"\" type=\"text\" name=\"your-fullname\" \/><\/span> <\/label>\n<\/p>\n<h2><b>Informaci\u00f3n del\/de los titular\/es de la p\u00f3liza<\/b>\n<\/h2>\n<p><label> *Nombre: <span class=\"wpcf7-form-control-wrap\" data-name=\"your-firstname\"><input size=\"40\" maxlength=\"400\" class=\"wpcf7-form-control wpcf7-text wpcf7-validates-as-required\" autocomplete=\"name\" aria-required=\"true\" aria-invalid=\"false\" value=\"\" type=\"text\" name=\"your-firstname\" \/><\/span> <\/label>\n<\/p>\n<p><label> *Apellido: <span class=\"wpcf7-form-control-wrap\" data-name=\"your-lastname\"><input size=\"40\" maxlength=\"400\" class=\"wpcf7-form-control wpcf7-text wpcf7-validates-as-required\" autocomplete=\"name\" aria-required=\"true\" aria-invalid=\"false\" value=\"\" type=\"text\" name=\"your-lastname\" \/><\/span> <\/label>\n<\/p>\n<p><label> *Tel\u00e9fono: <span class=\"wpcf7-form-control-wrap\" data-name=\"tel-420\"><input size=\"40\" maxlength=\"400\" class=\"wpcf7-form-control wpcf7-tel wpcf7-validates-as-required wpcf7-text wpcf7-validates-as-tel\" aria-required=\"true\" aria-invalid=\"false\" value=\"\" type=\"tel\" name=\"tel-420\" \/><\/span> <\/label>\n<\/p>\n<p><label> *Email: <span class=\"wpcf7-form-control-wrap\" data-name=\"your-email\"><input size=\"40\" maxlength=\"400\" class=\"wpcf7-form-control wpcf7-email wpcf7-validates-as-required wpcf7-text wpcf7-validates-as-email\" autocomplete=\"email\" aria-required=\"true\" aria-invalid=\"false\" value=\"\" type=\"email\" name=\"your-email\" \/><\/span> <\/label>\n<\/p>\n<h2><b>Agregue informaci\u00f3n del segundo titular de la p\u00f3liza, si corresponde <\/b>\n<\/h2>\n<p><label> Nombre: <span class=\"wpcf7-form-control-wrap\" data-name=\"second-firstname\"><input size=\"40\" maxlength=\"400\" class=\"wpcf7-form-control wpcf7-text\" autocomplete=\"name\" aria-invalid=\"false\" value=\"\" type=\"text\" name=\"second-firstname\" \/><\/span> <\/label>\n<\/p>\n<p><label> Apellido: <span class=\"wpcf7-form-control-wrap\" data-name=\"second-lastname\"><input size=\"40\" maxlength=\"400\" class=\"wpcf7-form-control wpcf7-text\" autocomplete=\"name\" aria-invalid=\"false\" value=\"\" type=\"text\" name=\"second-lastname\" \/><\/span> <\/label>\n<\/p>\n<p><label> Tel\u00e9fono: <span class=\"wpcf7-form-control-wrap\" data-name=\"secondtel-890\"><input size=\"40\" maxlength=\"400\" class=\"wpcf7-form-control wpcf7-tel wpcf7-text wpcf7-validates-as-tel\" aria-invalid=\"false\" value=\"\" type=\"tel\" name=\"secondtel-890\" \/><\/span> <\/label>\n<\/p>\n<p><label> Email: <span class=\"wpcf7-form-control-wrap\" data-name=\"second-email\"><input size=\"40\" maxlength=\"400\" class=\"wpcf7-form-control wpcf7-email wpcf7-text wpcf7-validates-as-email\" autocomplete=\"email\" aria-invalid=\"false\" value=\"\" type=\"email\" name=\"second-email\" \/><\/span> <\/label>\n<\/p>\n<h2><b>Informaci\u00f3n del contratista, si corresponde<\/b>\n<\/h2>\n<p><label> Nombre: <span class=\"wpcf7-form-control-wrap\" data-name=\"contractor-firstname\"><input size=\"40\" maxlength=\"400\" class=\"wpcf7-form-control wpcf7-text\" autocomplete=\"name\" aria-invalid=\"false\" value=\"\" type=\"text\" name=\"contractor-firstname\" \/><\/span> <\/label>\n<\/p>\n<p><label> Apellido: <span class=\"wpcf7-form-control-wrap\" data-name=\"contractor-lastname\"><input size=\"40\" maxlength=\"400\" class=\"wpcf7-form-control wpcf7-text\" autocomplete=\"name\" aria-invalid=\"false\" value=\"\" type=\"text\" name=\"contractor-lastname\" \/><\/span> <\/label>\n<\/p>\n<p><label> Tel\u00e9fono: <span class=\"wpcf7-form-control-wrap\" data-name=\"contractortel-851\"><input size=\"40\" maxlength=\"400\" class=\"wpcf7-form-control wpcf7-tel wpcf7-text wpcf7-validates-as-tel\" aria-invalid=\"false\" value=\"\" type=\"tel\" name=\"contractortel-851\" \/><\/span> <\/label>\n<\/p>\n<p><label> Email: <span class=\"wpcf7-form-control-wrap\" data-name=\"contractor-email\"><input size=\"40\" maxlength=\"400\" class=\"wpcf7-form-control wpcf7-email wpcf7-text wpcf7-validates-as-email\" autocomplete=\"email\" aria-invalid=\"false\" value=\"\" type=\"email\" name=\"contractor-email\" \/><\/span> <\/label>\n<\/p>\n<p><label> N\u00famero de licencia: <span class=\"wpcf7-form-control-wrap\" data-name=\"contractorlicense-message\"><input size=\"40\" maxlength=\"400\" class=\"wpcf7-form-control wpcf7-text\" aria-invalid=\"false\" value=\"\" type=\"text\" name=\"contractorlicense-message\" \/><\/span> <\/label><br \/>\nEsto nos ayuda a localizarlo en nuestro sistema.\n<\/p>\n<h2><b>Detalles del Siniestro<\/b>\n<\/h2>\n<p>*Dia del Siniestro:<span class=\"wpcf7-form-control-wrap\" data-name=\"lossdate-384\"><input class=\"wpcf7-form-control wpcf7-date wpcf7-validates-as-required wpcf7-validates-as-date\" aria-required=\"true\" aria-invalid=\"false\" value=\"\" type=\"date\" name=\"lossdate-384\" \/><\/span>\n<\/p>\n<p>*Tipo de da\u00f1o:<span class=\"wpcf7-form-control-wrap\" data-name=\"losstypeselect-404\"><select class=\"wpcf7-form-control wpcf7-select wpcf7-validates-as-required\" aria-required=\"true\" aria-invalid=\"false\" name=\"losstypeselect-404\"><option value=\"Viento\">Viento<\/option><option value=\"Granizo\">Granizo<\/option><option value=\"Viento &amp; Granizo\">Viento &amp; Granizo<\/option><option value=\"Agua\">Agua<\/option><option value=\"Fuego\">Fuego<\/option><option value=\"Inundaci\u00f3n\">Inundaci\u00f3n<\/option><option value=\"Objeto ca\u00eddo\">Objeto ca\u00eddo<\/option><option value=\"Hurac\u00e1n\">Hurac\u00e1n<\/option><\/select><\/span>\n<\/p>\n<p>*\u00c1reas da\u00f1adas:<br \/>\nMarque todas las que correspondan<br \/>\n<span class=\"wpcf7-form-control-wrap\" data-name=\"damagecheckbox-191\"><span class=\"wpcf7-form-control wpcf7-checkbox wpcf7-validates-as-required\"><span class=\"wpcf7-list-item first\"><label><input type=\"checkbox\" name=\"damagecheckbox-191[]\" value=\"Techo\" \/><span class=\"wpcf7-list-item-label\">Techo<\/span><\/label><\/span><span class=\"wpcf7-list-item\"><label><input type=\"checkbox\" name=\"damagecheckbox-191[]\" value=\"Exterior\" \/><span class=\"wpcf7-list-item-label\">Exterior<\/span><\/label><\/span><span class=\"wpcf7-list-item\"><label><input type=\"checkbox\" name=\"damagecheckbox-191[]\" value=\"Interior\" \/><span class=\"wpcf7-list-item-label\">Interior<\/span><\/label><\/span><span class=\"wpcf7-list-item\"><label><input type=\"checkbox\" name=\"damagecheckbox-191[]\" value=\"Tejas rotas\" \/><span class=\"wpcf7-list-item-label\">Tejas rotas<\/span><\/label><\/span><span class=\"wpcf7-list-item\"><label><input type=\"checkbox\" name=\"damagecheckbox-191[]\" value=\"Tejas agrietadas\" \/><span class=\"wpcf7-list-item-label\">Tejas agrietadas<\/span><\/label><\/span><span class=\"wpcf7-list-item\"><label><input type=\"checkbox\" name=\"damagecheckbox-191[]\" value=\"Tejas arrugadas\" \/><span class=\"wpcf7-list-item-label\">Tejas arrugadas<\/span><\/label><\/span><span class=\"wpcf7-list-item\"><label><input type=\"checkbox\" name=\"damagecheckbox-191[]\" value=\"Tejas levantadas\" \/><span class=\"wpcf7-list-item-label\">Tejas levantadas<\/span><\/label><\/span><span class=\"wpcf7-list-item\"><label><input type=\"checkbox\" name=\"damagecheckbox-191[]\" value=\"Tejas faltantes\" \/><span class=\"wpcf7-list-item-label\">Tejas faltantes<\/span><\/label><\/span><span class=\"wpcf7-list-item\"><label><input type=\"checkbox\" name=\"damagecheckbox-191[]\" value=\"Tejas rotas\" \/><span class=\"wpcf7-list-item-label\">Tejas rotas<\/span><\/label><\/span><span class=\"wpcf7-list-item\"><label><input type=\"checkbox\" name=\"damagecheckbox-191[]\" value=\"Ba\u00f1o\" \/><span class=\"wpcf7-list-item-label\">Ba\u00f1o<\/span><\/label><\/span><span class=\"wpcf7-list-item\"><label><input type=\"checkbox\" name=\"damagecheckbox-191[]\" value=\"Dormitorio 1\" \/><span class=\"wpcf7-list-item-label\">Dormitorio 1<\/span><\/label><\/span><span class=\"wpcf7-list-item\"><label><input type=\"checkbox\" name=\"damagecheckbox-191[]\" value=\"Dormitorio 2\" \/><span class=\"wpcf7-list-item-label\">Dormitorio 2<\/span><\/label><\/span><span class=\"wpcf7-list-item\"><label><input type=\"checkbox\" name=\"damagecheckbox-191[]\" value=\"Dormitorio 3\" \/><span class=\"wpcf7-list-item-label\">Dormitorio 3<\/span><\/label><\/span><span class=\"wpcf7-list-item\"><label><input type=\"checkbox\" name=\"damagecheckbox-191[]\" value=\"Dormitorio principal\" \/><span class=\"wpcf7-list-item-label\">Dormitorio principal<\/span><\/label><\/span><span class=\"wpcf7-list-item\"><label><input type=\"checkbox\" name=\"damagecheckbox-191[]\" value=\"Sala de estar\" \/><span class=\"wpcf7-list-item-label\">Sala de estar<\/span><\/label><\/span><span class=\"wpcf7-list-item\"><label><input type=\"checkbox\" name=\"damagecheckbox-191[]\" value=\"Comedor\" \/><span class=\"wpcf7-list-item-label\">Comedor<\/span><\/label><\/span><span class=\"wpcf7-list-item\"><label><input type=\"checkbox\" name=\"damagecheckbox-191[]\" value=\"Lavander\u00eda\" \/><span class=\"wpcf7-list-item-label\">Lavander\u00eda<\/span><\/label><\/span><span class=\"wpcf7-list-item\"><label><input type=\"checkbox\" name=\"damagecheckbox-191[]\" value=\"Garaje\" \/><span class=\"wpcf7-list-item-label\">Garaje<\/span><\/label><\/span><span class=\"wpcf7-list-item\"><label><input type=\"checkbox\" name=\"damagecheckbox-191[]\" value=\"Pasillo\" \/><span class=\"wpcf7-list-item-label\">Pasillo<\/span><\/label><\/span><span class=\"wpcf7-list-item\"><label><input type=\"checkbox\" name=\"damagecheckbox-191[]\" value=\"Oficina\" \/><span class=\"wpcf7-list-item-label\">Oficina<\/span><\/label><\/span><span class=\"wpcf7-list-item\"><label><input type=\"checkbox\" name=\"damagecheckbox-191[]\" value=\"Cocina\" \/><span class=\"wpcf7-list-item-label\">Cocina<\/span><\/label><\/span><span class=\"wpcf7-list-item\"><label><input type=\"checkbox\" name=\"damagecheckbox-191[]\" value=\"Gabinetes\" \/><span class=\"wpcf7-list-item-label\">Gabinetes<\/span><\/label><\/span><span class=\"wpcf7-list-item\"><label><input type=\"checkbox\" name=\"damagecheckbox-191[]\" value=\"Pisos\" \/><span class=\"wpcf7-list-item-label\">Pisos<\/span><\/label><\/span><span class=\"wpcf7-list-item\"><label><input type=\"checkbox\" name=\"damagecheckbox-191[]\" value=\"Ventanas\" \/><span class=\"wpcf7-list-item-label\">Ventanas<\/span><\/label><\/span><span class=\"wpcf7-list-item\"><label><input type=\"checkbox\" name=\"damagecheckbox-191[]\" value=\"Porche\" \/><span class=\"wpcf7-list-item-label\">Porche<\/span><\/label><\/span><span class=\"wpcf7-list-item\"><label><input type=\"checkbox\" name=\"damagecheckbox-191[]\" value=\"Mosquiteras\" \/><span class=\"wpcf7-list-item-label\">Mosquiteras<\/span><\/label><\/span><span class=\"wpcf7-list-item last\"><label><input type=\"checkbox\" name=\"damagecheckbox-191[]\" value=\"Cerca\" \/><span class=\"wpcf7-list-item-label\">Cerca<\/span><\/label><\/span><\/span><\/span>\n<\/p>\n<h2><b>Direccion de propiedad afectada<\/b>\n<\/h2>\n<p><label> *Direcci\u00f3n: <span class=\"wpcf7-form-control-wrap\" data-name=\"addresstextarea-968\"><textarea cols=\"40\" rows=\"10\" maxlength=\"2000\" class=\"wpcf7-form-control wpcf7-textarea wpcf7-validates-as-required\" aria-required=\"true\" aria-invalid=\"false\" name=\"addresstextarea-968\"><\/textarea><\/span> <\/label>\n<\/p>\n<p><label> *Ciudad: <span class=\"wpcf7-form-control-wrap\" data-name=\"citytext-892\"><input size=\"40\" maxlength=\"400\" class=\"wpcf7-form-control wpcf7-text wpcf7-validates-as-required\" aria-required=\"true\" aria-invalid=\"false\" value=\"\" type=\"text\" name=\"citytext-892\" \/><\/span> <\/label>\n<\/p>\n<p><label> *C\u00f3digo postal: <span class=\"wpcf7-form-control-wrap\" data-name=\"ziptext-221\"><input size=\"40\" maxlength=\"400\" class=\"wpcf7-form-control wpcf7-text\" aria-invalid=\"false\" value=\"\" type=\"text\" name=\"ziptext-221\" \/><\/span> <\/label>\n<\/p>\n<h2><b>Informaci\u00f3n del seguro<\/b>\n<\/h2>\n<p><label> *Compa\u00f1\u00eda aseguradora: <span class=\"wpcf7-form-control-wrap\" data-name=\"insurancetext-608\"><input size=\"40\" maxlength=\"400\" class=\"wpcf7-form-control wpcf7-text wpcf7-validates-as-required\" aria-required=\"true\" aria-invalid=\"false\" value=\"\" type=\"text\" name=\"insurancetext-608\" \/><\/span> <\/label>\n<\/p>\n<p><label> N\u00famero de p\u00f3liza: <span class=\"wpcf7-form-control-wrap\" data-name=\"policynumbertext-706\"><input size=\"40\" maxlength=\"400\" class=\"wpcf7-form-control wpcf7-text wpcf7-validates-as-required\" aria-required=\"true\" aria-invalid=\"false\" value=\"\" type=\"text\" name=\"policynumbertext-706\" \/><\/span> <\/label>\n<\/p>\n<p><label> N\u00famero de reclamaci\u00f3n (If applicable): <span class=\"wpcf7-form-control-wrap\" data-name=\"claimnumbertext-495\"><input size=\"40\" maxlength=\"400\" class=\"wpcf7-form-control wpcf7-text\" aria-invalid=\"false\" value=\"\" type=\"text\" name=\"claimnumbertext-495\" \/><\/span> <\/label>\n<\/p>\n<p>Estado del reclamo: <span class=\"wpcf7-form-control-wrap\" data-name=\"select-557\"><select class=\"wpcf7-form-control wpcf7-select\" aria-invalid=\"false\" name=\"select-557\"><option value=\"Other\">Other<\/option><option value=\"Nuevo\">Nuevo<\/option><option value=\"Suplemento\">Suplemento<\/option><option value=\"Negaci\u00f3n\">Negaci\u00f3n<\/option><\/select><\/span><br \/>\n<label> \u00bfHay algo m\u00e1s que debamos saber? <span class=\"wpcf7-form-control-wrap\" data-name=\"textarea-439\"><textarea cols=\"40\" rows=\"10\" maxlength=\"2000\" class=\"wpcf7-form-control wpcf7-textarea\" aria-invalid=\"false\" name=\"textarea-439\"><\/textarea><\/span> <\/label>\n<\/p>\n<h2><b>Carga de archivos<\/b>\n<\/h2>\n<p><span class=\"wpcf7-form-control-wrap\" data-name=\"your-file\"><input size=\"40\" class=\"wpcf7-form-control wpcf7-file\" accept=\".jpg,.jpeg,.png,.pdf,.doc\" aria-invalid=\"false\" type=\"file\" name=\"your-file\" \/><\/span><br \/>\nSeleccionar Archivo [ningun Archivo Seleccionado]<br \/>\n<span class=\"wpcf7-form-control-wrap\" data-name=\"your-file2\"><input size=\"40\" class=\"wpcf7-form-control wpcf7-file\" accept=\".jpg,.jpeg,.png,.pdf,.doc\" aria-invalid=\"false\" type=\"file\" name=\"your-file2\" \/><\/span><br \/>\nSeleccionar Archivo [ningun Archivo Seleccionado]<br \/>\nL\u00edmite de tama\u00f1o de archivo 5 MB cada uno\n<\/p>\n<p>\u00bfQu\u00e9 categor\u00eda describe mejor los archivos que se est\u00e1n cargando? <span class=\"wpcf7-form-control-wrap\" data-name=\"doctypeselect-903\"><select class=\"wpcf7-form-control wpcf7-select\" aria-invalid=\"false\" name=\"doctypeselect-903\"><option value=\"P\u00f3liza\">P\u00f3liza<\/option><option value=\"Fotos de da\u00f1os\">Fotos de da\u00f1os<\/option><option value=\"P\u00e1gina de declaraciones\">P\u00e1gina de declaraciones<\/option><option value=\"Carta de denegaci\u00f3n\">Carta de denegaci\u00f3n<\/option><option value=\"Documento de seguro\">Documento de seguro<\/option><option value=\"Presupuesto de seguro\">Presupuesto de seguro<\/option><option value=\"Contrato\">Contrato<\/option><option value=\"Otros\">Otros<\/option><\/select><\/span>\n<\/p>\n<p>*Importante<br \/>\nSi su p\u00f3liza de seguro est\u00e1 disponible, c\u00e1rguela aqu\u00ed. Esto agilizar\u00e1 su reclamaci\u00f3n. Si no est\u00e1 disponible, puede enviar una copia de su P\u00e1gina de Declaraci\u00f3n. Sin embargo, es importante que recibamos una copia de su p\u00f3liza de seguro lo antes posible despu\u00e9s de enviar el formulario para evitar demoras.\n<\/p>\n<p><input class=\"wpcf7-form-control wpcf7-submit has-spinner\" type=\"submit\" value=\"ENVIAR\" \/>\n<\/p><div class=\"wpcf7-response-output\" aria-hidden=\"true\"><\/div>\n<\/form>\n<\/div>\n[\/vc_column][\/vc_row]\n","protected":false},"excerpt":{"rendered":"<p>[vc_row][vc_column][vc_column_text]<br \/>\nFormulario de presentaci\u00f3n de nueva reclamaci\u00f3n<br \/>\n[\/vc_column_text]<\/p>\n<p role=\"status\" aria-live=\"polite\" aria-atomic=\"true\">\n<p>Nombre de la persona que completa el formulario<\/p>\n<p> *Nombre completo\n<\/p>\n<p>Informaci\u00f3n del\/de los titular\/es de la p\u00f3liza<\/p>\n<p> *Nombre:\n<\/p>\n<p> *Apellido:\n<\/p>\n<p> *Tel\u00e9fono:\n<\/p>\n<p> *Email:\n<\/p>\n<p>Agregue informaci\u00f3n del segundo titular de la p\u00f3liza, si corresponde <\/p>\n<p> Nombre:\n<\/p>\n<p> Apellido:\n<\/p>\n<p> Tel\u00e9fono:\n<\/p>\n<p> Email:\n<\/p>\n<p>Informaci\u00f3n del contratista, si corresponde<\/p>\n<p> Nombre:\n<\/p>\n<p> Apellido:\n<\/p>\n<p> Tel\u00e9fono:\n<\/p>\n<p> Email:\n<\/p>\n<p> N\u00famero de licencia:<br \/>\nEsto nos ayuda a localizarlo en nuestro sistema.\n<\/p>\n<p>Detalles del<\/p>\n","protected":false},"author":2,"featured_media":0,"parent":0,"menu_order":0,"comment_status":"closed","ping_status":"closed","template":"","meta":{"footnotes":""},"class_list":["post-2166","page","type-page","status-publish","hentry"],"_links":{"self":[{"href":"https:\/\/hdgpublicadjusters.com\/es\/wp-json\/wp\/v2\/pages\/2166","targetHints":{"allow":["GET"]}}],"collection":[{"href":"https:\/\/hdgpublicadjusters.com\/es\/wp-json\/wp\/v2\/pages"}],"about":[{"href":"https:\/\/hdgpublicadjusters.com\/es\/wp-json\/wp\/v2\/types\/page"}],"author":[{"embeddable":true,"href":"https:\/\/hdgpublicadjusters.com\/es\/wp-json\/wp\/v2\/users\/2"}],"replies":[{"embeddable":true,"href":"https:\/\/hdgpublicadjusters.com\/es\/wp-json\/wp\/v2\/comments?post=2166"}],"version-history":[{"count":7,"href":"https:\/\/hdgpublicadjusters.com\/es\/wp-json\/wp\/v2\/pages\/2166\/revisions"}],"predecessor-version":[{"id":2176,"href":"https:\/\/hdgpublicadjusters.com\/es\/wp-json\/wp\/v2\/pages\/2166\/revisions\/2176"}],"wp:attachment":[{"href":"https:\/\/hdgpublicadjusters.com\/es\/wp-json\/wp\/v2\/media?parent=2166"}],"curies":[{"name":"wp","href":"https:\/\/api.w.org\/{rel}","templated":true}]}}